{"id":3396,"date":"2015-07-08T16:39:57","date_gmt":"2015-07-08T14:39:57","guid":{"rendered":"https:\/\/www.creaearredanegozi.it\/?post_type=product&#038;p=3396"},"modified":"2023-07-03T19:49:32","modified_gmt":"2023-07-03T17:49:32","slug":"vakuumverpacker","status":"publish","type":"product","link":"https:\/\/www.creaearredanegozi.it\/de\/vakuumverpacker\/","title":{"rendered":"Tisch-Vakuumverpackungsmaschine bar 32 cm DVA-32 WAAGE"},"content":{"rendered":"<div>Die DVA professional ist eine Vakuumverpackungsmaschine mit einem digitalen Bedienfeld und einem 5-Zoll-Bildschirm mit zahlreichen Funktionen<\/div>\n<div>\n<ul>\n<li>% Vakuum-Programm<\/li>\n<li>leeres Programm in Sekunden<\/li>\n<li>Marinierprogramm<\/li>\n<li>Krustentierprogramm<\/li>\n<li>fl\u00fcssiges Programm<\/li>\n<\/ul>\n<p>FEATURES<br \/>\nAus rostfreiem Stahl, 5-Zoll-LCD-Bedienfeld, 20 speicherbare Programme, kabellos abnehmbare Siegelschienen zur einfachen Reinigung, transparente Plexiglasglocke, F\u00fcllb\u00f6den aus lebensmittelechtem Polyethylen, erm\u00f6glicht die Erzeugung von Vakuum f\u00fcr alle Arten von Produkten.<\/p>\n<ul>\n<li>Italienisches Design<\/li>\n<li>transparente Plexiglasglocke mit erh\u00f6hter Dicke, um alle Verarbeitungsschritte zu verfolgen<\/li>\n<li>abnehmbare Aluminium-Dichtleiste f\u00fcr einfache Reinigung<\/li>\n<li>lebensmittelechte Polyethylen-Tankf\u00fcllungstabletten<\/li>\n<li>Mikroprozessor-Steuerungssystem<\/li>\n<li>gro\u00dfes Display<\/li>\n<li>Arbeitszyklus anhalten<\/li>\n<\/ul>\n<\/div>\n<hr \/>\n<table>\n<tbody>\n<tr>\n<td style=\"width: 50%; height: 21px;\">Gr\u00f6\u00dfe<\/td>\n<td style=\"width: 50%; height: 21px;\">390X530x320 mm<\/td>\n<\/tr>\n<tr>\n<td style=\"width: 50%; height: 21px;\">Tankgr\u00f6\u00dfe<\/td>\n<td style=\"width: 50%; height: 21px;\">330X400X175 mm<\/td>\n<\/tr>\n<tr>\n<td style=\"width: 50%; height: 21px;\">Vakuumpumpe<\/td>\n<td style=\"width: 50%; height: 21px;\">8 mc\/h<\/td>\n<\/tr>\n<tr>\n<td style=\"width: 50%; height: 21px;\">Siegelstange<\/td>\n<td style=\"width: 50%; height: 21px;\">320 mm<\/td>\n<\/tr>\n<tr>\n<td style=\"width: 50%; height: 21px;\">Anzahl der Schwei\u00dfbalken<\/td>\n<td style=\"width: 50%; height: 21px;\">1<\/td>\n<\/tr>\n<tr>\n<td style=\"width: 50%; height: 21px;\">Befehle<\/td>\n<td style=\"width: 50%; height: 21px;\">DIGITAL<\/td>\n<\/tr>\n<tr>\n<td style=\"width: 50%; height: 21px;\">Sendungen<\/td>\n<td style=\"width: 50%; height: 21px;\">n\u00b0 20<\/td>\n<\/tr>\n<tr>\n<td style=\"width: 50%; height: 21px;\">Struktur<\/td>\n<td style=\"width: 50%; height: 21px;\">rostfreier Stahl AISI 304<\/td>\n<\/tr>\n<tr style=\"height: 21px;\">\n<td style=\"width: 50%; height: 21px;\">Spannung<\/td>\n<td style=\"width: 50%; height: 21px;\">220 V - 50 Hz<\/td>\n<\/tr>\n<tr>\n<td style=\"width: 50%;\">Absorption<\/td>\n<td style=\"width: 50%; height: 21px;\">800W<\/td>\n<\/tr>\n<tr>\n<td style=\"width: 50%;\">Max. Umschlaggr\u00f6\u00dfe<\/td>\n<td style=\"width: 50%;\">300\u00d7400 mm<\/td>\n<\/tr>\n<\/tbody>\n<\/table>\n<p>&nbsp;<\/p>","protected":false},"excerpt":{"rendered":"<p>La DVA professional \u00e8 una confezionatrice sottovuoto con pannello comandi digitale e schermo da 5 pollici con molteplici funzioni programma % di vuoto programma vuoto in secondi programma marinatura programma crostacei programma liquidi CARATTERISTICHE Realizzate in acciaio Inox, pannello comandi LCD 5 pollici 20 programmi memorizzabili, barre saldanti removibili senza fili per una maggiore pulizia, [&#8230;]","protected":false},"featured_media":123326,"comment_status":"closed","ping_status":"closed","template":"","meta":{"_monsterinsights_skip_tracking":false,"_monsterinsights_sitenote_active":false,"_monsterinsights_sitenote_note":"","_monsterinsights_sitenote_category":0},"product_brand":[],"product_cat":[14,106],"product_tag":[],"class_list":{"0":"post-3396","1":"product","2":"type-product","3":"status-publish","4":"has-post-thumbnail","6":"product_cat-confezionamento","7":"product_cat-sottovuoto","8":"product_shipping_class-32","10":"first","11":"instock","12":"taxable","13":"shipping-taxable","14":"purchasable","15":"product-type-simple"},"_links":{"self":[{"href":"https:\/\/www.creaearredanegozi.it\/de\/wp-json\/wp\/v2\/product\/3396","targetHints":{"allow":["GET"]}}],"collection":[{"href":"https:\/\/www.creaearredanegozi.it\/de\/wp-json\/wp\/v2\/product"}],"about":[{"href":"https:\/\/www.creaearredanegozi.it\/de\/wp-json\/wp\/v2\/types\/product"}],"replies":[{"embeddable":true,"href":"https:\/\/www.creaearredanegozi.it\/de\/wp-json\/wp\/v2\/comments?post=3396"}],"wp:featuredmedia":[{"embeddable":true,"href":"https:\/\/www.creaearredanegozi.it\/de\/wp-json\/wp\/v2\/media\/123326"}],"wp:attachment":[{"href":"https:\/\/www.creaearredanegozi.it\/de\/wp-json\/wp\/v2\/media?parent=3396"}],"wp:term":[{"taxonomy":"product_brand","embeddable":true,"href":"https:\/\/www.creaearredanegozi.it\/de\/wp-json\/wp\/v2\/product_brand?post=3396"},{"taxonomy":"product_cat","embeddable":true,"href":"https:\/\/www.creaearredanegozi.it\/de\/wp-json\/wp\/v2\/product_cat?post=3396"},{"taxonomy":"product_tag","embeddable":true,"href":"https:\/\/www.creaearredanegozi.it\/de\/wp-json\/wp\/v2\/product_tag?post=3396"}],"curies":[{"name":"wp","href":"https:\/\/api.w.org\/{rel}","templated":true}]}}