{"id":3401,"date":"2015-07-08T16:51:01","date_gmt":"2015-07-08T14:51:01","guid":{"rendered":"https:\/\/www.creaearredanegozi.it\/?post_type=product&#038;p=3401"},"modified":"2023-07-03T19:49:32","modified_gmt":"2023-07-03T17:49:32","slug":"confezionatrice-sottovuoto-dva-50-waage","status":"publish","type":"product","link":"https:\/\/www.creaearredanegozi.it\/de\/confezionatrice-sottovuoto-dva-50-waage\/","title":{"rendered":"Tisch-Vakuumverpackungsmaschine bar 50 cm DVA-50 WAAGE"},"content":{"rendered":"<div>\nDie DVA professional ist eine Vakuumverpackungsmaschine mit einem digitalen Bedienfeld und einem 5-Zoll-Bildschirm mit zahlreichen Funktionen\n<\/div>\n<div>\n<ul>\n<li><span>% Vakuum-Programm<\/span><\/li>\n<li><span>leeres Programm in Sekunden<\/span><\/li>\n<li><span>Marinierprogramm<\/span><\/li>\n<li><span>Krustentierprogramm<\/span><\/li>\n<li><span>fl\u00fcssiges Programm<\/span><\/li>\n<\/ul>\n<p>FEATURES<br \/>\nAus rostfreiem Stahl, 5-Zoll-LCD-Bedienfeld, 20 speicherbare Programme, kabellos abnehmbare Siegelschienen zur einfachen Reinigung, transparente Plexiglasglocke, F\u00fcllb\u00f6den aus lebensmittelechtem Polyethylen, erm\u00f6glicht die Erzeugung von Vakuum f\u00fcr alle Arten von Produkten.<\/p>\n<ul>\n<li>Italienisches Design<\/li>\n<li>transparente Plexiglasglocke mit erh\u00f6hter Dicke, um alle Verarbeitungsschritte zu verfolgen<\/li>\n<li>abnehmbare Aluminium-Dichtleiste f\u00fcr einfache Reinigung<\/li>\n<li>lebensmittelechte Polyethylen-Tankf\u00fcllungstabletten<\/li>\n<li>Mikroprozessor-Steuerungssystem<\/li>\n<li>gro\u00dfes Display<\/li>\n<li>Arbeitszyklus anhalten<\/li>\n<\/ul>\n<\/div>\n<hr>\n<table>\n<tbody>\n<tr>\n<td style=\"width: 50%; height: 21px;\">Gr\u00f6\u00dfe<\/td>\n<td style=\"width: 50%; height: 21px;\">612x667x370 mm<\/td>\n<\/tr>\n<tr>\n<td style=\"width: 50%; height: 21px;\">Tankgr\u00f6\u00dfe<\/td>\n<td style=\"width: 50%; height: 21px;\">512x549x200 mm<\/td>\n<\/tr>\n<tr>\n<td style=\"width: 50%; height: 21px;\">Vakuumpumpe<\/td>\n<td style=\"width: 50%; height: 21px;\">25 mc\/h<\/td>\n<\/tr>\n<tr>\n<td style=\"width: 50%; height: 21px;\">Siegelstange<\/td>\n<td style=\"width: 50%; height: 21px;\">510 mm<\/td>\n<\/tr>\n<tr>\n<td style=\"width: 50%; height: 21px;\">Anzahl der Schwei\u00dfbalken<\/td>\n<td style=\"width: 50%; height: 21px;\">1<\/td>\n<\/tr>\n<tr>\n<td style=\"width: 50%; height: 21px;\">Befehle<\/td>\n<td style=\"width: 50%; height: 21px;\">DIGITAL<\/td>\n<\/tr>\n<tr>\n<td style=\"width: 50%; height: 21px;\">Sendungen<\/td>\n<td style=\"width: 50%; height: 21px;\">n\u00b0 20<\/td>\n<\/tr>\n<tr>\n<td style=\"width: 50%; height: 21px;\">Struktur<\/td>\n<td style=\"width: 50%; height: 21px;\">rostfreier Stahl AISI 304<\/td>\n<\/tr>\n<tr style=\"height: 21px;\">\n<td style=\"width: 50%; height: 21px;\">Spannung<\/td>\n<td style=\"width: 50%; height: 21px;\">220 V - 50 Hz<\/td>\n<\/tr>\n<tr>\n<td style=\"width: 50%;\">Absorption<\/td>\n<td style=\"width: 50%; height: 21px;\">1500W<\/td>\n<\/tr>\n<tr>\n<td style=\"width: 50%;\">Max. Umschlaggr\u00f6\u00dfe<\/td>\n<td style=\"width: 50%;\">500&#215;550 mm<\/td>\n<\/tr>\n<\/tbody>\n<\/table>\n<p>&nbsp;<\/p>\n<p><strong>Optional<\/strong><\/p>\n<div>Inertes Gas<\/div>\n<div>Schneiden von Schrott<\/div>\n<div>Edelstahlwagen mit Lenkrollen<\/div>\n<div>Thermodrucker Druckgeschwindigkeit 80mm\/s auf Thermo- oder Linerless-Papier<\/div>","protected":false},"excerpt":{"rendered":"<p>La DVA professional \u00e8 una confezionatrice sottovuoto con pannello comandi digitale e schermo da 5 pollici con molteplici funzioni programma % di vuoto programma vuoto in secondi programma marinatura programma crostacei programma liquidi CARATTERISTICHE Realizzate in acciaio Inox, pannello comandi LCD 5 pollici 20 programmi memorizzabili, barre saldanti removibili senza fili per una maggiore pulizia, [&#8230;]","protected":false},"featured_media":123323,"comment_status":"closed","ping_status":"closed","template":"","meta":{"_monsterinsights_skip_tracking":false,"_monsterinsights_sitenote_active":false,"_monsterinsights_sitenote_note":"","_monsterinsights_sitenote_category":0},"product_brand":[735],"product_cat":[14,106],"product_tag":[],"class_list":{"0":"post-3401","1":"product","2":"type-product","3":"status-publish","4":"has-post-thumbnail","6":"product_brand-waage","7":"product_cat-confezionamento","8":"product_cat-sottovuoto","9":"product_shipping_class-33","11":"first","12":"instock","13":"taxable","14":"shipping-taxable","15":"purchasable","16":"product-type-simple"},"_links":{"self":[{"href":"https:\/\/www.creaearredanegozi.it\/de\/wp-json\/wp\/v2\/product\/3401","targetHints":{"allow":["GET"]}}],"collection":[{"href":"https:\/\/www.creaearredanegozi.it\/de\/wp-json\/wp\/v2\/product"}],"about":[{"href":"https:\/\/www.creaearredanegozi.it\/de\/wp-json\/wp\/v2\/types\/product"}],"replies":[{"embeddable":true,"href":"https:\/\/www.creaearredanegozi.it\/de\/wp-json\/wp\/v2\/comments?post=3401"}],"wp:featuredmedia":[{"embeddable":true,"href":"https:\/\/www.creaearredanegozi.it\/de\/wp-json\/wp\/v2\/media\/123323"}],"wp:attachment":[{"href":"https:\/\/www.creaearredanegozi.it\/de\/wp-json\/wp\/v2\/media?parent=3401"}],"wp:term":[{"taxonomy":"product_brand","embeddable":true,"href":"https:\/\/www.creaearredanegozi.it\/de\/wp-json\/wp\/v2\/product_brand?post=3401"},{"taxonomy":"product_cat","embeddable":true,"href":"https:\/\/www.creaearredanegozi.it\/de\/wp-json\/wp\/v2\/product_cat?post=3401"},{"taxonomy":"product_tag","embeddable":true,"href":"https:\/\/www.creaearredanegozi.it\/de\/wp-json\/wp\/v2\/product_tag?post=3401"}],"curies":[{"name":"wp","href":"https:\/\/api.w.org\/{rel}","templated":true}]}}