{"id":3405,"date":"2015-07-08T16:56:28","date_gmt":"2015-07-08T14:56:28","guid":{"rendered":"https:\/\/www.creaearredanegozi.it\/?post_type=product&#038;p=3405"},"modified":"2023-07-03T19:49:32","modified_gmt":"2023-07-03T17:49:32","slug":"vakuumverpackungsmaschine-dva-920-waage","status":"publish","type":"product","link":"https:\/\/www.creaearredanegozi.it\/de\/vakuumverpackungsmaschine-dva-920-waage\/","title":{"rendered":"Elektronische Doppelkammer-Vakuumverpackungsmaschine f\u00fcr gro\u00dfe Mengen"},"content":{"rendered":"<p><strong>Elektronische Doppelkammer-Vakuumverpackungsmaschine f\u00fcr gro\u00dfe Mengen<\/strong><\/p>\n<ul>\n<li>Italienisches Design<\/li>\n<li>Maschinenstruktur aus rostfreiem Stahl<\/li>\n<li><strong>Plexiglas-Glocke<\/strong> transparent \"thermogeformt\", mit erh\u00f6hter Dicke, um alle Verarbeitungsschritte zu verfolgen<\/li>\n<li>Leicht abnehmbare Aluminium-Dichtleiste f\u00fcr einfache Reinigung<\/li>\n<li>Abf\u00fclltabletten aus lebensmittelechtem Polyethylen - Mikroprozessorsteuerung - Gro\u00dfes Display<\/li>\n<li>20 speicherbare Programme<\/li>\n<li>Vakuumzeit 0 - 99 %<\/li>\n<li>Zus\u00e4tzliche Vakuumzeit 0 - 60 Sek.<\/li>\n<li>Gaszeit 0 - 30 Sek.<\/li>\n<li>Schwei\u00dfzeit 0,5 - 7 sec.<\/li>\n<li>20 STOP UND VAC Programme f\u00fcr Fl\u00fcssigkeiten<\/li>\n<li>Zyklusz\u00e4hler<\/li>\n<li>Tagesgangz\u00e4hler<\/li>\n<li>Motorlaufzeit<\/li>\n<li>Maschinenservice-Warnsignal<\/li>\n<li>Heizung<\/li>\n<li>Arbeitszyklus anhalten<\/li>\n<li>(Optional) Thermodrucker mit LINERNESS Haftpapier.<\/li>\n<\/ul>\n<hr \/>\n<p><strong>Technische Daten<\/strong><\/p>\n<hr \/>\n<div class=\"table-responsive\">\n<table class=\"table table-striped\" width=\"100%\">\n<thead>\n<tr>\n<th>Spezifikation<\/th>\n<th>Wert<\/th>\n<\/tr>\n<\/thead>\n<tbody>\n<tr>\n<td>Gesamtabmessungen:<\/td>\n<td>1060X687X910 mm<\/td>\n<\/tr>\n<tr>\n<td>Gr\u00f6\u00dfe der Zimmer:<\/td>\n<td>935X555X220 mm<\/td>\n<\/tr>\n<tr>\n<td>Vakuumpumpe:<\/td>\n<td>100 mc\/h<\/td>\n<\/tr>\n<tr>\n<td>Dichtungsleiste:<\/td>\n<td>Nr. 2 920 mm<\/td>\n<\/tr>\n<tr>\n<td>Befehle:<\/td>\n<td>DIGITALES LCD<\/td>\n<\/tr>\n<tr>\n<td>Sendungen:<\/td>\n<td>N\u00b0 20<\/td>\n<\/tr>\n<tr>\n<td>Struktur :<\/td>\n<td>AISI 304 EDELSTAHL<\/td>\n<\/tr>\n<tr>\n<td>Anspannung:<\/td>\n<td>380V - 50 Hz<\/td>\n<\/tr>\n<tr>\n<td>Macht:<\/td>\n<td>2500 W<\/td>\n<\/tr>\n<\/tbody>\n<\/table>\n<\/div>\n<hr \/>\n<p><strong>Bar Konfiguration<\/strong><\/p>\n<hr \/>\n<p><img decoding=\"async\" class=\"immresp aligncenter wp-image-8574 size-medium\" src=\"https:\/\/www.creaearredanegozi.it\/wp-content\/uploads\/2015\/07\/Barra-920dva920-500x500.jpg\" alt=\"\" width=\"500\" height=\"500\" title=\"\" srcset=\"https:\/\/www.creaearredanegozi.it\/wp-content\/uploads\/2015\/07\/Barra-920dva920-500x500.jpg 500w, https:\/\/www.creaearredanegozi.it\/wp-content\/uploads\/2015\/07\/Barra-920dva920-250x250.jpg 250w, https:\/\/www.creaearredanegozi.it\/wp-content\/uploads\/2015\/07\/Barra-920dva920-100x100.jpg 100w, https:\/\/www.creaearredanegozi.it\/wp-content\/uploads\/2015\/07\/Barra-920dva920-516x516.jpg 516w, https:\/\/www.creaearredanegozi.it\/wp-content\/uploads\/2015\/07\/Barra-920dva920-64x64.jpg 64w, https:\/\/www.creaearredanegozi.it\/wp-content\/uploads\/2015\/07\/Barra-920dva920-200x200.jpg 200w, https:\/\/www.creaearredanegozi.it\/wp-content\/uploads\/2015\/07\/Barra-920dva920-560x560.jpg 560w, https:\/\/www.creaearredanegozi.it\/wp-content\/uploads\/2015\/07\/Barra-920dva920-400x400.jpg 400w, https:\/\/www.creaearredanegozi.it\/wp-content\/uploads\/2015\/07\/Barra-920dva920.jpg 601w\" sizes=\"(max-width: 500px) 100vw, 500px\" \/><\/p>","protected":false},"excerpt":{"rendered":"<p>Confezionatrice sottovuoto a campana doppia barra saldante elettronica per grandi volumi Design Italiano Struttura Macchina in acciaio inox Campana in plexglass &#8220;termoformato&#8221; trasparente, con spessore maggiorato, per seguire tutte le fasi della lavorazione Barra saldante in alluminio facilmente rimovibili per una maggiore pulizia Tavolette di riempimento vasca in polietilene alimentare \u2013 Sistema di controllo a [&#8230;]","protected":false},"featured_media":123331,"comment_status":"closed","ping_status":"closed","template":"","meta":{"_monsterinsights_skip_tracking":false,"_monsterinsights_sitenote_active":false,"_monsterinsights_sitenote_note":"","_monsterinsights_sitenote_category":0},"product_brand":[735],"product_cat":[14,106],"product_tag":[211],"class_list":{"0":"post-3405","1":"product","2":"type-product","3":"status-publish","4":"has-post-thumbnail","6":"product_brand-waage","7":"product_cat-confezionamento","8":"product_cat-sottovuoto","9":"product_tag-spedizione-gratuita","11":"first","12":"instock","13":"sale","14":"taxable","15":"shipping-taxable","16":"purchasable","17":"product-type-simple"},"_links":{"self":[{"href":"https:\/\/www.creaearredanegozi.it\/de\/wp-json\/wp\/v2\/product\/3405","targetHints":{"allow":["GET"]}}],"collection":[{"href":"https:\/\/www.creaearredanegozi.it\/de\/wp-json\/wp\/v2\/product"}],"about":[{"href":"https:\/\/www.creaearredanegozi.it\/de\/wp-json\/wp\/v2\/types\/product"}],"replies":[{"embeddable":true,"href":"https:\/\/www.creaearredanegozi.it\/de\/wp-json\/wp\/v2\/comments?post=3405"}],"wp:featuredmedia":[{"embeddable":true,"href":"https:\/\/www.creaearredanegozi.it\/de\/wp-json\/wp\/v2\/media\/123331"}],"wp:attachment":[{"href":"https:\/\/www.creaearredanegozi.it\/de\/wp-json\/wp\/v2\/media?parent=3405"}],"wp:term":[{"taxonomy":"product_brand","embeddable":true,"href":"https:\/\/www.creaearredanegozi.it\/de\/wp-json\/wp\/v2\/product_brand?post=3405"},{"taxonomy":"product_cat","embeddable":true,"href":"https:\/\/www.creaearredanegozi.it\/de\/wp-json\/wp\/v2\/product_cat?post=3405"},{"taxonomy":"product_tag","embeddable":true,"href":"https:\/\/www.creaearredanegozi.it\/de\/wp-json\/wp\/v2\/product_tag?post=3405"}],"curies":[{"name":"wp","href":"https:\/\/api.w.org\/{rel}","templated":true}]}}