{"id":3473,"date":"2015-07-10T09:45:59","date_gmt":"2015-07-10T07:45:59","guid":{"rendered":"https:\/\/www.creaearredanegozi.it\/?post_type=product&#038;p=3473"},"modified":"2025-01-16T18:02:17","modified_gmt":"2025-01-16T17:02:17","slug":"filomarket-display-stand","status":"publish","type":"product","link":"https:\/\/www.creaearredanegozi.it\/de\/filomarket-display-stand\/","title":{"rendered":"Filomarket 4-K\u00f6rbe-St\u00e4nder"},"content":{"rendered":"<p>Verzinktes Display, ideal f\u00fcr die Platzierung vor dem Kassenbereich oder f\u00fcr einen einfachen Standortwechsel.<br \/>\nausgestattet mit 4 K\u00f6rben<\/p>\n<p>Abmessungen (mm): 506 x 450 x H. 1100<\/p>\n<p>F\u00fc\u00dfe: 40 mm Durchmesser<\/p>\n<hr \/>\n<p>&nbsp;<\/p>\n<p>&nbsp;<\/p>","protected":false},"excerpt":{"rendered":"<p>Espositore Zincato ideale per essere posizionato davanti ai banchi cassa o per esposizione di facile ricollocazione. dotato di 4 cesti Dimensioni (mm): 506 x 450 x H. 1100 Piedi: diametro 40 mm &nbsp; &nbsp;<\/p>","protected":false},"featured_media":124439,"comment_status":"closed","ping_status":"closed","template":"","meta":{"_monsterinsights_skip_tracking":false,"_monsterinsights_sitenote_active":false,"_monsterinsights_sitenote_note":"","_monsterinsights_sitenote_category":0},"product_brand":[],"product_cat":[104,29],"product_tag":[],"class_list":{"0":"post-3473","1":"product","2":"type-product","3":"status-publish","4":"has-post-thumbnail","6":"product_cat-cesteespositori","7":"product_cat-cesteria-e-carrelli","8":"product_shipping_class-744","9":"pa_marca-imola-filo","11":"first","12":"instock","13":"taxable","14":"shipping-taxable","15":"purchasable","16":"product-type-simple"},"_links":{"self":[{"href":"https:\/\/www.creaearredanegozi.it\/de\/wp-json\/wp\/v2\/product\/3473","targetHints":{"allow":["GET"]}}],"collection":[{"href":"https:\/\/www.creaearredanegozi.it\/de\/wp-json\/wp\/v2\/product"}],"about":[{"href":"https:\/\/www.creaearredanegozi.it\/de\/wp-json\/wp\/v2\/types\/product"}],"replies":[{"embeddable":true,"href":"https:\/\/www.creaearredanegozi.it\/de\/wp-json\/wp\/v2\/comments?post=3473"}],"wp:featuredmedia":[{"embeddable":true,"href":"https:\/\/www.creaearredanegozi.it\/de\/wp-json\/wp\/v2\/media\/124439"}],"wp:attachment":[{"href":"https:\/\/www.creaearredanegozi.it\/de\/wp-json\/wp\/v2\/media?parent=3473"}],"wp:term":[{"taxonomy":"product_brand","embeddable":true,"href":"https:\/\/www.creaearredanegozi.it\/de\/wp-json\/wp\/v2\/product_brand?post=3473"},{"taxonomy":"product_cat","embeddable":true,"href":"https:\/\/www.creaearredanegozi.it\/de\/wp-json\/wp\/v2\/product_cat?post=3473"},{"taxonomy":"product_tag","embeddable":true,"href":"https:\/\/www.creaearredanegozi.it\/de\/wp-json\/wp\/v2\/product_tag?post=3473"}],"curies":[{"name":"wp","href":"https:\/\/api.w.org\/{rel}","templated":true}]}}