{"id":3484,"date":"2015-07-10T10:49:13","date_gmt":"2015-07-10T08:49:13","guid":{"rendered":"https:\/\/www.creaearredanegozi.it\/?post_type=product&#038;p=3484"},"modified":"2025-02-19T18:23:35","modified_gmt":"2025-02-19T17:23:35","slug":"filomarkt-stil-wagen","status":"publish","type":"product","link":"https:\/\/www.creaearredanegozi.it\/de\/filomarkt-stil-wagen\/","title":{"rendered":"Style Draht Einkaufswagen 125 Lt Filomarket"},"content":{"rendered":"<p><strong>Wagen mit Drahtkorb und Sockel, ausgestattet mit Kunststoffzubeh\u00f6r.<\/strong><\/p>\n<ul>\n<li>Fassungsverm\u00f6gen: 125 l<\/li>\n<li>Version mit Baby Board<\/li>\n<li>Farbe Kunststoffzubeh\u00f6r: Rot<\/li>\n<li>Rad-\u00d8: 125 mm<\/li>\n<li>Abmessungen (B x T x H): 880x 510x 1040 mm<\/li>\n<li>Tragf\u00e4higkeit: Max. 125 kg<\/li>\n<\/ul>\n<p>Vorteile der Verwendung des Draht-Einkaufswagens<\/p>\n<ol>\n<li><strong>Leichtigkeit<\/strong>Leicht zu man\u00f6vrieren und zu transportieren.<\/li>\n<li><strong>Dauerhaftigkeit<\/strong>: Stark und haltbar, f\u00fcr schwere Lasten ausgelegt.<\/li>\n<li><strong>Sichtbarkeit<\/strong>Die offene Struktur erleichtert den \u00dcberblick \u00fcber den Inhalt, die Organisation der Ausgaben und die so genannte<strong>sozialer Beweis Inspirierend'<\/strong>Produkte in anderen Warenk\u00f6rben zu sehen, kann zu Kaufentscheidungen anregen.<\/li>\n<li><strong>Leichte Reinigung<\/strong>Oberfl\u00e4che leicht sauber zu halten.<\/li>\n<li><strong>Leichte Lagerung<\/strong>Kompaktes Design, das bei Nichtgebrauch Platz sparend gestapelt werden kann.<\/li>\n<li><strong>Vielseitigkeit<\/strong>: Geeignet f\u00fcr verschiedene Arten von Eink\u00e4ufen, von Lebensmitteln bis hin zu Haushaltsartikeln.<\/li>\n<li><strong>Handhabung<\/strong>Leichtg\u00e4ngige R\u00e4der erm\u00f6glichen eine einfache Bewegung in Gesch\u00e4ften.<\/li>\n<li><strong>Korrosionsbest\u00e4ndigkeit<\/strong>Die Drahtwagen sind korrosionsbest\u00e4ndig behandelt, was ihre Langlebigkeit erh\u00f6ht.<\/li>\n<li><strong>Erschwinglichkeit<\/strong>Mehr Langlebigkeit bedeutet auch mehr Einsparungen.<\/li>\n<li><strong>Stabilit\u00e4t<\/strong>Robuste Konstruktion gew\u00e4hrleistet Stabilit\u00e4t auch bei schweren Lasten.<\/li>\n<\/ol>\n<hr \/>\n<p><img decoding=\"async\" class=\"alignnone wp-image-124619 size-full\" src=\"https:\/\/www.creaearredanegozi.it\/wp-content\/uploads\/2015\/07\/Misure_carrello_125lt.jpg\" alt=\"\" width=\"100%\" height=\"auto\" title=\"\" srcset=\"https:\/\/www.creaearredanegozi.it\/wp-content\/uploads\/2015\/07\/Misure_carrello_125lt.jpg 606w, https:\/\/www.creaearredanegozi.it\/wp-content\/uploads\/2015\/07\/Misure_carrello_125lt-516x397.jpg 516w, https:\/\/www.creaearredanegozi.it\/wp-content\/uploads\/2015\/07\/Misure_carrello_125lt-64x49.jpg 64w, https:\/\/www.creaearredanegozi.it\/wp-content\/uploads\/2015\/07\/Misure_carrello_125lt-520x400.jpg 520w\" sizes=\"(max-width: 606px) 100vw, 606px\" \/><\/p>","protected":false},"excerpt":{"rendered":"<p>Carrello con cesto e base in filo metallico, dotato di accessori in plastica. Capacit\u00e0: 125 lt Versione con Sponda porta baby Colore accessori plastici: Rossi \u00d8 Ruote: 125 mm Dimensioni (L x P x H): 880x 510x 1040 mm Portata: Max 125 kg Vantaggi dell&#8217;uso del carrello in filo metallico per la spesa: Leggerezza: Facile [&#8230;]","protected":false},"featured_media":124616,"comment_status":"closed","ping_status":"closed","template":"","meta":{"_monsterinsights_skip_tracking":false,"_monsterinsights_sitenote_active":false,"_monsterinsights_sitenote_note":"","_monsterinsights_sitenote_category":0},"product_brand":[772],"product_cat":[103,29],"product_tag":[],"class_list":{"0":"post-3484","1":"product","2":"type-product","3":"status-publish","4":"has-post-thumbnail","6":"product_brand-crea-e-arreda-negozi","7":"product_cat-carrellicestelli","8":"product_cat-cesteria-e-carrelli","9":"product_shipping_class-m","10":"pa_marca-imola-filo","12":"first","13":"instock","14":"taxable","15":"shipping-taxable","16":"purchasable","17":"product-type-simple"},"_links":{"self":[{"href":"https:\/\/www.creaearredanegozi.it\/de\/wp-json\/wp\/v2\/product\/3484","targetHints":{"allow":["GET"]}}],"collection":[{"href":"https:\/\/www.creaearredanegozi.it\/de\/wp-json\/wp\/v2\/product"}],"about":[{"href":"https:\/\/www.creaearredanegozi.it\/de\/wp-json\/wp\/v2\/types\/product"}],"replies":[{"embeddable":true,"href":"https:\/\/www.creaearredanegozi.it\/de\/wp-json\/wp\/v2\/comments?post=3484"}],"wp:featuredmedia":[{"embeddable":true,"href":"https:\/\/www.creaearredanegozi.it\/de\/wp-json\/wp\/v2\/media\/124616"}],"wp:attachment":[{"href":"https:\/\/www.creaearredanegozi.it\/de\/wp-json\/wp\/v2\/media?parent=3484"}],"wp:term":[{"taxonomy":"product_brand","embeddable":true,"href":"https:\/\/www.creaearredanegozi.it\/de\/wp-json\/wp\/v2\/product_brand?post=3484"},{"taxonomy":"product_cat","embeddable":true,"href":"https:\/\/www.creaearredanegozi.it\/de\/wp-json\/wp\/v2\/product_cat?post=3484"},{"taxonomy":"product_tag","embeddable":true,"href":"https:\/\/www.creaearredanegozi.it\/de\/wp-json\/wp\/v2\/product_tag?post=3484"}],"curies":[{"name":"wp","href":"https:\/\/api.w.org\/{rel}","templated":true}]}}