{"id":3512,"date":"2015-07-11T09:01:51","date_gmt":"2015-07-11T07:01:51","guid":{"rendered":"https:\/\/www.creaearredanegozi.it\/?post_type=product&#038;p=3512"},"modified":"2025-12-07T03:41:02","modified_gmt":"2025-12-07T02:41:02","slug":"professionelle-kuhltruhe-2c-8c-kuhlschrank-650-lt-beluftet-gn2-1-furcar-gn650tn","status":"publish","type":"product","link":"https:\/\/www.creaearredanegozi.it\/de\/professionelle-kuhltruhe-2c-8c-kuhlschrank-650-lt-beluftet-gn2-1-furcar-gn650tn\/","title":{"rendered":"Profi-K\u00fchlschrank -2\u00b0C\/+8\u00b0C gek\u00fchlt 650 Lt bel\u00fcftet GN2\/1 Forcar G-GN650TN"},"content":{"rendered":"<h3 style=\"text-align: left;\">Professionelles K\u00fchlregal 650 Lt bel\u00fcftet GN2\/1 Forcar G-GN650TN<\/h3>\n<p><strong>GN2\/1 BEL\u00dcFTETE K\u00dcHLSCHR\u00c4NKE G-GN650TN<\/strong><\/p>\n<p>K\u00fchlm\u00f6bel aus Edelstahl AISI 304 GN2\/1. Bel\u00fcftete K\u00fchlung. Eingebautes Ger\u00e4t. Verdeckter Verdampfer f\u00fcr maximalen Platzbedarf. Motorraum mit isolierten Seiten.<\/p>\n<p>Elektronische Temperaturregelung mit digitalem Thermostat. Elektrische Heizung um den T\u00fcrrahmen zur Vermeidung von Kondenswasser. Automatische Abtauung mit elektrischem Heizelement und automatischer Abtautemperaturregelung. Automatische Verdunstung von Kondenswasser.<\/p>\n<p>Verdampfer mit Korrosionsschutzbehandlung. T\u00fcr mit R\u00fcckholfeder und reversibel. T\u00fcrschloss mit Schl\u00fcssel. T\u00fcrdichtung ohne Werkzeug abnehmbar. Innenbeleuchtung. Boden mit abgerundeten Ecken. \u00c4u\u00dfere Boden- und R\u00fcckwand aus verzinktem Blech.<\/p>\n<p>H\u00f6henverstellbare F\u00fc\u00dfe aus Edelstahl AISI 304.<\/p>\n<hr \/>\n<table style=\"border-collapse: collapse; width: 100%;\">\n<tbody>\n<tr>\n<td style=\"width: 50%;\">TECHNISCHE DATEN<\/td>\n<td style=\"width: 50%;\"><strong>G-GN650TN<\/strong><\/td>\n<\/tr>\n<tr>\n<td style=\"width: 50%;\">Arbeitstemperatur<\/td>\n<td style=\"width: 50%;\">-2\u00b0C \/ +8\u00b0C<\/td>\n<\/tr>\n<tr>\n<td style=\"width: 50%;\">\u00c4u\u00dfere Abmessungen<\/td>\n<td style=\"width: 50%;\">740 x 830 x 2010(h) mm<\/td>\n<\/tr>\n<tr>\n<td style=\"width: 50%;\">Innere Abmessungen<\/td>\n<td style=\"width: 50%;\">624 x 685 x 1396(h) mm<\/td>\n<\/tr>\n<tr>\n<td style=\"width: 50%;\">Kapazit\u00e4t<\/td>\n<td style=\"width: 50%;\">650 Liter<\/td>\n<\/tr>\n<tr>\n<td style=\"width: 50%;\">Maximale Arbeitstemperatur<\/td>\n<td style=\"width: 50%;\">+32\u00b0C \/ 55%HR<\/td>\n<\/tr>\n<tr>\n<td style=\"width: 50%;\">Art der K\u00fchlung<\/td>\n<td style=\"width: 50%;\">Bel\u00fcftet<\/td>\n<\/tr>\n<tr>\n<td style=\"width: 50%;\">Art der Abtauung<\/td>\n<td style=\"width: 50%;\">Automatisch<\/td>\n<\/tr>\n<tr>\n<td style=\"width: 50%;\">Art des K\u00e4ltemittelgases<\/td>\n<td style=\"width: 50%;\">R290<\/td>\n<\/tr>\n<tr>\n<td style=\"width: 50%;\">Kondenswasserverdunstung<\/td>\n<td style=\"width: 50%;\">Automatisch<\/td>\n<\/tr>\n<tr>\n<td style=\"width: 50%;\">Temperaturkontrolle<\/td>\n<td style=\"width: 50%;\">Elektronisch<\/td>\n<\/tr>\n<tr>\n<td style=\"width: 50%;\">Isolierung (mm)<\/td>\n<td style=\"width: 50%;\">60<\/td>\n<\/tr>\n<tr>\n<td style=\"width: 50%;\">Absorption (W)<\/td>\n<td style=\"width: 50%;\">315<\/td>\n<\/tr>\n<tr>\n<td style=\"width: 50%;\">Spannung<\/td>\n<td style=\"width: 50%;\">230V \/ 50Hz<\/td>\n<\/tr>\n<tr>\n<td style=\"width: 50%;\">Baumaterial<\/td>\n<td style=\"width: 50%;\"><strong>Rostfreier Stahl AISI 304<\/strong><\/td>\n<\/tr>\n<tr>\n<td style=\"width: 50%;\">Umkehrung der T\u00fcr<\/td>\n<td style=\"width: 50%;\">Ja<\/td>\n<\/tr>\n<tr>\n<td style=\"width: 50%;\">Innenbeleuchtung<\/td>\n<td style=\"width: 50%;\">Ja<\/td>\n<\/tr>\n<tr>\n<td style=\"width: 50%;\">Mitgeliefertes Zubeh\u00f6r<\/td>\n<td style=\"width: 50%;\">3 GN2\/1-Gitter - 3 Schienenpaare<\/td>\n<\/tr>\n<tr>\n<td style=\"width: 50%;\">Energieklasse<\/td>\n<td style=\"width: 50%;\">C<\/td>\n<\/tr>\n<tr>\n<td style=\"width: 50%;\">Nettogewicht (kg)<\/td>\n<td style=\"width: 50%;\">134 kg<\/td>\n<\/tr>\n<tr>\n<td style=\"width: 50%;\">Bruttogewicht (kg)<\/td>\n<td style=\"width: 50%;\">153 kg<\/td>\n<\/tr>\n<\/tbody>\n<\/table>\n<p>&nbsp;<\/p>","protected":false},"excerpt":{"rendered":"<p>Armadio Refrigerato Professionale Frigo 650 Lt Ventilato GN2\/1 Forcar G-GN650TN ARMADI REFRIGERATI GN2\/1 VENTILATI G-GN650TN Armadio refrigerato GN2\/1 in acciaio inox AISI 304. Refrigerazione ventilata. Gruppo incorporato. Evaporatore posizionato a scomparsa in modo da avere massimo spazio disponibile. Vano motore con fianchi coibentati. Controllo temperatura elettronico con termostato digitale. Resistenza elettrica intorno alla cornice porta [&#8230;]","protected":false},"featured_media":124333,"comment_status":"closed","ping_status":"closed","template":"","meta":{"_monsterinsights_skip_tracking":false,"_monsterinsights_sitenote_active":false,"_monsterinsights_sitenote_note":"","_monsterinsights_sitenote_category":0},"product_brand":[624],"product_cat":[69,27,653],"product_tag":[],"class_list":{"0":"post-3512","1":"product","2":"type-product","3":"status-publish","4":"has-post-thumbnail","6":"product_brand-forcar","7":"product_cat-armadi-refrigerati","8":"product_cat-armadi-e-tavoli-refrigerati","9":"product_cat-refrigerazione","10":"product_shipping_class-45","11":"pa_classe-energetica-classe-c","13":"first","14":"instock","15":"taxable","16":"shipping-taxable","17":"purchasable","18":"product-type-simple"},"_links":{"self":[{"href":"https:\/\/www.creaearredanegozi.it\/de\/wp-json\/wp\/v2\/product\/3512","targetHints":{"allow":["GET"]}}],"collection":[{"href":"https:\/\/www.creaearredanegozi.it\/de\/wp-json\/wp\/v2\/product"}],"about":[{"href":"https:\/\/www.creaearredanegozi.it\/de\/wp-json\/wp\/v2\/types\/product"}],"replies":[{"embeddable":true,"href":"https:\/\/www.creaearredanegozi.it\/de\/wp-json\/wp\/v2\/comments?post=3512"}],"wp:featuredmedia":[{"embeddable":true,"href":"https:\/\/www.creaearredanegozi.it\/de\/wp-json\/wp\/v2\/media\/124333"}],"wp:attachment":[{"href":"https:\/\/www.creaearredanegozi.it\/de\/wp-json\/wp\/v2\/media?parent=3512"}],"wp:term":[{"taxonomy":"product_brand","embeddable":true,"href":"https:\/\/www.creaearredanegozi.it\/de\/wp-json\/wp\/v2\/product_brand?post=3512"},{"taxonomy":"product_cat","embeddable":true,"href":"https:\/\/www.creaearredanegozi.it\/de\/wp-json\/wp\/v2\/product_cat?post=3512"},{"taxonomy":"product_tag","embeddable":true,"href":"https:\/\/www.creaearredanegozi.it\/de\/wp-json\/wp\/v2\/product_tag?post=3512"}],"curies":[{"name":"wp","href":"https:\/\/api.w.org\/{rel}","templated":true}]}}