{"id":3518,"date":"2015-07-11T09:37:20","date_gmt":"2015-07-11T07:37:20","guid":{"rendered":"https:\/\/www.creaearredanegozi.it\/?post_type=product&#038;p=3518"},"modified":"2025-12-07T03:41:02","modified_gmt":"2025-12-07T02:41:02","slug":"kuhlregal-gn2-1-professional-1325l-beluftet-18c-22c-forcar-gn1410bt","status":"publish","type":"product","link":"https:\/\/www.creaearredanegozi.it\/de\/kuhlregal-gn2-1-professional-1325l-beluftet-18c-22c-forcar-gn1410bt\/","title":{"rendered":"GN2\/1 Profi-K\u00fchlschrank 1325L bel\u00fcftet -18\u00b0C\/-22\u00b0C Forcar G-GN1410BT"},"content":{"rendered":"<h3>1325L Professionelle K\u00fchltruhe bel\u00fcftet -18\u00b0C\/-22\u00b0C Forcar<\/h3>\n<p><strong>GN2\/1 BEL\u00dcFTETE K\u00dcHLSCHR\u00c4NKE G-GN1410BT<\/strong><\/p>\n<p>K\u00fchlm\u00f6bel aus Edelstahl AISI 304 GN2\/1. Bel\u00fcftete K\u00fchlung. Eingebautes Ger\u00e4t. Verdeckter Verdampfer f\u00fcr maximalen Platzbedarf. Motorraum mit isolierten Seiten. Elektronische Temperaturregelung mit digitalem Thermostat. Elektrische Heizung um den T\u00fcrrahmen zur Vermeidung von Kondenswasser. Automatische Abtauung mit elektrischem Heizelement und automatischer Abtautemperaturregelung. Automatische Verdunstung des Kondenswassers.<br \/>\nVerdampfer mit Korrosionsschutzbehandlung. T\u00fcr mit R\u00fcckholfeder und reversibel. T\u00fcrschloss mit Schl\u00fcssel. T\u00fcrdichtung ohne Werkzeug abnehmbar. Innenbeleuchtung. Boden mit abgerundeten Ecken. \u00c4u\u00dfere Boden- und R\u00fcckwand aus verzinktem Blech.<br \/>\nH\u00f6henverstellbare F\u00fc\u00dfe aus Edelstahl AISI 304.<\/p>\n<p>&nbsp;<\/p>\n<table style=\"border-collapse: collapse; width: 100%;\">\n<tbody>\n<tr>\n<td style=\"width: 50%;\">TECHNISCHE DATEN<\/td>\n<td style=\"width: 50%;\"><strong>G-GN1410BT<\/strong><\/td>\n<\/tr>\n<tr>\n<td style=\"width: 50%;\">Arbeitstemperatur<\/td>\n<td style=\"width: 50%;\">-18\u00b0C \/ -22\u00b0C<\/td>\n<\/tr>\n<tr>\n<td style=\"width: 50%;\">\u00c4u\u00dfere Abmessungen<\/td>\n<td style=\"width: 50%;\">1480 x 830 x 2010(h) mm<\/td>\n<\/tr>\n<tr>\n<td style=\"width: 50%;\">Innere Abmessungen<\/td>\n<td style=\"width: 50%;\">1360 x 685 x 1390(h) mm<\/td>\n<\/tr>\n<tr>\n<td style=\"width: 50%;\">Kapazit\u00e4t<\/td>\n<td style=\"width: 50%;\">1325 Liter<\/td>\n<\/tr>\n<tr>\n<td style=\"width: 50%;\">Maximale Arbeitstemperatur<\/td>\n<td style=\"width: 50%;\">+32\u00b0C \/ 55%HR<\/td>\n<\/tr>\n<tr>\n<td style=\"width: 50%;\">Art der K\u00fchlung<\/td>\n<td style=\"width: 50%;\">Bel\u00fcftet<\/td>\n<\/tr>\n<tr>\n<td style=\"width: 50%;\">Art der Abtauung<\/td>\n<td style=\"width: 50%;\">Elektrisch<\/td>\n<\/tr>\n<tr>\n<td style=\"width: 50%;\">Art des K\u00e4ltemittelgases<\/td>\n<td style=\"width: 50%;\">R290<\/td>\n<\/tr>\n<tr>\n<td style=\"width: 50%;\">Kondenswasserverdunstung<\/td>\n<td style=\"width: 50%;\">Automatisch<\/td>\n<\/tr>\n<tr>\n<td style=\"width: 50%;\">Temperaturkontrolle<\/td>\n<td style=\"width: 50%;\">Elektronisch<\/td>\n<\/tr>\n<tr>\n<td style=\"width: 50%;\">Isolierung (mm)<\/td>\n<td style=\"width: 50%;\">60<\/td>\n<\/tr>\n<tr>\n<td style=\"width: 50%;\">Absorption (W)<\/td>\n<td style=\"width: 50%;\">730<\/td>\n<\/tr>\n<tr>\n<td style=\"width: 50%;\">Spannung<\/td>\n<td style=\"width: 50%;\">230V \/ 50Hz<\/td>\n<\/tr>\n<tr>\n<td style=\"width: 50%;\">Baumaterial<\/td>\n<td style=\"width: 50%;\"><strong>Rostfreier Stahl AISI 304<\/strong><\/td>\n<\/tr>\n<tr>\n<td style=\"width: 50%;\">Umkehrung der T\u00fcr<\/td>\n<td style=\"width: 50%;\">Nein<\/td>\n<\/tr>\n<tr>\n<td style=\"width: 50%;\">Innenbeleuchtung<\/td>\n<td style=\"width: 50%;\">Ja<\/td>\n<\/tr>\n<tr>\n<td style=\"width: 50%;\">Mitgeliefertes Zubeh\u00f6r<\/td>\n<td style=\"width: 50%;\">6 GN2\/1-Gitter - 6 Paare von Dias<\/td>\n<\/tr>\n<tr>\n<td style=\"width: 50%;\">Energieklasse<\/td>\n<td style=\"width: 50%;\">D<\/td>\n<\/tr>\n<tr>\n<td style=\"width: 50%;\">Nettogewicht (kg)<\/td>\n<td style=\"width: 50%;\">208 kg<\/td>\n<\/tr>\n<tr>\n<td style=\"width: 50%;\">Bruttogewicht (kg)<\/td>\n<td style=\"width: 50%;\">235 kg<\/td>\n<\/tr>\n<\/tbody>\n<\/table>","protected":false},"excerpt":{"rendered":"<p>Armadio Refrigerato Professionale 1325L Ventilato -18\u00b0C\/-22\u00b0C Forcar ARMADI REFRIGERATI GN2\/1 VENTILATI G-GN1410BT Armadio refrigerato GN2\/1 in acciaio inox AISI 304. Refrigerazione ventilata. Gruppo incorporato. Evaporatore posizionato a scomparsa in modo da avere massimo spazio disponibile. Vano motore con fianchi coibentati. Controllo temperatura elettronico con termostato digitale. Resistenza elettrica intorno alla cornice porta per eliminazione della [&#8230;]","protected":false},"featured_media":124342,"comment_status":"closed","ping_status":"closed","template":"","meta":{"_monsterinsights_skip_tracking":false,"_monsterinsights_sitenote_active":false,"_monsterinsights_sitenote_note":"","_monsterinsights_sitenote_category":0},"product_brand":[624],"product_cat":[69,27,653],"product_tag":[],"class_list":{"0":"post-3518","1":"product","2":"type-product","3":"status-publish","4":"has-post-thumbnail","6":"product_brand-forcar","7":"product_cat-armadi-refrigerati","8":"product_cat-armadi-e-tavoli-refrigerati","9":"product_cat-refrigerazione","10":"product_shipping_class-375","11":"pa_classe-energetica-classe-d","13":"first","14":"instock","15":"taxable","16":"shipping-taxable","17":"purchasable","18":"product-type-simple"},"_links":{"self":[{"href":"https:\/\/www.creaearredanegozi.it\/de\/wp-json\/wp\/v2\/product\/3518","targetHints":{"allow":["GET"]}}],"collection":[{"href":"https:\/\/www.creaearredanegozi.it\/de\/wp-json\/wp\/v2\/product"}],"about":[{"href":"https:\/\/www.creaearredanegozi.it\/de\/wp-json\/wp\/v2\/types\/product"}],"replies":[{"embeddable":true,"href":"https:\/\/www.creaearredanegozi.it\/de\/wp-json\/wp\/v2\/comments?post=3518"}],"wp:featuredmedia":[{"embeddable":true,"href":"https:\/\/www.creaearredanegozi.it\/de\/wp-json\/wp\/v2\/media\/124342"}],"wp:attachment":[{"href":"https:\/\/www.creaearredanegozi.it\/de\/wp-json\/wp\/v2\/media?parent=3518"}],"wp:term":[{"taxonomy":"product_brand","embeddable":true,"href":"https:\/\/www.creaearredanegozi.it\/de\/wp-json\/wp\/v2\/product_brand?post=3518"},{"taxonomy":"product_cat","embeddable":true,"href":"https:\/\/www.creaearredanegozi.it\/de\/wp-json\/wp\/v2\/product_cat?post=3518"},{"taxonomy":"product_tag","embeddable":true,"href":"https:\/\/www.creaearredanegozi.it\/de\/wp-json\/wp\/v2\/product_tag?post=3518"}],"curies":[{"name":"wp","href":"https:\/\/api.w.org\/{rel}","templated":true}]}}