{"id":3522,"date":"2015-07-11T09:53:08","date_gmt":"2015-07-11T07:53:08","guid":{"rendered":"https:\/\/www.creaearredanegozi.it\/?post_type=product&#038;p=3522"},"modified":"2025-12-07T03:41:03","modified_gmt":"2025-12-07T02:41:03","slug":"kuhlschrank-gn2-1-professional-507l-beluftet-furcar-gnv1200dt","status":"publish","type":"product","link":"https:\/\/www.creaearredanegozi.it\/de\/kuhlschrank-gn2-1-professional-507l-beluftet-furcar-gnv1200dt\/","title":{"rendered":"TN\/BT 507L + 507L Bel\u00fcftetes GN2\/1 Profi-K\u00fchlm\u00f6bel f\u00fcr Auto G-GNV1200DT"},"content":{"rendered":"<h3>K\u00fchlregal GN2\/1 Professional Doppelte Temperatur bel\u00fcftet Forcar<\/h3>\n<p><strong>GN2\/1 BEL\u00dcFTETE K\u00dcHLM\u00d6BEL G-GNV1200DT<\/strong> K\u00fchlm\u00f6bel aus Edelstahl AISI 304 GN2\/1. Bel\u00fcftete K\u00fchlung. Eingebautes Ger\u00e4t. Verdeckter Verdampfer f\u00fcr maximalen Platzbedarf. Motorraum mit isolierten Seiten. Elektronische Temperaturregelung mit digitalem Thermostat. Elektrische Heizung um den T\u00fcrrahmen zur Vermeidung von Kondenswasser. Automatische Abtauung mit elektrischem Heizelement und automatischer Abtautemperaturregelung. Automatische Verdunstung des Kondenswassers. Korrosionsgesch\u00fctzter Verdampfer. T\u00fcr mit R\u00fcckholfeder und umkehrbar. T\u00fcrschloss mit Schl\u00fcssel. T\u00fcrdichtung ohne Werkzeug abnehmbar. Innenbeleuchtung. Boden mit abgerundeten Ecken. Au\u00dfenboden und R\u00fcckwand aus verzinktem Blech. H\u00f6henverstellbare F\u00fc\u00dfe aus rostfreiem Stahl AISI 304. \u00a0<\/p>\n<table style=\"border-collapse: collapse;width: 100%;height: 443px\">\n<tbody>\n<tr style=\"height: 21px\">\n<td style=\"width: 50%;height: 21px\">TECHNISCHE DATEN<\/td>\n<td style=\"width: 50%;height: 21px\"><strong>G-GNV1200DT<\/strong><\/td>\n<\/tr>\n<tr style=\"height: 43px\">\n<td style=\"width: 50%;height: 43px\">Arbeitstemperatur<\/td>\n<td style=\"width: 50%;height: 43px\">-2\u00b0C \/ +8\u00b0C \u00b0 -18\u00b0C \/ -22\u00b0C<\/td>\n<\/tr>\n<tr style=\"height: 21px\">\n<td style=\"width: 50%;height: 21px\">\u00c4u\u00dfere Abmessungen<\/td>\n<td style=\"width: 50%;height: 21px\">1340 x 830 x 2010(h) mm<\/td>\n<\/tr>\n<tr style=\"height: 43px\">\n<td style=\"width: 50%;height: 43px\">Innere Abmessungen<\/td>\n<td style=\"width: 50%;height: 43px\">530 x 650 x 1386(h) mm 530 x 650 x 1386(h) mm<\/td>\n<\/tr>\n<tr style=\"height: 21px\">\n<td style=\"width: 50%;height: 21px\">Kapazit\u00e4t<\/td>\n<td style=\"width: 50%;height: 21px\">507 L \/ 507 L<\/td>\n<\/tr>\n<tr style=\"height: 21px\">\n<td style=\"width: 50%;height: 21px\">Maximale Arbeitstemperatur<\/td>\n<td style=\"width: 50%;height: 21px\">+32\u00b0C \/ 55%HR<\/td>\n<\/tr>\n<tr style=\"height: 21px\">\n<td style=\"width: 50%;height: 21px\">Art der K\u00fchlung<\/td>\n<td style=\"width: 50%;height: 21px\">Bel\u00fcftet<\/td>\n<\/tr>\n<tr style=\"height: 21px\">\n<td style=\"width: 50%;height: 21px\">Art der Abtauung<\/td>\n<td style=\"width: 50%;height: 21px\">Elektrisch<\/td>\n<\/tr>\n<tr style=\"height: 21px\">\n<td style=\"width: 50%;height: 21px\">Art des K\u00e4ltemittelgases<\/td>\n<td style=\"width: 50%;height: 21px\">TN R290 \/ BT R290<\/td>\n<\/tr>\n<tr style=\"height: 21px\">\n<td style=\"width: 50%;height: 21px\">Kondenswasserverdunstung<\/td>\n<td style=\"width: 50%;height: 21px\">Automatisch<\/td>\n<\/tr>\n<tr style=\"height: 21px\">\n<td style=\"width: 50%;height: 21px\">Temperaturkontrolle<\/td>\n<td style=\"width: 50%;height: 21px\">Elektronisch<\/td>\n<\/tr>\n<tr style=\"height: 21px\">\n<td style=\"width: 50%;height: 21px\">Isolierung (mm)<\/td>\n<td style=\"width: 50%;height: 21px\">60<\/td>\n<\/tr>\n<tr style=\"height: 21px\">\n<td style=\"width: 50%;height: 21px\">Absorption (W)<\/td>\n<td style=\"width: 50%;height: 21px\">TN 255 W \/ BT 750 W<\/td>\n<\/tr>\n<tr style=\"height: 21px\">\n<td style=\"width: 50%;height: 21px\">Spannung<\/td>\n<td style=\"width: 50%;height: 21px\">230V \/ 50Hz<\/td>\n<\/tr>\n<tr style=\"height: 21px\">\n<td style=\"width: 50%;height: 21px\">Baumaterial<\/td>\n<td style=\"width: 50%;height: 21px\"><strong>Rostfreier Stahl AISI 304<\/strong><\/td>\n<\/tr>\n<tr style=\"height: 21px\">\n<td style=\"width: 50%;height: 21px\">Umkehrung der T\u00fcr<\/td>\n<td style=\"width: 50%;height: 21px\">Nein<\/td>\n<\/tr>\n<tr style=\"height: 21px\">\n<td style=\"width: 50%;height: 21px\">Innenbeleuchtung<\/td>\n<td style=\"width: 50%;height: 21px\">Nein<\/td>\n<\/tr>\n<tr style=\"height: 21px\">\n<td style=\"width: 50%;height: 21px\">Mitgeliefertes Zubeh\u00f6r<\/td>\n<td style=\"width: 50%;height: 21px\">6 GN2\/1-Gitter - 6 Paare von Dias<\/td>\n<\/tr>\n<tr style=\"height: 21px\">\n<td style=\"width: 50%;height: 21px\">Nettogewicht (kg)<\/td>\n<td style=\"width: 50%;height: 21px\">195 kg<\/td>\n<\/tr>\n<\/tbody>\n<\/table>","protected":false},"excerpt":{"rendered":"<p>Armadio Refrigerato GN2\/1 Professionale doppia temperatura Ventilato Forcar ARMADI REFRIGERATI GN2\/1 VENTILATI G-GNV1200DT Armadio refrigerato GN2\/1 in acciaio inox AISI 304. Refrigerazione ventilata. Gruppo incorporato. Evaporatore posizionato a scomparsa in modo da avere massimo spazio disponibile. Vano motore con fianchi coibentati. Controllo temperatura elettronico con termostato digitale. Resistenza elettrica intorno alla cornice porta per eliminazione [&#8230;]","protected":false},"featured_media":124357,"comment_status":"closed","ping_status":"closed","template":"","meta":{"_monsterinsights_skip_tracking":false,"_monsterinsights_sitenote_active":false,"_monsterinsights_sitenote_note":"","_monsterinsights_sitenote_category":0},"product_brand":[624],"product_cat":[69,27,653],"product_tag":[],"class_list":{"0":"post-3522","1":"product","2":"type-product","3":"status-publish","4":"has-post-thumbnail","6":"product_brand-forcar","7":"product_cat-armadi-refrigerati","8":"product_cat-armadi-e-tavoli-refrigerati","9":"product_cat-refrigerazione","10":"product_shipping_class-373","12":"first","13":"instock","14":"taxable","15":"shipping-taxable","16":"purchasable","17":"product-type-simple"},"_links":{"self":[{"href":"https:\/\/www.creaearredanegozi.it\/de\/wp-json\/wp\/v2\/product\/3522","targetHints":{"allow":["GET"]}}],"collection":[{"href":"https:\/\/www.creaearredanegozi.it\/de\/wp-json\/wp\/v2\/product"}],"about":[{"href":"https:\/\/www.creaearredanegozi.it\/de\/wp-json\/wp\/v2\/types\/product"}],"replies":[{"embeddable":true,"href":"https:\/\/www.creaearredanegozi.it\/de\/wp-json\/wp\/v2\/comments?post=3522"}],"wp:featuredmedia":[{"embeddable":true,"href":"https:\/\/www.creaearredanegozi.it\/de\/wp-json\/wp\/v2\/media\/124357"}],"wp:attachment":[{"href":"https:\/\/www.creaearredanegozi.it\/de\/wp-json\/wp\/v2\/media?parent=3522"}],"wp:term":[{"taxonomy":"product_brand","embeddable":true,"href":"https:\/\/www.creaearredanegozi.it\/de\/wp-json\/wp\/v2\/product_brand?post=3522"},{"taxonomy":"product_cat","embeddable":true,"href":"https:\/\/www.creaearredanegozi.it\/de\/wp-json\/wp\/v2\/product_cat?post=3522"},{"taxonomy":"product_tag","embeddable":true,"href":"https:\/\/www.creaearredanegozi.it\/de\/wp-json\/wp\/v2\/product_tag?post=3522"}],"curies":[{"name":"wp","href":"https:\/\/api.w.org\/{rel}","templated":true}]}}