{"id":3524,"date":"2015-07-11T09:57:33","date_gmt":"2015-07-11T07:57:33","guid":{"rendered":"https:\/\/www.creaearredanegozi.it\/?post_type=product&#038;p=3524"},"modified":"2025-12-07T03:41:03","modified_gmt":"2025-12-07T02:41:03","slug":"kuhlmobel-gn2-1-professionell-2c-8c-statisch-furcar-gn600tn","status":"publish","type":"product","link":"https:\/\/www.creaearredanegozi.it\/de\/kuhlmobel-gn2-1-professionell-2c-8c-statisch-furcar-gn600tn\/","title":{"rendered":"GN2\/1 Professionelles K\u00fchlregal +2\u00b0C\/+8\u00b0C Statisch Forcar G-GN600TN"},"content":{"rendered":"<h3>GN2\/1 Professionelles K\u00fchlregal +2\u00b0C\/+8\u00b0C Statisch Forcar<\/h3>\n<p><strong>GN2\/1 STATISCHE K\u00dcHLTRUHEN G-GN600TN<\/strong><\/p>\n<p>K\u00fchlm\u00f6bel aus rostfreiem Stahl AISI 304 GN 2\/1. Statische K\u00fchlung mit Ventilator und internem Luftf\u00f6rderer f\u00fcr gleichm\u00e4\u00dfige Temperaturverteilung. Ger\u00e4t im oberen Fach eingebaut. Motorraum mit isolierten Seiten. Elektronische Temperaturregelung mit digitalem Thermostat. Elektrische Heizung um den T\u00fcrrahmen zur Kondensatbeseitigung. Kondenswasserabfuhr durch Becken. T\u00fcr mit Federr\u00fcckzug und reversibel. T\u00fcrschloss mit Schl\u00fcssel. T\u00fcrdichtung ohne Werkzeug abnehmbar. Boden mit abgerundeten Ecken. \u00c4u\u00dfere Boden- und R\u00fcckw\u00e4nde aus verzinktem Blech. H\u00f6henverstellbare F\u00fc\u00dfe aus rostfreiem Stahl AISI 304.<\/p>\n<table style=\"border-collapse: collapse; width: 100%;\">\n<tbody>\n<tr>\n<td style=\"width: 50%;\">TECHNISCHE DATEN<\/td>\n<td style=\"width: 50%;\"><strong>G-GNV600TN<\/strong><\/td>\n<\/tr>\n<tr>\n<td style=\"width: 50%;\">Arbeitstemperatur<\/td>\n<td style=\"width: 50%;\">+2\u00b0C \/ +8\u00b0C<\/td>\n<\/tr>\n<tr>\n<td style=\"width: 50%;\">\u00c4u\u00dfere Abmessungen<\/td>\n<td style=\"width: 50%;\">680 x 810 x 2010(h) mm<\/td>\n<\/tr>\n<tr>\n<td style=\"width: 50%;\">Innere Abmessungen<\/td>\n<td style=\"width: 50%;\">560 x 653 x 1386(h) mm<\/td>\n<\/tr>\n<tr>\n<td style=\"width: 50%;\">Kapazit\u00e4t<\/td>\n<td style=\"width: 50%;\">507 L<\/td>\n<\/tr>\n<tr>\n<td style=\"width: 50%;\">Maximale Arbeitstemperatur<\/td>\n<td style=\"width: 50%;\">+32\u00b0C \/ 55%HR<\/td>\n<\/tr>\n<tr>\n<td style=\"width: 50%;\">Art der K\u00fchlung<\/td>\n<td style=\"width: 50%;\">Statik<\/td>\n<\/tr>\n<tr>\n<td style=\"width: 50%;\">Art der Abtauung<\/td>\n<td style=\"width: 50%;\">ein Zwischenstopp<\/td>\n<\/tr>\n<tr>\n<td style=\"width: 50%;\">Art des K\u00e4ltemittelgases<\/td>\n<td style=\"width: 50%;\">R290<\/td>\n<\/tr>\n<tr>\n<td style=\"width: 50%;\">Kondenswasserverdunstung<\/td>\n<td style=\"width: 50%;\">Sammeltank<\/td>\n<\/tr>\n<tr>\n<td style=\"width: 50%;\">Temperaturkontrolle<\/td>\n<td style=\"width: 50%;\">Elektronisch<\/td>\n<\/tr>\n<tr>\n<td style=\"width: 50%;\">Isolierung (mm)<\/td>\n<td style=\"width: 50%;\">60<\/td>\n<\/tr>\n<tr>\n<td style=\"width: 50%;\">Absorption (W)<\/td>\n<td style=\"width: 50%;\">260 W<\/td>\n<\/tr>\n<tr>\n<td style=\"width: 50%;\">Spannung<\/td>\n<td style=\"width: 50%;\">230V \/ 50Hz<\/td>\n<\/tr>\n<tr>\n<td style=\"width: 50%;\">Baumaterial<\/td>\n<td style=\"width: 50%;\"><strong>Rostfreier Stahl AISI 304<\/strong><\/td>\n<\/tr>\n<tr>\n<td style=\"width: 50%;\">Umkehrung der T\u00fcr<\/td>\n<td style=\"width: 50%;\">Ja<\/td>\n<\/tr>\n<tr>\n<td style=\"width: 50%;\">Innenbeleuchtung<\/td>\n<td style=\"width: 50%;\">Nein<\/td>\n<\/tr>\n<tr>\n<td style=\"width: 50%;\">Mitgeliefertes Zubeh\u00f6r<\/td>\n<td style=\"width: 50%;\">3 GN2\/1-Gitter - 3 Schienenpaare<\/td>\n<\/tr>\n<tr>\n<td style=\"width: 50%;\">Nettogewicht (kg)<\/td>\n<td style=\"width: 50%;\">135 kg<\/td>\n<\/tr>\n<\/tbody>\n<\/table>","protected":false},"excerpt":{"rendered":"<p>Armadio Refrigerato GN2\/1 Professionale +2\u00b0C\/+8\u00b0C Statico Forcar ARMADI REFRIGERATI GN2\/1 STATICI G-GN600TN Armadio refrigerato GN 2\/1 in acciaio inox AISI 304. Refrigerazione statica con ventilatore e convogliatore d\u2019aria interno per uniformare la temperatura. Gruppo incorporato in vano superiore. Vano motore con fianchi coibentati. Controllo temperatura elettronico con termostato digitale. Resistenza elettrica intorno alla cornice porta [&#8230;]","protected":false},"featured_media":124359,"comment_status":"closed","ping_status":"closed","template":"","meta":{"_monsterinsights_skip_tracking":false,"_monsterinsights_sitenote_active":false,"_monsterinsights_sitenote_note":"","_monsterinsights_sitenote_category":0},"product_brand":[624],"product_cat":[69,27,653],"product_tag":[],"class_list":{"0":"post-3524","1":"product","2":"type-product","3":"status-publish","4":"has-post-thumbnail","6":"product_brand-forcar","7":"product_cat-armadi-refrigerati","8":"product_cat-armadi-e-tavoli-refrigerati","9":"product_cat-refrigerazione","10":"product_shipping_class-m","11":"pa_classe-energetica-classe-c","13":"first","14":"instock","15":"taxable","16":"shipping-taxable","17":"purchasable","18":"product-type-simple"},"_links":{"self":[{"href":"https:\/\/www.creaearredanegozi.it\/de\/wp-json\/wp\/v2\/product\/3524","targetHints":{"allow":["GET"]}}],"collection":[{"href":"https:\/\/www.creaearredanegozi.it\/de\/wp-json\/wp\/v2\/product"}],"about":[{"href":"https:\/\/www.creaearredanegozi.it\/de\/wp-json\/wp\/v2\/types\/product"}],"replies":[{"embeddable":true,"href":"https:\/\/www.creaearredanegozi.it\/de\/wp-json\/wp\/v2\/comments?post=3524"}],"wp:featuredmedia":[{"embeddable":true,"href":"https:\/\/www.creaearredanegozi.it\/de\/wp-json\/wp\/v2\/media\/124359"}],"wp:attachment":[{"href":"https:\/\/www.creaearredanegozi.it\/de\/wp-json\/wp\/v2\/media?parent=3524"}],"wp:term":[{"taxonomy":"product_brand","embeddable":true,"href":"https:\/\/www.creaearredanegozi.it\/de\/wp-json\/wp\/v2\/product_brand?post=3524"},{"taxonomy":"product_cat","embeddable":true,"href":"https:\/\/www.creaearredanegozi.it\/de\/wp-json\/wp\/v2\/product_cat?post=3524"},{"taxonomy":"product_tag","embeddable":true,"href":"https:\/\/www.creaearredanegozi.it\/de\/wp-json\/wp\/v2\/product_tag?post=3524"}],"curies":[{"name":"wp","href":"https:\/\/api.w.org\/{rel}","templated":true}]}}