{"id":3536,"date":"2015-07-11T10:45:30","date_gmt":"2015-07-11T08:45:30","guid":{"rendered":"https:\/\/www.creaearredanegozi.it\/?post_type=product&#038;p=3536"},"modified":"2025-12-07T03:41:03","modified_gmt":"2025-12-07T02:41:03","slug":"professionelle-statische-gekuhlte-saladette-mit-polyethylenplatte-furcar-g-s900","status":"publish","type":"product","link":"https:\/\/www.creaearredanegozi.it\/de\/professionelle-statische-gekuhlte-saladette-mit-polyethylenplatte-furcar-g-s900\/","title":{"rendered":"Professionelle statisch gek\u00fchlte Saladette Professionelle Polyethylenplatte Forcar G-S900"},"content":{"rendered":"<p><strong>Professionelle statisch gek\u00fchlte Saladette Professionelle Polyethylenplatte Forcar G-S900<\/strong><\/p>\n<p>Gek\u00fchlte Salatbar. Konstruktion aus rostfreiem Stahl AISI 304. Automatische Abtauung. Dreiseitig gesch\u00e4umter Verdampfer mit Ventilator. Teleskopisch zu \u00f6ffnender Deckel, Arbeitsfl\u00e4che aus lebensmittelechtem Polyethylen. Ein Zwischengitter pro T\u00fcr. Elektronischer Thermostat. Becken ausgeschlossen. Nr. 1 GN 1\/1 Gitter pro T\u00fcr.<\/p>\n<p>Mit Polyethylenplatte.<\/p>\n<table style=\"border-collapse: collapse; width: 100%;\">\n<tbody>\n<tr>\n<td style=\"width: 50%;\">Produkt<\/td>\n<td style=\"width: 50%;\"><strong>G-S900<\/strong><\/td>\n<\/tr>\n<tr>\n<td style=\"width: 50%;\">Arbeitstemperatur<\/td>\n<td style=\"width: 50%;\">+2\u00b0 +8\u00b0C<\/td>\n<\/tr>\n<tr>\n<td style=\"width: 50%;\">\u00c4u\u00dfere Abmessungen<\/td>\n<td style=\"width: 50%;\">900 x 700 x 850(h) mm<\/td>\n<\/tr>\n<tr>\n<td style=\"width: 50%;\">Innere Abmessungen<\/td>\n<td style=\"width: 50%;\">830 x 530 x 500(h) mm<\/td>\n<\/tr>\n<tr>\n<td style=\"width: 50%;\">Kapazit\u00e4t<\/td>\n<td style=\"width: 50%;\">2x GN1\/1+3 x GN1\/6 - 240 L<\/td>\n<\/tr>\n<tr>\n<td style=\"width: 50%;\">Max. Arbeitstemperatur<\/td>\n<td style=\"width: 50%;\">+32\u00b0C \/ 55%HR<\/td>\n<\/tr>\n<tr>\n<td style=\"width: 50%;\">Art der K\u00fchlung<\/td>\n<td style=\"width: 50%;\">Statik<\/td>\n<\/tr>\n<tr>\n<td style=\"width: 50%;\">Art der Abtauung<\/td>\n<td style=\"width: 50%;\">ein Zwischenstopp<\/td>\n<\/tr>\n<tr>\n<td style=\"width: 50%;\">Art des K\u00e4ltemittelgases<\/td>\n<td style=\"width: 50%;\">R600a<\/td>\n<\/tr>\n<tr>\n<td style=\"width: 50%;\">Kondenswasserverdunstung<\/td>\n<td style=\"width: 50%;\">automatisch<\/td>\n<\/tr>\n<tr>\n<td style=\"width: 50%;\">Temperaturkontrolle<\/td>\n<td style=\"width: 50%;\">elektronisch<\/td>\n<\/tr>\n<tr>\n<td style=\"width: 50%;\">Absorption<\/td>\n<td style=\"width: 50%;\">155 W<\/td>\n<\/tr>\n<tr>\n<td style=\"width: 50%;\">Isolierung<\/td>\n<td style=\"width: 50%;\">40 mm<\/td>\n<\/tr>\n<tr>\n<td style=\"width: 50%;\">Stromversorgung<\/td>\n<td style=\"width: 50%;\">230V \/ 50Hz<\/td>\n<\/tr>\n<tr>\n<td style=\"width: 50%;\">Baumaterial<\/td>\n<td style=\"width: 50%;\">Rostfreier Stahl AISI 304<\/td>\n<\/tr>\n<tr>\n<td style=\"width: 50%;\">Umkehrung der T\u00fcr<\/td>\n<td style=\"width: 50%;\">keine<\/td>\n<\/tr>\n<tr>\n<td style=\"width: 50%;\">Innenbeleuchtung<\/td>\n<td style=\"width: 50%;\">keine<\/td>\n<\/tr>\n<tr>\n<td style=\"width: 50%;\">Mitgeliefertes Zubeh\u00f6r<\/td>\n<td style=\"width: 50%;\">2 Roste und 2 Schienenpaare<\/td>\n<\/tr>\n<tr>\n<td style=\"width: 50%;\">Nettogewicht<\/td>\n<td style=\"width: 50%;\">70 kg<\/td>\n<\/tr>\n<\/tbody>\n<\/table>","protected":false},"excerpt":{"rendered":"<p>Saladette Refrigerata Statica Professionale Piano in Polietilene Forcar G-S900 Saladette refrigerata per insalate. Struttura in acciaio inox AISI 304. Sbrinamento automatico. Evaporatore schiumato su tre lati con ventola. Coperchio ad apertura telescopica.Pianetto di lavoro in polietilene alimentare. Una griglia intermedia per porta. Termostato elettronico. Bacinelle escluse. N. 1 griglia GN 1\/1 per porta. Con piano [&#8230;]","protected":false},"featured_media":124800,"comment_status":"closed","ping_status":"closed","template":"","meta":{"_monsterinsights_skip_tracking":false,"_monsterinsights_sitenote_active":false,"_monsterinsights_sitenote_note":"","_monsterinsights_sitenote_category":0},"product_brand":[624],"product_cat":[72,27,653],"product_tag":[],"class_list":{"0":"post-3536","1":"product","2":"type-product","3":"status-publish","4":"has-post-thumbnail","6":"product_brand-forcar","7":"product_cat-saladette","8":"product_cat-armadi-e-tavoli-refrigerati","9":"product_cat-refrigerazione","10":"product_shipping_class-745","11":"pa_marca-forcar","13":"first","14":"instock","15":"taxable","16":"shipping-taxable","17":"purchasable","18":"product-type-simple"},"_links":{"self":[{"href":"https:\/\/www.creaearredanegozi.it\/de\/wp-json\/wp\/v2\/product\/3536","targetHints":{"allow":["GET"]}}],"collection":[{"href":"https:\/\/www.creaearredanegozi.it\/de\/wp-json\/wp\/v2\/product"}],"about":[{"href":"https:\/\/www.creaearredanegozi.it\/de\/wp-json\/wp\/v2\/types\/product"}],"replies":[{"embeddable":true,"href":"https:\/\/www.creaearredanegozi.it\/de\/wp-json\/wp\/v2\/comments?post=3536"}],"wp:featuredmedia":[{"embeddable":true,"href":"https:\/\/www.creaearredanegozi.it\/de\/wp-json\/wp\/v2\/media\/124800"}],"wp:attachment":[{"href":"https:\/\/www.creaearredanegozi.it\/de\/wp-json\/wp\/v2\/media?parent=3536"}],"wp:term":[{"taxonomy":"product_brand","embeddable":true,"href":"https:\/\/www.creaearredanegozi.it\/de\/wp-json\/wp\/v2\/product_brand?post=3536"},{"taxonomy":"product_cat","embeddable":true,"href":"https:\/\/www.creaearredanegozi.it\/de\/wp-json\/wp\/v2\/product_cat?post=3536"},{"taxonomy":"product_tag","embeddable":true,"href":"https:\/\/www.creaearredanegozi.it\/de\/wp-json\/wp\/v2\/product_tag?post=3536"}],"curies":[{"name":"wp","href":"https:\/\/api.w.org\/{rel}","templated":true}]}}