{"id":3540,"date":"2015-07-11T10:58:41","date_gmt":"2015-07-11T08:58:41","guid":{"rendered":"https:\/\/www.creaearredanegozi.it\/?post_type=product&#038;p=3540"},"modified":"2025-12-07T03:41:03","modified_gmt":"2025-12-07T02:41:03","slug":"beluftete-kuhltheke-fur-pizza-15-mt-furcar-g-pz2600tn","status":"publish","type":"product","link":"https:\/\/www.creaearredanegozi.it\/de\/beluftete-kuhltheke-fur-pizza-15-mt-furcar-g-pz2600tn\/","title":{"rendered":"Forcar G-PZ2600TN Bel\u00fcftete gek\u00fchlte Pizzeria-Theke 1,5 Mt"},"content":{"rendered":"<h3>Forcar bel\u00fcftete Pizzatheke mit K\u00fchlung<\/h3>\n<p><strong>Professionelle Pizzatheke G-PZ2600TN<\/strong><\/p>\n<p>Konstruktion aus rostfreiem Stahl AISI 304. Bel\u00fcftete K\u00fchlung. Herausnehmbare Einbaueinheit f\u00fcr einfache Wartung. Die Frontplatte kann mit einem Schl\u00fcssel ge\u00f6ffnet werden. Zirkulierender Kaltluftstrom, um das Produkt nicht direkt zu ber\u00fchren. Elektronische Temperaturregelung mit digitalem Thermostat. Elektrische Heizung um den T\u00fcrrahmen zur Vermeidung von Kondenswasser. Automatische Abtauung mit elektrischem Heizelement und automatischer Abtautemperaturregelung. Automatische Verdunstung des Kondenswassers. Korrosionsgesch\u00fctzter Verdampfer. T\u00fcr mit R\u00fcckholfeder. T\u00fcrdichtung ohne Werkzeug abnehmbar. Boden mit abgerundeten Ecken. H\u00f6henverstellbare F\u00fc\u00dfe aus Edelstahl Aisi 304. R\u00fcckseite aus rostfreiem Stahl. M\u00f6glichkeit der Wandbefestigung.<\/p>\n<p>Vitrine f\u00fcr Zutaten ausgeschlossen.<\/p>\n<hr \/>\n<p><strong>Technische Daten<\/strong><\/p>\n<table class=\"table table-striped\">\n<tbody>\n<tr>\n<td width=\"171\">Temperatur:<\/td>\n<td width=\"221\">+2\u00b0 \/ +8\u00b0C<\/td>\n<\/tr>\n<tr>\n<td width=\"171\">Au\u00dfenma\u00dfe (ohne Vitrine):<\/td>\n<td width=\"221\">1510 x 800 x 1000(h) mm<\/td>\n<\/tr>\n<tr>\n<td>Innere Abmessungen<\/td>\n<td>1052 x 630 x 589(h) mm<\/td>\n<\/tr>\n<tr>\n<td width=\"171\">Kapazit\u00e4t:<\/td>\n<td width=\"221\">L 390<\/td>\n<\/tr>\n<tr>\n<td width=\"171\">Maximale Arbeitstemperatur<\/td>\n<td width=\"221\">+32\u00b0C \/ 55%HR<\/td>\n<\/tr>\n<tr>\n<td width=\"171\">Art der K\u00fchlung<\/td>\n<td width=\"221\">bel\u00fcftet<\/td>\n<\/tr>\n<tr>\n<td width=\"171\">Art der Abtauung<\/td>\n<td width=\"221\">elektrisch<\/td>\n<\/tr>\n<tr>\n<td>Art des K\u00e4ltemittelgases<\/td>\n<td>R290<\/td>\n<\/tr>\n<tr>\n<td width=\"171\">Kondenswasserverdunstung<\/td>\n<td width=\"221\">automatisch<\/td>\n<\/tr>\n<tr>\n<td width=\"171\">Temperaturkontrolle<\/td>\n<td width=\"221\">elektronisch<\/td>\n<\/tr>\n<tr>\n<td>Isolierung (mm)<\/td>\n<td>50<\/td>\n<\/tr>\n<tr>\n<td>Absorption (w)<\/td>\n<td>260<\/td>\n<\/tr>\n<tr>\n<td>Spannung<\/td>\n<td>230V \/ 50Hz<\/td>\n<\/tr>\n<tr>\n<td>Material<\/td>\n<td>Rostfreier Stahl AISI 304<\/td>\n<\/tr>\n<tr>\n<td>Umkehrung der T\u00fcr<\/td>\n<td>keine<\/td>\n<\/tr>\n<tr>\n<td>Innenbeleuchtung<\/td>\n<td>keine<\/td>\n<\/tr>\n<tr>\n<td>Mitgeliefertes Zubeh\u00f6r<\/td>\n<td>7 Paar T\u00fcrschienen<\/td>\n<\/tr>\n<tr>\n<td>Energieklasse<\/td>\n<td>B<\/td>\n<\/tr>\n<\/tbody>\n<\/table>\n<p>Kann durch den Erwerb von Sonderausstattungen kombiniert werden:<\/p>\n<ul>\n<li>RI15033V: L= 1500 mm 7 x 1\/4<\/li>\n<li>RI15038V L= 1500 mm 5 x 1\/3 + 1 x 1\/2.<\/li>\n<\/ul>","protected":false},"excerpt":{"rendered":"<p>Banco pizzeria refrigerato ventilato Forcar Banco professionale pizza G-PZ2600TN Struttura in acciaio inox AISI 304. Refrigerazione ventilata. Gruppo incorporato estraibile per facile manutenzione. Pannello frontale apribile con chiave. Andamento circolare dell\u2019aria fredda in modo da non toccare direttamente il prodotto. Controllo temperatura elettronico con termostato digitale. Resistenza elettrica intorno alla cornice porta per eliminazione della [&#8230;]","protected":false},"featured_media":124733,"comment_status":"closed","ping_status":"closed","template":"","meta":{"_monsterinsights_skip_tracking":false,"_monsterinsights_sitenote_active":false,"_monsterinsights_sitenote_note":"","_monsterinsights_sitenote_category":0},"product_brand":[624],"product_cat":[71,27,653],"product_tag":[],"class_list":{"0":"post-3540","1":"product","2":"type-product","3":"status-publish","4":"has-post-thumbnail","6":"product_brand-forcar","7":"product_cat-banchi-pizzeria-refrigerati","8":"product_cat-armadi-e-tavoli-refrigerati","9":"product_cat-refrigerazione","10":"product_shipping_class-n","11":"pa_marca-forcar","13":"first","14":"instock","15":"taxable","16":"shipping-taxable","17":"purchasable","18":"product-type-simple"},"_links":{"self":[{"href":"https:\/\/www.creaearredanegozi.it\/de\/wp-json\/wp\/v2\/product\/3540","targetHints":{"allow":["GET"]}}],"collection":[{"href":"https:\/\/www.creaearredanegozi.it\/de\/wp-json\/wp\/v2\/product"}],"about":[{"href":"https:\/\/www.creaearredanegozi.it\/de\/wp-json\/wp\/v2\/types\/product"}],"replies":[{"embeddable":true,"href":"https:\/\/www.creaearredanegozi.it\/de\/wp-json\/wp\/v2\/comments?post=3540"}],"wp:featuredmedia":[{"embeddable":true,"href":"https:\/\/www.creaearredanegozi.it\/de\/wp-json\/wp\/v2\/media\/124733"}],"wp:attachment":[{"href":"https:\/\/www.creaearredanegozi.it\/de\/wp-json\/wp\/v2\/media?parent=3540"}],"wp:term":[{"taxonomy":"product_brand","embeddable":true,"href":"https:\/\/www.creaearredanegozi.it\/de\/wp-json\/wp\/v2\/product_brand?post=3540"},{"taxonomy":"product_cat","embeddable":true,"href":"https:\/\/www.creaearredanegozi.it\/de\/wp-json\/wp\/v2\/product_cat?post=3540"},{"taxonomy":"product_tag","embeddable":true,"href":"https:\/\/www.creaearredanegozi.it\/de\/wp-json\/wp\/v2\/product_tag?post=3540"}],"curies":[{"name":"wp","href":"https:\/\/api.w.org\/{rel}","templated":true}]}}