{"id":3543,"date":"2015-07-11T11:06:52","date_gmt":"2015-07-11T09:06:52","guid":{"rendered":"https:\/\/www.creaearredanegozi.it\/?post_type=product&#038;p=3543"},"modified":"2025-12-07T03:41:03","modified_gmt":"2025-12-07T02:41:03","slug":"beluftete-kuhltheke-fur-pizza-2-m-forcar-g-pz2610tn","status":"publish","type":"product","link":"https:\/\/www.creaearredanegozi.it\/de\/beluftete-kuhltheke-fur-pizza-2-m-forcar-g-pz2610tn\/","title":{"rendered":"Forcar G-PZ2610TN 2 m bel\u00fcftete gek\u00fchlte Pizzeria-Theke"},"content":{"rendered":"<h2>2 m lange, bel\u00fcftete K\u00fchltheke f\u00fcr Pizzerien mit Vitrine f\u00fcr die Zutaten<\/h2>\n<p><strong>BEL\u00dcFTETE PIZZAK\u00dcHLTHEKE G-PZ2610TN<\/strong><\/p>\n<p>Konstruktion aus rostfreiem Stahl AISI 304. Bel\u00fcftete K\u00fchlung. Herausnehmbare Einbaueinheit f\u00fcr einfache Wartung. Die Frontplatte kann mit einem Schl\u00fcssel ge\u00f6ffnet werden. Zirkulierender Kaltluftstrom, um das Produkt nicht direkt zu ber\u00fchren. Elektronische Temperaturregelung mit digitalem Thermostat. Elektrische Heizung um den T\u00fcrrahmen zur Vermeidung von Kondenswasser. Automatische Abtauung mit elektrischem Heizelement und automatischer Abtautemperaturregelung. Automatische Verdunstung des Kondenswassers. Korrosionsgesch\u00fctzter Verdampfer. T\u00fcr mit R\u00fcckholfeder. T\u00fcrdichtung ohne Werkzeug abnehmbar. Boden mit abgerundeten Ecken. H\u00f6henverstellbare F\u00fc\u00dfe aus Edelstahl Aisi 304. R\u00fcckseite aus rostfreiem Stahl. M\u00f6glichkeit der Wandbefestigung.<\/p>\n<p>Kombinierbar mit<br \/>\nL= 2000 mm RI20033V<br \/>\nL= 2000 mm RI20038V<\/p>\n<table style=\"border-collapse: collapse; width: 100%;\">\n<tbody>\n<tr>\n<td style=\"width: 50%;\">Temperatur<\/td>\n<td style=\"width: 50%;\">+2\u00b0 +8\u00b0C<\/td>\n<\/tr>\n<tr>\n<td style=\"width: 50%;\">Au\u00dfenma\u00dfe: BxTxH<\/td>\n<td style=\"width: 50%;\">2025 x 800 x 1000 ohne Vitrine<\/td>\n<\/tr>\n<tr>\n<td style=\"width: 50%;\">Innere Abmessungen:<\/td>\n<td style=\"width: 50%;\">\n<div>1052 x 630 x 589(h) mm<\/div>\n<\/td>\n<\/tr>\n<tr>\n<td style=\"width: 50%;\">Mitgeliefertes Zubeh\u00f6r<\/td>\n<td style=\"width: 50%;\">7 Exemplare T\u00fcrf\u00fchrer<\/td>\n<\/tr>\n<tr>\n<td style=\"width: 50%;\">Nettogewicht<\/td>\n<td style=\"width: 50%;\">kg 362<\/td>\n<\/tr>\n<tr>\n<td style=\"width: 50%;\">Kapazit\u00e4t<\/td>\n<td style=\"width: 50%;\">L 386<\/td>\n<\/tr>\n<tr>\n<td style=\"width: 50%;\">K\u00e4ltemittelgas<\/td>\n<td style=\"width: 50%;\">R 290<\/td>\n<\/tr>\n<tr>\n<td style=\"width: 50%;\">Absorption<\/td>\n<td style=\"width: 50%;\">W 260<\/td>\n<\/tr>\n<tr>\n<td style=\"width: 50%;\">Stromversorgung<\/td>\n<td style=\"width: 50%;\">V-Hz 230-50<\/td>\n<\/tr>\n<tr>\n<td style=\"width: 50%;\">Temperaturkontrolle<\/td>\n<td style=\"width: 50%;\">elektronisch<\/td>\n<\/tr>\n<tr>\n<td style=\"width: 50%;\">Isolierung<\/td>\n<td style=\"width: 50%;\">50 mm<\/td>\n<\/tr>\n<tr>\n<td style=\"width: 50%;\">Baumaterial<\/td>\n<td style=\"width: 50%;\">Rostfreier Stahl AISI 304<\/td>\n<\/tr>\n<tr>\n<td style=\"width: 50%;\">Umkehrung der T\u00fcr<\/td>\n<td style=\"width: 50%;\">keine<\/td>\n<\/tr>\n<tr>\n<td style=\"width: 50%;\">Innenbeleuchtung<\/td>\n<td style=\"width: 50%;\">keine<\/td>\n<\/tr>\n<tr>\n<td style=\"width: 50%;\">Energieklasse<\/td>\n<td style=\"width: 50%;\">B<\/td>\n<\/tr>\n<tr>\n<td style=\"width: 50%;\">2 K\u00fchlt\u00fcren<\/td>\n<td style=\"width: 50%;\">Kommode 7 Schubladen<\/td>\n<\/tr>\n<\/tbody>\n<\/table>\n<hr \/>\n<p>Ohne Vitrine f\u00fcr Inhaltsstoffe.<\/p>","protected":false},"excerpt":{"rendered":"<p>Banco pizzeria refrigerato ventilato 2 mt con vetrinetta porta ingredienti BANCHI PIZZA REFRIGERATI VENTILATI G-PZ2610TN Struttura in acciaio inox AISI 304. Refrigerazione ventilata. Gruppo incorporato estraibile per facile manutenzione. Pannello frontale apribile con chiave. Andamento circolare dell\u2019aria fredda in modo da non toccare direttamente il prodotto. Controllo temperatura elettronico con termostato digitale. Resistenza elettrica intorno [&#8230;]","protected":false},"featured_media":124783,"comment_status":"closed","ping_status":"closed","template":"","meta":{"_monsterinsights_skip_tracking":false,"_monsterinsights_sitenote_active":false,"_monsterinsights_sitenote_note":"","_monsterinsights_sitenote_category":0},"product_brand":[624],"product_cat":[71,27,653],"product_tag":[],"class_list":{"0":"post-3543","1":"product","2":"type-product","3":"status-publish","4":"has-post-thumbnail","6":"product_brand-forcar","7":"product_cat-banchi-pizzeria-refrigerati","8":"product_cat-armadi-e-tavoli-refrigerati","9":"product_cat-refrigerazione","10":"product_shipping_class-368","11":"pa_classe-energetica-classe-b","12":"pa_marca-forcar","14":"first","15":"instock","16":"taxable","17":"shipping-taxable","18":"purchasable","19":"product-type-simple"},"_links":{"self":[{"href":"https:\/\/www.creaearredanegozi.it\/de\/wp-json\/wp\/v2\/product\/3543","targetHints":{"allow":["GET"]}}],"collection":[{"href":"https:\/\/www.creaearredanegozi.it\/de\/wp-json\/wp\/v2\/product"}],"about":[{"href":"https:\/\/www.creaearredanegozi.it\/de\/wp-json\/wp\/v2\/types\/product"}],"replies":[{"embeddable":true,"href":"https:\/\/www.creaearredanegozi.it\/de\/wp-json\/wp\/v2\/comments?post=3543"}],"wp:featuredmedia":[{"embeddable":true,"href":"https:\/\/www.creaearredanegozi.it\/de\/wp-json\/wp\/v2\/media\/124783"}],"wp:attachment":[{"href":"https:\/\/www.creaearredanegozi.it\/de\/wp-json\/wp\/v2\/media?parent=3543"}],"wp:term":[{"taxonomy":"product_brand","embeddable":true,"href":"https:\/\/www.creaearredanegozi.it\/de\/wp-json\/wp\/v2\/product_brand?post=3543"},{"taxonomy":"product_cat","embeddable":true,"href":"https:\/\/www.creaearredanegozi.it\/de\/wp-json\/wp\/v2\/product_cat?post=3543"},{"taxonomy":"product_tag","embeddable":true,"href":"https:\/\/www.creaearredanegozi.it\/de\/wp-json\/wp\/v2\/product_tag?post=3543"}],"curies":[{"name":"wp","href":"https:\/\/api.w.org\/{rel}","templated":true}]}}