{"id":3545,"date":"2015-07-11T11:08:49","date_gmt":"2015-07-11T09:08:49","guid":{"rendered":"https:\/\/www.creaearredanegozi.it\/?post_type=product&#038;p=3545"},"modified":"2025-12-07T03:41:03","modified_gmt":"2025-12-07T02:41:03","slug":"professionelle-beluftete-kuhltheke-fur-pizza-2-mt-furcar-g-pz3600tn","status":"publish","type":"product","link":"https:\/\/www.creaearredanegozi.it\/de\/professionelle-beluftete-kuhltheke-fur-pizza-2-mt-furcar-g-pz3600tn\/","title":{"rendered":"Professionelle gek\u00fchlte bel\u00fcftete Pizzatheke 2 Mt Forcar G-PZ3600TN"},"content":{"rendered":"<h3>Bel\u00fcftete, gek\u00fchlte Pizzeria-Theke,<\/h3>\n<p><strong>BEL\u00dcFTETE PIZZAK\u00dcHLTHEKEN G-PZ3600TN<\/strong><\/p>\n<p>Konstruktion aus rostfreiem Stahl AISI 304. Bel\u00fcftete K\u00fchlung. Herausnehmbare Einbaueinheit f\u00fcr einfache Wartung. Die Frontplatte kann mit einem Schl\u00fcssel ge\u00f6ffnet werden. Zirkulierender Kaltluftstrom, um das Produkt nicht direkt zu ber\u00fchren. Elektronische Temperaturregelung mit digitalem Thermostat. Elektrische Heizung um den T\u00fcrrahmen zur Vermeidung von Kondenswasser. Automatische Abtauung mit elektrischem Heizelement und automatischer Abtautemperaturregelung. Automatische Verdunstung des Kondenswassers. Korrosionsgesch\u00fctzter Verdampfer. T\u00fcr mit R\u00fcckholfeder. T\u00fcrdichtung ohne Werkzeug abnehmbar. Boden mit abgerundeten Ecken. H\u00f6henverstellbare F\u00fc\u00dfe aus Edelstahl Aisi 304. R\u00fcckseite aus rostfreiem Stahl. M\u00f6glichkeit der Wandbefestigung.<\/p>\n<p>Kann mit einer Vitrine kombiniert werden (nicht im Lieferumfang enthalten):<br \/>\nL= 2000 mm RI20033V<br \/>\nL= 2000 mm RI20038V.<\/p>\n<hr \/>\n<p><strong>Technische Daten<\/strong><\/p>\n<table class=\"table table-striped\">\n<tbody>\n<tr>\n<td width=\"171\">Temperatur:<\/td>\n<td width=\"221\">+2\u00b0 +8\u00b0C<\/td>\n<\/tr>\n<tr>\n<td width=\"171\">\u00c4u\u00dfere Abmessungen:<\/td>\n<td width=\"221\">2020x800x1000 mm ohne Vitrine<\/td>\n<\/tr>\n<tr>\n<td>Innere Abmessungen:<\/td>\n<td>1562x630x589(h) mm<\/td>\n<\/tr>\n<tr>\n<td width=\"171\">Mitgeliefertes Zubeh\u00f6r:<\/td>\n<td width=\"221\">7 Paar T\u00fcrschienen<\/td>\n<\/tr>\n<tr>\n<td width=\"171\">Nettogewicht:<\/td>\n<td width=\"221\">320 kg<\/td>\n<\/tr>\n<tr>\n<td width=\"171\">Kapazit\u00e4t:<\/td>\n<td width=\"221\">L 580<\/td>\n<\/tr>\n<tr>\n<td>Arbeitstemperatur mx<\/td>\n<td>+32\u00b0C \/ 55%HR<\/td>\n<\/tr>\n<tr>\n<td>Art der K\u00fchlung<\/td>\n<td>bel\u00fcftet<\/td>\n<\/tr>\n<tr>\n<td>Art der Abtauung<\/td>\n<td>elektrisch<\/td>\n<\/tr>\n<tr>\n<td>Kondenswasserverdunstung<\/td>\n<td>automatisch<\/td>\n<\/tr>\n<tr>\n<td>Temperaturkontrolle<\/td>\n<td>elektronisch<\/td>\n<\/tr>\n<tr>\n<td>Isolierung<\/td>\n<td>50 mm<\/td>\n<\/tr>\n<tr>\n<td width=\"171\">K\u00e4ltemittelgas:<\/td>\n<td width=\"221\">R290<\/td>\n<\/tr>\n<tr>\n<td width=\"171\">Absorption:<\/td>\n<td width=\"221\">W 260<\/td>\n<\/tr>\n<tr>\n<td width=\"171\">Stromversorgung:<\/td>\n<td width=\"221\">V-Hz 230-50<\/td>\n<\/tr>\n<tr>\n<td>Baumaterial<\/td>\n<td>Rostfreier Stahl AISI 304<\/td>\n<\/tr>\n<tr>\n<td>Umkehrung der T\u00fcr<\/td>\n<td>keine<\/td>\n<\/tr>\n<tr>\n<td>Innenbeleuchtung<\/td>\n<td>keine<\/td>\n<\/tr>\n<tr>\n<td>Energieklasse<\/td>\n<td>C<\/td>\n<\/tr>\n<\/tbody>\n<\/table>","protected":false},"excerpt":{"rendered":"<p>Banco pizzeria refrigerato ventilato, BANCHI PIZZA REFRIGERATI VENTILATI G-PZ3600TN Struttura in acciaio inox AISI 304. Refrigerazione ventilata. Gruppo incorporato estraibile per facile manutenzione. Pannello frontale apribile con chiave. Andamento circolare dell\u2019aria fredda in modo da non toccare direttamente il prodotto. Controllo temperatura elettronico con termostato digitale. Resistenza elettrica intorno alla cornice porta per eliminazione della [&#8230;]","protected":false},"featured_media":124785,"comment_status":"closed","ping_status":"closed","template":"","meta":{"_monsterinsights_skip_tracking":false,"_monsterinsights_sitenote_active":false,"_monsterinsights_sitenote_note":"","_monsterinsights_sitenote_category":0},"product_brand":[624],"product_cat":[71,27,653],"product_tag":[],"class_list":{"0":"post-3545","1":"product","2":"type-product","3":"status-publish","4":"has-post-thumbnail","6":"product_brand-forcar","7":"product_cat-banchi-pizzeria-refrigerati","8":"product_cat-armadi-e-tavoli-refrigerati","9":"product_cat-refrigerazione","10":"product_shipping_class-368","11":"pa_classe-energetica-classe-c","13":"first","14":"instock","15":"taxable","16":"shipping-taxable","17":"purchasable","18":"product-type-simple"},"_links":{"self":[{"href":"https:\/\/www.creaearredanegozi.it\/de\/wp-json\/wp\/v2\/product\/3545","targetHints":{"allow":["GET"]}}],"collection":[{"href":"https:\/\/www.creaearredanegozi.it\/de\/wp-json\/wp\/v2\/product"}],"about":[{"href":"https:\/\/www.creaearredanegozi.it\/de\/wp-json\/wp\/v2\/types\/product"}],"replies":[{"embeddable":true,"href":"https:\/\/www.creaearredanegozi.it\/de\/wp-json\/wp\/v2\/comments?post=3545"}],"wp:featuredmedia":[{"embeddable":true,"href":"https:\/\/www.creaearredanegozi.it\/de\/wp-json\/wp\/v2\/media\/124785"}],"wp:attachment":[{"href":"https:\/\/www.creaearredanegozi.it\/de\/wp-json\/wp\/v2\/media?parent=3545"}],"wp:term":[{"taxonomy":"product_brand","embeddable":true,"href":"https:\/\/www.creaearredanegozi.it\/de\/wp-json\/wp\/v2\/product_brand?post=3545"},{"taxonomy":"product_cat","embeddable":true,"href":"https:\/\/www.creaearredanegozi.it\/de\/wp-json\/wp\/v2\/product_cat?post=3545"},{"taxonomy":"product_tag","embeddable":true,"href":"https:\/\/www.creaearredanegozi.it\/de\/wp-json\/wp\/v2\/product_tag?post=3545"}],"curies":[{"name":"wp","href":"https:\/\/api.w.org\/{rel}","templated":true}]}}