{"id":3547,"date":"2015-07-11T11:10:45","date_gmt":"2015-07-11T09:10:45","guid":{"rendered":"https:\/\/www.creaearredanegozi.it\/?post_type=product&#038;p=3547"},"modified":"2025-12-07T03:41:03","modified_gmt":"2025-12-07T02:41:03","slug":"gekuhlte-pizzatheke-14-m-statische-granitarbeitsplatte-furcar-g-s903pcs","status":"publish","type":"product","link":"https:\/\/www.creaearredanegozi.it\/de\/gekuhlte-pizzatheke-14-m-statische-granitarbeitsplatte-furcar-g-s903pcs\/","title":{"rendered":"Pizzatheke gek\u00fchlt 1,4 m statische Granitarbeitsplatte Forcar G-S903PZ"},"content":{"rendered":"<h3>Pizzatheke gek\u00fchlt 1,4 m Statisch Granit Arbeitsplatte Forcar<\/h3>\n<p><strong>Gek\u00fchlte Pizzatheke G-S903PZ<\/strong><\/p>\n<p>Konstruktion aus rostfreiem Stahl <strong>AISI 304<\/strong>. Statische K\u00fchlung. Herausnehmbare Einbaueinheit f\u00fcr einfache Wartung. Frontplatte kann mit einem Schl\u00fcssel ge\u00f6ffnet werden. Zirkulierender Kaltluftstrom, um das Produkt nicht direkt zu ber\u00fchren.<\/p>\n<ul>\n<li>Granit-Arbeitsplatte<\/li>\n<li>Elektronische Temperaturregelung mit digitalem Thermostat.<\/li>\n<li>Elektrische Heizung um den T\u00fcrrahmen herum, um Kondensation zu vermeiden.<\/li>\n<li>Automatische Abtauung mit elektrischem Heizelement und automatischer Abtauungstemperaturregelung.<\/li>\n<li>Automatische Verdunstung von Kondenswasser.<\/li>\n<li>Verdampfer gegen Korrosion behandelt.<\/li>\n<li>T\u00fcr mit R\u00fcckholfeder.<\/li>\n<li>T\u00fcrdichtung ohne Werkzeug abnehmbar.<\/li>\n<li>Unten mit abgerundeten Ecken.<\/li>\n<li>H\u00f6henverstellbare F\u00fc\u00dfe aus Edelstahl Aisi 304.<\/li>\n<li>R\u00fcckenlehne aus rostfreiem Stahl.<\/li>\n<li>M\u00f6glichkeit des Anlehnens an die Wand.<\/li>\n<li>Temperatur: +2\u00b0 +8\u00b0C<\/li>\n<li>Enthaltenes Zubeh\u00f6r: 3 Grills<\/li>\n<\/ul>\n<table class=\"table table-striped\">\n<tbody>\n<tr>\n<td>Abmessungen (BxTxH)<\/td>\n<td>1400x700x1020 mm (ohne Vitrine)<\/td>\n<\/tr>\n<tr>\n<td>Innere Abmessungen<\/td>\n<td>1295x515x500h mm<\/td>\n<\/tr>\n<tr>\n<td>Bruttokapazit\u00e4t<\/td>\n<td>368 L.<\/td>\n<\/tr>\n<tr>\n<td>K\u00e4ltetechnik<\/td>\n<td>Statik<\/td>\n<\/tr>\n<tr>\n<td>K\u00e4ltemittel Gas<\/td>\n<td>R600a<\/td>\n<\/tr>\n<tr>\n<td>Entfrosten<\/td>\n<td>Ein Zwischenstopp<\/td>\n<\/tr>\n<tr>\n<td>Kondensatverdampfung<\/td>\n<td>Automatisch<\/td>\n<\/tr>\n<tr>\n<td>Temp. Max. Betriebstemperatur<\/td>\n<td>+32\u00b0\/55%HR<\/td>\n<\/tr>\n<tr>\n<td>Absorption<\/td>\n<td>235W<\/td>\n<\/tr>\n<tr>\n<td>Stromversorgung<\/td>\n<td>230V-50Hz<\/td>\n<\/tr>\n<tr>\n<td>Energieklasse<\/td>\n<td>C<\/td>\n<\/tr>\n<tr>\n<td>Dicke der Isolierung<\/td>\n<td>50 mm<\/td>\n<\/tr>\n<tr>\n<td>Nettogewicht Tabelle<\/td>\n<td>170 kg<\/td>\n<\/tr>\n<tr>\n<td>Baumaterial<\/td>\n<td>Rostfreier Stahl AISI 304<\/td>\n<\/tr>\n<tr>\n<td>Umkehrung der T\u00fcr<\/td>\n<td>keine<\/td>\n<\/tr>\n<tr>\n<td>Innenbeleuchtung<\/td>\n<td>keine<\/td>\n<\/tr>\n<tr>\n<td>Mitgeliefertes Zubeh\u00f6r<\/td>\n<td>3 GN1\/1-Gitter - 3 Paare von Objekttr\u00e4gern<\/td>\n<\/tr>\n<\/tbody>\n<\/table>\n<p>Kann mit Vitrinen kombiniert werden (nicht im Lieferumfang enthalten):<br \/>\nL= 1400 mm RI14038V<br \/>\nL= 1400 mm RI14033V<\/p>","protected":false},"excerpt":{"rendered":"<p>Banco Pizza Refrigerato 1,4 mt Statico Piano di Lavoro in Granito Forcar Banco pizzeria refrigerato\u00a0G-S903PZ Struttura in acciaio inox AISI 304. Refrigerazione Statica. Gruppo incorporato estraibile per facile manutenzione. Pannello frontale apribile con chiave. Andamento circolare dell\u2019aria fredda in modo da non toccare direttamente il prodotto. Piano di lavoro in granito Controllo temperatura elettronico con [&#8230;]","protected":false},"featured_media":124787,"comment_status":"closed","ping_status":"closed","template":"","meta":{"_monsterinsights_skip_tracking":false,"_monsterinsights_sitenote_active":false,"_monsterinsights_sitenote_note":"","_monsterinsights_sitenote_category":0},"product_brand":[624],"product_cat":[71,27,653],"product_tag":[],"class_list":{"0":"post-3547","1":"product","2":"type-product","3":"status-publish","4":"has-post-thumbnail","6":"product_brand-forcar","7":"product_cat-banchi-pizzeria-refrigerati","8":"product_cat-armadi-e-tavoli-refrigerati","9":"product_cat-refrigerazione","10":"product_shipping_class-e","11":"pa_classe-energetica-classe-c","12":"pa_marca-forcar","14":"first","15":"instock","16":"taxable","17":"shipping-taxable","18":"purchasable","19":"product-type-simple"},"_links":{"self":[{"href":"https:\/\/www.creaearredanegozi.it\/de\/wp-json\/wp\/v2\/product\/3547","targetHints":{"allow":["GET"]}}],"collection":[{"href":"https:\/\/www.creaearredanegozi.it\/de\/wp-json\/wp\/v2\/product"}],"about":[{"href":"https:\/\/www.creaearredanegozi.it\/de\/wp-json\/wp\/v2\/types\/product"}],"replies":[{"embeddable":true,"href":"https:\/\/www.creaearredanegozi.it\/de\/wp-json\/wp\/v2\/comments?post=3547"}],"wp:featuredmedia":[{"embeddable":true,"href":"https:\/\/www.creaearredanegozi.it\/de\/wp-json\/wp\/v2\/media\/124787"}],"wp:attachment":[{"href":"https:\/\/www.creaearredanegozi.it\/de\/wp-json\/wp\/v2\/media?parent=3547"}],"wp:term":[{"taxonomy":"product_brand","embeddable":true,"href":"https:\/\/www.creaearredanegozi.it\/de\/wp-json\/wp\/v2\/product_brand?post=3547"},{"taxonomy":"product_cat","embeddable":true,"href":"https:\/\/www.creaearredanegozi.it\/de\/wp-json\/wp\/v2\/product_cat?post=3547"},{"taxonomy":"product_tag","embeddable":true,"href":"https:\/\/www.creaearredanegozi.it\/de\/wp-json\/wp\/v2\/product_tag?post=3547"}],"curies":[{"name":"wp","href":"https:\/\/api.w.org\/{rel}","templated":true}]}}