{"id":3555,"date":"2015-07-11T11:41:05","date_gmt":"2015-07-11T09:41:05","guid":{"rendered":"https:\/\/www.creaearredanegozi.it\/?post_type=product&#038;p=3555"},"modified":"2025-12-07T03:41:03","modified_gmt":"2025-12-07T02:41:03","slug":"gekuhlter-gastronomietisch-gn1-1-beluftet-2-8c-mit-spritzwand-furcar-gn2200tng","status":"publish","type":"product","link":"https:\/\/www.creaearredanegozi.it\/de\/gekuhlter-gastronomietisch-gn1-1-beluftet-2-8c-mit-spritzwand-furcar-gn2200tng\/","title":{"rendered":"Gastronomie K\u00fchltisch GN1\/1 bel\u00fcftet -2\u00b0\/+8\u00b0C mit Spritzschutz Forcar G-GN2200TNG"},"content":{"rendered":"<h3>GN1\/1 BEL\u00dcFTETE GEK\u00dcHLTE GASTRONOMIETISCHE TISCHE<\/h3>\n<p><strong>Gek\u00fchlter Tisch G-GN2200TNG<\/strong><\/p>\n<p>Konstruktion aus rostfreiem Stahl AISI 304. Bel\u00fcftete K\u00fchlung. Herausnehmbare Einbaueinheit f\u00fcr einfache Wartung. Die Frontplatte kann mit einem Schl\u00fcssel ge\u00f6ffnet werden. Zirkulierender Kaltluftstrom, um das Produkt nicht direkt zu ber\u00fchren. Elektronische Temperaturregelung mit digitalem Thermostat.<br \/>\nElektrische Heizung um den T\u00fcrrahmen zur Vermeidung von Kondenswasser. Automatische Abtauung mit elektrischem Heizelement und automatischer Abtautemperaturregelung. Automatische Verdunstung des Kondenswassers. Korrosionsgesch\u00fctzter Verdampfer. T\u00fcr mit R\u00fcckholfeder. T\u00fcrdichtung ohne Werkzeug abnehmbar. Boden mit abgerundeten Ecken. Einfache Austauschbarkeit der T\u00fcren bei Schr\u00e4nken mit zwei und drei Schubladen. Schubladenschr\u00e4nke mit Teleskopschienen aus Edelstahl f\u00fcr vollen Auszug. H\u00f6henverstellbare F\u00fc\u00dfe aus Edelstahl Aisi 304. R\u00fcckwand aus rostfreiem Stahl, M\u00f6glichkeit zum Anlehnen an die Wand<\/p>\n<p style=\"text-align: center;\"><strong>Technische Daten<\/strong><\/p>\n<table class=\"table table-striped\" style=\"width: 100%;\">\n<tbody>\n<tr>\n<td style=\"width: 50%;\">PRODUKT<\/td>\n<td style=\"width: 50%;\">G-GN2100TNG<\/td>\n<\/tr>\n<tr>\n<td style=\"width: 50%;\" width=\"202\">ARBEITSTEMPERATUR<\/td>\n<td style=\"width: 50%;\" width=\"254\">-2\u00b0C \/ +8\u00b0C<\/td>\n<\/tr>\n<tr>\n<td width=\"202\">AUSSENABMESSUNGEN<\/td>\n<td>1360 x 700 x 860\/960(h) mm<\/td>\n<\/tr>\n<tr>\n<td width=\"202\">INNENABMESSUNGEN<\/td>\n<td>902 x 530 x 589(h) mm<\/td>\n<\/tr>\n<tr>\n<td width=\"202\">KAPAZIT\u00c4T L<\/td>\n<td>282<\/td>\n<\/tr>\n<tr>\n<td width=\"202\">MAXIMALE ARBEITSTEMPERATUR<\/td>\n<td>+32\u00b0C \/ 55%HR<\/td>\n<\/tr>\n<tr>\n<td width=\"202\">ART DER K\u00dcHLUNG<\/td>\n<td>bel\u00fcftet<\/td>\n<\/tr>\n<tr>\n<td width=\"202\">ART DER ABTAUUNG<\/td>\n<td>elektrisch<\/td>\n<\/tr>\n<tr>\n<td width=\"202\">ART DES K\u00c4LTEMITTELGASES<\/td>\n<td>R290<\/td>\n<\/tr>\n<tr>\n<td width=\"202\">VERDUNSTUNG WASSER KONDENSATION<\/td>\n<td>automatisch<\/td>\n<\/tr>\n<tr>\n<td width=\"202\">TEMPERATURKONTROLLE<\/td>\n<td>elektronisch<\/td>\n<\/tr>\n<tr>\n<td width=\"202\">D\u00c4MMUNG (mm)<\/td>\n<td>60<\/td>\n<\/tr>\n<tr>\n<td width=\"202\">ABSORPTION (W)<\/td>\n<td>260<\/td>\n<\/tr>\n<tr>\n<td width=\"202\">SPANNUNG<\/td>\n<td>230V \/ 50Hz<\/td>\n<\/tr>\n<tr>\n<td width=\"202\">BAUMATERIAL<\/td>\n<td>Rostfreier Stahl AISI 304<\/td>\n<\/tr>\n<tr>\n<td width=\"202\">T\u00dcR INVERSION<\/td>\n<td>keine<\/td>\n<\/tr>\n<tr>\n<td width=\"202\">INDOOR-LICHT<\/td>\n<td>ja<\/td>\n<\/tr>\n<tr>\n<td width=\"202\">MITGELIEFERTES ZUBEH\u00d6R<\/td>\n<td>2 GN1\/1-Gitter - 2 Paare von Dias<\/td>\n<\/tr>\n<tr>\n<td width=\"202\">ENERGIEKLASSE<\/td>\n<td>B<\/td>\n<\/tr>\n<tr>\n<td width=\"202\">NETTOGEWICHT (kg)<\/td>\n<td>108<\/td>\n<\/tr>\n<tr>\n<td width=\"202\">BRUTTOGEWICHT (kg)<\/td>\n<td>146<\/td>\n<\/tr>\n<tr>\n<td width=\"202\">VERPACKUNGSMASSE<\/td>\n<td>1390 x 730 x 1120(h) mm<\/td>\n<\/tr>\n<\/tbody>\n<\/table>","protected":false},"excerpt":{"rendered":"<p>TAVOLI REFRIGERATI GASTRONOMIA GN1\/1 VENTILATI Tavolo refrigerato G-GN2200TNG Struttura in acciaio inox AISI 304. Refrigerazione ventilata. Gruppo incorporato estraibile per facile manutenzione. Pannello frontale apribile con chiave. Andamento circolare dell\u2019aria fredda in modo da non toccare direttamente il prodotto. Controllo temperatura elettronico con termostato digitale. Resistenza elettrica intorno alla cornice porta per eliminazione della condensa. [&#8230;]","protected":false},"featured_media":124549,"comment_status":"closed","ping_status":"closed","template":"","meta":{"_monsterinsights_skip_tracking":false,"_monsterinsights_sitenote_active":false,"_monsterinsights_sitenote_note":"","_monsterinsights_sitenote_category":0},"product_brand":[624],"product_cat":[70,27,653],"product_tag":[],"class_list":{"0":"post-3555","1":"product","2":"type-product","3":"status-publish","4":"has-post-thumbnail","6":"product_brand-forcar","7":"product_cat-tavoli-refrigerati","8":"product_cat-armadi-e-tavoli-refrigerati","9":"product_cat-refrigerazione","10":"product_shipping_class-d","11":"pa_classe-energetica-classe-b","12":"pa_marca-forcar","14":"first","15":"instock","16":"taxable","17":"shipping-taxable","18":"purchasable","19":"product-type-simple"},"_links":{"self":[{"href":"https:\/\/www.creaearredanegozi.it\/de\/wp-json\/wp\/v2\/product\/3555","targetHints":{"allow":["GET"]}}],"collection":[{"href":"https:\/\/www.creaearredanegozi.it\/de\/wp-json\/wp\/v2\/product"}],"about":[{"href":"https:\/\/www.creaearredanegozi.it\/de\/wp-json\/wp\/v2\/types\/product"}],"replies":[{"embeddable":true,"href":"https:\/\/www.creaearredanegozi.it\/de\/wp-json\/wp\/v2\/comments?post=3555"}],"wp:featuredmedia":[{"embeddable":true,"href":"https:\/\/www.creaearredanegozi.it\/de\/wp-json\/wp\/v2\/media\/124549"}],"wp:attachment":[{"href":"https:\/\/www.creaearredanegozi.it\/de\/wp-json\/wp\/v2\/media?parent=3555"}],"wp:term":[{"taxonomy":"product_brand","embeddable":true,"href":"https:\/\/www.creaearredanegozi.it\/de\/wp-json\/wp\/v2\/product_brand?post=3555"},{"taxonomy":"product_cat","embeddable":true,"href":"https:\/\/www.creaearredanegozi.it\/de\/wp-json\/wp\/v2\/product_cat?post=3555"},{"taxonomy":"product_tag","embeddable":true,"href":"https:\/\/www.creaearredanegozi.it\/de\/wp-json\/wp\/v2\/product_tag?post=3555"}],"curies":[{"name":"wp","href":"https:\/\/api.w.org\/{rel}","templated":true}]}}