{"id":3558,"date":"2015-07-11T11:53:28","date_gmt":"2015-07-11T09:53:28","guid":{"rendered":"https:\/\/www.creaearredanegozi.it\/?post_type=product&#038;p=3558"},"modified":"2025-12-07T03:41:04","modified_gmt":"2025-12-07T02:41:04","slug":"gekuhlter-professioneller-gastronomietisch-gn1-1-beluftet-furcar-gn2200bt","status":"publish","type":"product","link":"https:\/\/www.creaearredanegozi.it\/de\/gekuhlter-professioneller-gastronomietisch-gn1-1-beluftet-furcar-gn2200bt\/","title":{"rendered":"Profi-Gastronomie K\u00fchltisch GN1\/1 bel\u00fcftet Forcar G-GN2200BT"},"content":{"rendered":"<h3>PROFESSIONELLE GASTRONOMIE GEK\u00dcHLTE TISCHE GN1\/1 BEL\u00dcFTET<\/h3>\n<p><strong>G-GN2200BT gek\u00fchlter Tisch<\/strong><\/p>\n<p>Konstruktion aus rostfreiem Stahl AISI 304. Bel\u00fcftete K\u00fchlung. Herausnehmbare Einbaueinheit f\u00fcr einfache Wartung. Die Frontplatte kann mit einem Schl\u00fcssel ge\u00f6ffnet werden. Zirkulierender Kaltluftstrom, um das Produkt nicht direkt zu ber\u00fchren. Elektronische Temperaturregelung mit digitalem Thermostat.<br \/>\nElektrische Heizung um den T\u00fcrrahmen zur Vermeidung von Kondenswasser. Automatische Abtauung mit elektrischem Heizelement und automatischer Abtautemperaturregelung. Automatische Verdunstung des Kondenswassers. Korrosionsgesch\u00fctzter Verdampfer. T\u00fcr mit R\u00fcckholfeder. T\u00fcrdichtung ohne Werkzeug abnehmbar. Boden mit abgerundeten Ecken. Einfache Austauschbarkeit der T\u00fcren bei Schr\u00e4nken mit zwei und drei Schubladen. Schubladenschr\u00e4nke mit Teleskopschienen aus Edelstahl f\u00fcr vollen Auszug. H\u00f6henverstellbare F\u00fc\u00dfe aus Edelstahl Aisi 304. R\u00fcckwand aus rostfreiem Stahl, M\u00f6glichkeit zum Anlehnen an die Wand<\/p>\n<p><strong>Technische Daten<\/strong><\/p>\n<table class=\"table table-striped\">\n<tbody>\n<tr>\n<td>PRODUKT<\/td>\n<td><strong>G-GN2200BT<\/strong><\/td>\n<\/tr>\n<tr>\n<td width=\"211\">Temperatur:<\/td>\n<td width=\"137\">-18\u00b0C \/ -22\u00b0C<\/td>\n<\/tr>\n<tr>\n<td width=\"211\">Au\u00dfenma\u00dfe: BxTxH<\/td>\n<td width=\"137\">1360x700x860\/960(h) mm<\/td>\n<\/tr>\n<tr>\n<td>Innere Abmessungen<\/td>\n<td>902x530x589(h)mm<\/td>\n<\/tr>\n<tr>\n<td width=\"211\">Mitgeliefertes Zubeh\u00f6r:<\/td>\n<td width=\"137\">2 Roste und 2 Schienenpaare<\/td>\n<\/tr>\n<tr>\n<td width=\"211\">Nettogewicht:<\/td>\n<td width=\"137\">kg 111<\/td>\n<\/tr>\n<tr>\n<td width=\"211\">Fassungsverm\u00f6gen: L<\/td>\n<td width=\"137\">282<\/td>\n<\/tr>\n<tr>\n<td width=\"211\">K\u00e4ltemittelgas:<\/td>\n<td width=\"137\">R290<\/td>\n<\/tr>\n<tr>\n<td>Art der K\u00fchlung<\/td>\n<td>bel\u00fcftet<\/td>\n<\/tr>\n<tr>\n<td>Maximale Arbeitstemperatur<\/td>\n<td>+32\u00b0C \/ 55%HR<\/td>\n<\/tr>\n<tr>\n<td width=\"211\">Absorption:<\/td>\n<td width=\"137\">W 470<\/td>\n<\/tr>\n<tr>\n<td>Energieklasse<\/td>\n<td>D<\/td>\n<\/tr>\n<tr>\n<td width=\"211\">Stromversorgung:<\/td>\n<td width=\"137\">V-Hz 230-50<\/td>\n<\/tr>\n<tr>\n<td>Entfrosten<\/td>\n<td>Elektrisch<\/td>\n<\/tr>\n<tr>\n<td>Kondenswasserverdunstung<\/td>\n<td>automatisch<\/td>\n<\/tr>\n<tr>\n<td>Temperaturkontrolle<\/td>\n<td>Elektronisch<\/td>\n<\/tr>\n<tr>\n<td>Dicke der Isolierung<\/td>\n<td>60 mm<\/td>\n<\/tr>\n<tr>\n<td>Baumaterial<\/td>\n<td>Rostfreier Stahl AISI 304<\/td>\n<\/tr>\n<tr>\n<td>Umkehrung der T\u00fcr<\/td>\n<td>keine<\/td>\n<\/tr>\n<tr>\n<td>Innenbeleuchtung<\/td>\n<td>keine<\/td>\n<\/tr>\n<\/tbody>\n<\/table>","protected":false},"excerpt":{"rendered":"<p>TAVOLI REFRIGERATI PROFESSIONALI GASTRONOMIA GN1\/1 VENTILATI Tavolo refrigerato G-GN2200BT Struttura in acciaio inox AISI 304. Refrigerazione ventilata. Gruppo incorporato estraibile per facile manutenzione. Pannello frontale apribile con chiave. Andamento circolare dell\u2019aria fredda in modo da non toccare direttamente il prodotto. Controllo temperatura elettronico con termostato digitale. Resistenza elettrica intorno alla cornice porta per eliminazione della [&#8230;]","protected":false},"featured_media":124525,"comment_status":"closed","ping_status":"closed","template":"","meta":{"_monsterinsights_skip_tracking":false,"_monsterinsights_sitenote_active":false,"_monsterinsights_sitenote_note":"","_monsterinsights_sitenote_category":0},"product_brand":[624],"product_cat":[70,27,653],"product_tag":[],"class_list":{"0":"post-3558","1":"product","2":"type-product","3":"status-publish","4":"has-post-thumbnail","6":"product_brand-forcar","7":"product_cat-tavoli-refrigerati","8":"product_cat-armadi-e-tavoli-refrigerati","9":"product_cat-refrigerazione","10":"product_shipping_class-d","11":"pa_classe-energetica-classe-d","12":"pa_marca-forcar","14":"first","15":"instock","16":"taxable","17":"shipping-taxable","18":"purchasable","19":"product-type-simple"},"_links":{"self":[{"href":"https:\/\/www.creaearredanegozi.it\/de\/wp-json\/wp\/v2\/product\/3558","targetHints":{"allow":["GET"]}}],"collection":[{"href":"https:\/\/www.creaearredanegozi.it\/de\/wp-json\/wp\/v2\/product"}],"about":[{"href":"https:\/\/www.creaearredanegozi.it\/de\/wp-json\/wp\/v2\/types\/product"}],"replies":[{"embeddable":true,"href":"https:\/\/www.creaearredanegozi.it\/de\/wp-json\/wp\/v2\/comments?post=3558"}],"wp:featuredmedia":[{"embeddable":true,"href":"https:\/\/www.creaearredanegozi.it\/de\/wp-json\/wp\/v2\/media\/124525"}],"wp:attachment":[{"href":"https:\/\/www.creaearredanegozi.it\/de\/wp-json\/wp\/v2\/media?parent=3558"}],"wp:term":[{"taxonomy":"product_brand","embeddable":true,"href":"https:\/\/www.creaearredanegozi.it\/de\/wp-json\/wp\/v2\/product_brand?post=3558"},{"taxonomy":"product_cat","embeddable":true,"href":"https:\/\/www.creaearredanegozi.it\/de\/wp-json\/wp\/v2\/product_cat?post=3558"},{"taxonomy":"product_tag","embeddable":true,"href":"https:\/\/www.creaearredanegozi.it\/de\/wp-json\/wp\/v2\/product_tag?post=3558"}],"curies":[{"name":"wp","href":"https:\/\/api.w.org\/{rel}","templated":true}]}}