{"id":3559,"date":"2015-07-11T11:57:07","date_gmt":"2015-07-11T09:57:07","guid":{"rendered":"https:\/\/www.creaearredanegozi.it\/?post_type=product&#038;p=3559"},"modified":"2025-12-07T03:41:04","modified_gmt":"2025-12-07T02:41:04","slug":"gekuhlter-gastronomietisch-gn1-1-beluftet-forcar-gn3100tn","status":"publish","type":"product","link":"https:\/\/www.creaearredanegozi.it\/de\/gekuhlter-gastronomietisch-gn1-1-beluftet-forcar-gn3100tn\/","title":{"rendered":"Gastronomie K\u00fchltisch GN1\/1 bel\u00fcftet Forcar G-GN3100TN"},"content":{"rendered":"<h3>GN1\/1 BEL\u00dcFTETE GEK\u00dcHLTE GASTRONOMIETISCHE TISCHE<\/h3>\n<p><strong>Gek\u00fchlter Tisch G-GN3100TN<\/strong><\/p>\n<p>Konstruktion aus rostfreiem Stahl AISI 304. Bel\u00fcftete K\u00fchlung. Herausnehmbare Einbaueinheit f\u00fcr einfache Wartung. Frontplatte kann mit Schl\u00fcssel ge\u00f6ffnet werden. <span style=\"text-align: justify; color: #333333;\">Kreisf\u00f6rmiger Kaltluftstrom, um das Produkt nicht direkt zu ber\u00fchren. Elektronische Temperaturregelung mit digitalem Thermostat.<\/span><\/p>\n<ul>\n<li style=\"text-align: justify;\">Elektrische Heizung um den T\u00fcrrahmen herum, um Kondensation zu vermeiden.<\/li>\n<li style=\"text-align: justify;\">Automatische Abtauung mit elektrischem Heizelement und automatischer Abtauungstemperaturregelung.<\/li>\n<li style=\"text-align: justify;\">Automatische Verdunstung von Kondenswasser.<\/li>\n<li style=\"text-align: justify;\">Verdampfer gegen Korrosion behandelt.<\/li>\n<li style=\"text-align: justify;\">T\u00fcr mit R\u00fcckholfeder.<\/li>\n<li style=\"text-align: justify;\">T\u00fcrdichtung ohne Werkzeug abnehmbar. Boden mit abgerundeten Ecken.<\/li>\n<li>R\u00fcckenlehne aus rostfreiem Stahl, kann an der Wand montiert werden<\/li>\n<li>H\u00f6henverstellbare F\u00fc\u00dfe aus Edelstahl Aisi 304.<\/li>\n<li>Neutrale Schublade im Motorraum.<\/li>\n<\/ul>\n<p style=\"text-align: justify;\">Einfache Austauschbarkeit der T\u00fcren bei Schr\u00e4nken mit zwei und drei Schubladen.<\/p>\n<hr \/>\n<p><strong>Technische Daten<\/strong><\/p>\n<table class=\"table table-striped\">\n<tbody>\n<tr>\n<td width=\"211\">Temperatur:<\/td>\n<td width=\"137\">-2\u00b0 +8\u00b0C<\/td>\n<\/tr>\n<tr>\n<td width=\"211\">Au\u00dfenma\u00dfe: BxTxH<\/td>\n<td width=\"137\">1795x700x860 mm<\/td>\n<\/tr>\n<tr>\n<td>Innere Abmessungen<\/td>\n<td>1337x530x589(h)mm<\/td>\n<\/tr>\n<tr>\n<td width=\"211\">Mitgeliefertes Zubeh\u00f6r:<\/td>\n<td width=\"137\">3 Gitternetze und 3 F\u00fchrungspaare<\/td>\n<\/tr>\n<tr>\n<td width=\"211\">Nettogewicht:<\/td>\n<td width=\"137\">134 kg<\/td>\n<\/tr>\n<tr>\n<td width=\"211\">Fassungsverm\u00f6gen: L<\/td>\n<td width=\"137\">417<\/td>\n<\/tr>\n<tr>\n<td width=\"211\">K\u00e4ltemittelgas:<\/td>\n<td width=\"137\">R290<\/td>\n<\/tr>\n<tr>\n<td width=\"211\">Absorption:<\/td>\n<td width=\"137\">W 260<\/td>\n<\/tr>\n<tr>\n<td>Energieklasse<\/td>\n<td>B<\/td>\n<\/tr>\n<tr>\n<td width=\"211\">Stromversorgung:<\/td>\n<td width=\"137\">V-Hz 230-50<\/td>\n<\/tr>\n<tr>\n<td>Entfrosten<\/td>\n<td>Automatisch<\/td>\n<\/tr>\n<tr>\n<td>Temperaturkontrolle<\/td>\n<td>Elektronisch<\/td>\n<\/tr>\n<tr>\n<td>Dicke der Isolierung<\/td>\n<td>60 mm<\/td>\n<\/tr>\n<tr>\n<td>Baumaterial<\/td>\n<td>Rostfreier Stahl AISI 304<\/td>\n<\/tr>\n<tr>\n<td>Umkehrung der T\u00fcr<\/td>\n<td>keine<\/td>\n<\/tr>\n<tr>\n<td>Innenbeleuchtung<\/td>\n<td>keine<\/td>\n<\/tr>\n<\/tbody>\n<\/table>\n<hr \/>\n<p>Wahlweise mit 2 T\u00fcren und 2 oder 3 Schubladen erh\u00e4ltlich<\/p>\n<table class=\"table table-striped\">\n<tbody>\n<tr>\n<td style=\"text-align: center;\" width=\"210\">Version mit 2 Schubladen<\/td>\n<td style=\"text-align: center;\" width=\"137\">Version mit 3 Schubladen<\/td>\n<\/tr>\n<tr>\n<td><img decoding=\"async\" class=\"aligncenter wp-image-7696 size-full\" src=\"https:\/\/www.creaearredanegozi.it\/wp-content\/uploads\/2015\/07\/C12-SET-2-CASSETTI.jpg\" alt=\"c12-set-2-schubladen\" width=\"100%\" title=\"\" srcset=\"https:\/\/www.creaearredanegozi.it\/wp-content\/uploads\/2015\/07\/C12-SET-2-CASSETTI.jpg 312w, https:\/\/www.creaearredanegozi.it\/wp-content\/uploads\/2015\/07\/C12-SET-2-CASSETTI-64x36.jpg 64w\" sizes=\"(max-width: 312px) 100vw, 312px\" \/><\/td>\n<td><img decoding=\"async\" class=\"aligncenter size-medium wp-image-7698\" src=\"https:\/\/www.creaearredanegozi.it\/wp-content\/uploads\/2015\/07\/C13-SET-3-CASSETTI.jpg\" alt=\"c13-set-3-schubladen\" width=\"100%\" title=\"\" srcset=\"https:\/\/www.creaearredanegozi.it\/wp-content\/uploads\/2015\/07\/C13-SET-3-CASSETTI.jpg 162w, https:\/\/www.creaearredanegozi.it\/wp-content\/uploads\/2015\/07\/C13-SET-3-CASSETTI-64x69.jpg 64w\" sizes=\"(max-width: 162px) 100vw, 162px\" \/><\/td>\n<\/tr>\n<\/tbody>\n<\/table>\n<p>&nbsp;<\/p>","protected":false},"excerpt":{"rendered":"<p>TAVOLI REFRIGERATI GASTRONOMIA GN1\/1 VENTILATI Tavolo refrigerato G-GN3100TN Struttura in acciaio inox AISI 304. Refrigerazione ventilata. Gruppo incorporato estraibile per facile manutenzione. Pannello frontale apribile con chiave. Andamento circolare dell\u2019aria fredda in modo da non toccare direttamente il prodotto. Controllo temperatura elettronico con termostato digitale. Resistenza elettrica intorno alla cornice porta per eliminazione della condensa. [&#8230;]","protected":false},"featured_media":123312,"comment_status":"closed","ping_status":"closed","template":"","meta":{"_monsterinsights_skip_tracking":false,"_monsterinsights_sitenote_active":false,"_monsterinsights_sitenote_note":"","_monsterinsights_sitenote_category":0},"product_brand":[624],"product_cat":[70,27,653],"product_tag":[],"class_list":{"0":"post-3559","1":"product","2":"type-product","3":"status-publish","4":"has-post-thumbnail","6":"product_brand-forcar","7":"product_cat-tavoli-refrigerati","8":"product_cat-armadi-e-tavoli-refrigerati","9":"product_cat-refrigerazione","10":"product_shipping_class-m","11":"pa_classe-energetica-classe-b","12":"pa_marca-forcar","14":"first","15":"instock","16":"taxable","17":"shipping-taxable","18":"purchasable","19":"product-type-simple"},"_links":{"self":[{"href":"https:\/\/www.creaearredanegozi.it\/de\/wp-json\/wp\/v2\/product\/3559","targetHints":{"allow":["GET"]}}],"collection":[{"href":"https:\/\/www.creaearredanegozi.it\/de\/wp-json\/wp\/v2\/product"}],"about":[{"href":"https:\/\/www.creaearredanegozi.it\/de\/wp-json\/wp\/v2\/types\/product"}],"replies":[{"embeddable":true,"href":"https:\/\/www.creaearredanegozi.it\/de\/wp-json\/wp\/v2\/comments?post=3559"}],"wp:featuredmedia":[{"embeddable":true,"href":"https:\/\/www.creaearredanegozi.it\/de\/wp-json\/wp\/v2\/media\/123312"}],"wp:attachment":[{"href":"https:\/\/www.creaearredanegozi.it\/de\/wp-json\/wp\/v2\/media?parent=3559"}],"wp:term":[{"taxonomy":"product_brand","embeddable":true,"href":"https:\/\/www.creaearredanegozi.it\/de\/wp-json\/wp\/v2\/product_brand?post=3559"},{"taxonomy":"product_cat","embeddable":true,"href":"https:\/\/www.creaearredanegozi.it\/de\/wp-json\/wp\/v2\/product_cat?post=3559"},{"taxonomy":"product_tag","embeddable":true,"href":"https:\/\/www.creaearredanegozi.it\/de\/wp-json\/wp\/v2\/product_tag?post=3559"}],"curies":[{"name":"wp","href":"https:\/\/api.w.org\/{rel}","templated":true}]}}