{"id":3572,"date":"2015-07-11T12:47:25","date_gmt":"2015-07-11T10:47:25","guid":{"rendered":"https:\/\/www.creaearredanegozi.it\/?post_type=product&#038;p=3572"},"modified":"2025-12-07T03:41:04","modified_gmt":"2025-12-07T02:41:04","slug":"tavolo-refrigerato-gastronomia-gn1-1-ventilato-2-8-forcar-g-gn4200tn","status":"publish","type":"product","link":"https:\/\/www.creaearredanegozi.it\/de\/tavolo-refrigerato-gastronomia-gn1-1-ventilato-2-8-forcar-g-gn4200tn\/","title":{"rendered":"Gastronomie Gek\u00fchlter Tisch GN1\/1 Bel\u00fcftet -2\/+8 Forcar G-GN4200TN"},"content":{"rendered":"<h3>GN1\/1 BEL\u00dcFTETE GEK\u00dcHLTE GASTRONOMIETISCHE TISCHE<\/h3>\n<p><strong>Gek\u00fchlter Tisch G-GN4200TN<\/strong><\/p>\n<p>Banco frigo gastronomia con alzatina<\/p>\n<p>Konstruktion aus rostfreiem Stahl AISI 304. Bel\u00fcftete K\u00fchlung. Herausnehmbare Einbaueinheit f\u00fcr einfache Wartung. Die Frontplatte kann mit einem Schl\u00fcssel ge\u00f6ffnet werden. Zirkulierender Kaltluftstrom, um das Produkt nicht direkt zu ber\u00fchren. Elektronische Temperaturregelung mit digitalem Thermostat.<br \/>\nResistenza elettrica intorno alla cornice porta per eliminazione della condensa. Sbrinamento automatico con resistenza elettrica e controllo automatico della temperatura di sbrinamento. Evaporazione automatica dell\u2019acqua di condensa. Evaporatore trattato anticorrosione. Porta con molla di ritorno. Guarnizione porta estraibile senza utensili. Fondo con angoli arrotondati. Piedini in acciaio Inox Aisi 304 regolabili in altezza. Schienale in acciaio inox, possibilit\u00e0 di appoggiare al muro<\/p>\n<ul>\n<li>Nuova Versione con cassetto neutro sul vano motore.<\/li>\n<\/ul>\n<p><strong>Optional<\/strong><\/p>\n<p>Facile intercambiabilit\u00e0 porte con cassettiere da due e tre cassetti. (Cassettiere con guide telescopiche in acciaio inox a totale estraibilit\u00e0.)\u00a0.<\/p>\n<hr \/>\n<p style=\"text-align: center;\"><strong>Technische Daten<\/strong><\/p>\n<table class=\"table table-striped\" style=\"width: 100%;\">\n<tbody>\n<tr>\n<td style=\"width: 50%;\">PRODUKT<\/td>\n<td style=\"width: 50%;\">G-GN4200TN<\/td>\n<\/tr>\n<tr>\n<td style=\"width: 50%;\" width=\"202\">ARBEITSTEMPERATUR<\/td>\n<td style=\"width: 50%;\" width=\"254\">-2\u00b0C \/ +8\u00b0C<\/td>\n<\/tr>\n<tr>\n<td width=\"202\">AUSSENABMESSUNGEN<\/td>\n<td>2230 x 700 x 860\/960(h) mm<\/td>\n<\/tr>\n<tr>\n<td width=\"202\">INNENABMESSUNGEN<\/td>\n<td>1772 x 530 x 589(h) mm<\/td>\n<\/tr>\n<tr>\n<td width=\"202\">KAPAZIT\u00c4T L<\/td>\n<td>553<\/td>\n<\/tr>\n<tr>\n<td width=\"202\">MAXIMALE ARBEITSTEMPERATUR<\/td>\n<td>+32\u00b0C \/ 55%HR<\/td>\n<\/tr>\n<tr>\n<td width=\"202\">ART DER K\u00dcHLUNG<\/td>\n<td>bel\u00fcftet<\/td>\n<\/tr>\n<tr>\n<td width=\"202\">ART DER ABTAUUNG<\/td>\n<td>elektrisch<\/td>\n<\/tr>\n<tr>\n<td width=\"202\">ART DES K\u00c4LTEMITTELGASES<\/td>\n<td>R290<\/td>\n<\/tr>\n<tr>\n<td width=\"202\">VERDUNSTUNG WASSER KONDENSATION<\/td>\n<td>automatisch<\/td>\n<\/tr>\n<tr>\n<td width=\"202\">TEMPERATURKONTROLLE<\/td>\n<td>elektronisch<\/td>\n<\/tr>\n<tr>\n<td width=\"202\">D\u00c4MMUNG (mm)<\/td>\n<td>60<\/td>\n<\/tr>\n<tr>\n<td width=\"202\">ABSORPTION (W)<\/td>\n<td>260<\/td>\n<\/tr>\n<tr>\n<td width=\"202\">SPANNUNG<\/td>\n<td>230V \/ 50Hz<\/td>\n<\/tr>\n<tr>\n<td width=\"202\">BAUMATERIAL<\/td>\n<td>Rostfreier Stahl AISI 304<\/td>\n<\/tr>\n<tr>\n<td width=\"202\">T\u00dcR INVERSION<\/td>\n<td>keine<\/td>\n<\/tr>\n<tr>\n<td width=\"202\">INDOOR-LICHT<\/td>\n<td>keine<\/td>\n<\/tr>\n<tr>\n<td width=\"202\">MITGELIEFERTES ZUBEH\u00d6R<\/td>\n<td>4 GN1\/1-Gitter - 4 Paare von Objekttr\u00e4gern<\/td>\n<\/tr>\n<tr>\n<td width=\"202\">ENERGIEKLASSE<\/td>\n<td>C<\/td>\n<\/tr>\n<tr>\n<td width=\"202\">NETTOGEWICHT (kg)<\/td>\n<td>172<\/td>\n<\/tr>\n<tr>\n<td width=\"202\">BRUTTOGEWICHT (kg)<\/td>\n<td>215<\/td>\n<\/tr>\n<tr>\n<td width=\"202\">VERPACKUNGSMASSE<\/td>\n<td>2260 x 730 x 1140(h) mm<\/td>\n<\/tr>\n<\/tbody>\n<\/table>","protected":false},"excerpt":{"rendered":"<p>TAVOLI REFRIGERATI GASTRONOMIA GN1\/1 VENTILATI Tavolo refrigerato G-GN4200TN Banco frigo gastronomia con alzatina Struttura in acciaio inox AISI 304. Refrigerazione ventilata. Gruppo incorporato estraibile per facile manutenzione. Pannello frontale apribile con chiave. Andamento circolare dell\u2019aria fredda in modo da non toccare direttamente il prodotto. Controllo temperatura elettronico con termostato digitale. Resistenza elettrica intorno alla cornice [&#8230;]","protected":false},"featured_media":124260,"comment_status":"closed","ping_status":"closed","template":"","meta":{"_monsterinsights_skip_tracking":false,"_monsterinsights_sitenote_active":false,"_monsterinsights_sitenote_note":"","_monsterinsights_sitenote_category":0},"product_brand":[624],"product_cat":[70,27,653],"product_tag":[],"class_list":{"0":"post-3572","1":"product","2":"type-product","3":"status-publish","4":"has-post-thumbnail","6":"product_brand-forcar","7":"product_cat-tavoli-refrigerati","8":"product_cat-armadi-e-tavoli-refrigerati","9":"product_cat-refrigerazione","10":"product_shipping_class-367","11":"pa_classe-energetica-classe-c","12":"pa_marca-forcar","14":"first","15":"instock","16":"taxable","17":"shipping-taxable","18":"purchasable","19":"product-type-simple"},"_links":{"self":[{"href":"https:\/\/www.creaearredanegozi.it\/de\/wp-json\/wp\/v2\/product\/3572","targetHints":{"allow":["GET"]}}],"collection":[{"href":"https:\/\/www.creaearredanegozi.it\/de\/wp-json\/wp\/v2\/product"}],"about":[{"href":"https:\/\/www.creaearredanegozi.it\/de\/wp-json\/wp\/v2\/types\/product"}],"replies":[{"embeddable":true,"href":"https:\/\/www.creaearredanegozi.it\/de\/wp-json\/wp\/v2\/comments?post=3572"}],"wp:featuredmedia":[{"embeddable":true,"href":"https:\/\/www.creaearredanegozi.it\/de\/wp-json\/wp\/v2\/media\/124260"}],"wp:attachment":[{"href":"https:\/\/www.creaearredanegozi.it\/de\/wp-json\/wp\/v2\/media?parent=3572"}],"wp:term":[{"taxonomy":"product_brand","embeddable":true,"href":"https:\/\/www.creaearredanegozi.it\/de\/wp-json\/wp\/v2\/product_brand?post=3572"},{"taxonomy":"product_cat","embeddable":true,"href":"https:\/\/www.creaearredanegozi.it\/de\/wp-json\/wp\/v2\/product_cat?post=3572"},{"taxonomy":"product_tag","embeddable":true,"href":"https:\/\/www.creaearredanegozi.it\/de\/wp-json\/wp\/v2\/product_tag?post=3572"}],"curies":[{"name":"wp","href":"https:\/\/api.w.org\/{rel}","templated":true}]}}