{"id":3574,"date":"2015-07-11T12:49:49","date_gmt":"2015-07-11T10:49:49","guid":{"rendered":"https:\/\/www.creaearredanegozi.it\/?post_type=product&#038;p=3574"},"modified":"2025-12-07T03:41:04","modified_gmt":"2025-12-07T02:41:04","slug":"gekuhlter-gastronomietisch-gn1-1-beluftet-2-8-glas-turen-furcar-gn4100tng","status":"publish","type":"product","link":"https:\/\/www.creaearredanegozi.it\/de\/gekuhlter-gastronomietisch-gn1-1-beluftet-2-8-glas-turen-furcar-gn4100tng\/","title":{"rendered":"Gastronomie K\u00fchltisch GN1\/1 bel\u00fcftet -2\/+8 Glast\u00fcren Forcar G-GN4100TNG"},"content":{"rendered":"<h3>Gek\u00fchlter Gastronomietisch GN1\/1 Bel\u00fcftet -2\/+8 Glast\u00fcren Forcar<\/h3>\n<p><strong>Gek\u00fchlter Tisch G-GN4100TNG<\/strong><\/p>\n<p><strong>Gastronomietheke mit Glast\u00fcren ohne Spritzschutz<\/strong><\/p>\n<p>Konstruktion aus rostfreiem Stahl AISI 304. Bel\u00fcftete K\u00fchlung. Herausnehmbare Einbaueinheit f\u00fcr einfache Wartung. Die Frontplatte kann mit einem Schl\u00fcssel ge\u00f6ffnet werden. Zirkulierender Kaltluftstrom, um das Produkt nicht direkt zu ber\u00fchren. Elektronische Temperaturregelung mit digitalem Thermostat.<br \/>\nElektrische Heizung um den T\u00fcrrahmen zur Vermeidung von Kondenswasser. Automatische Abtauung mit elektrischem Heizelement und automatischer Abtautemperaturregelung. Automatische Verdunstung des Kondenswassers. Korrosionsgesch\u00fctzter Verdampfer. T\u00fcr mit R\u00fcckholfeder. T\u00fcrdichtung ohne Werkzeug abnehmbar. Boden mit abgerundeten Ecken.<\/p>\n<p>H\u00f6henverstellbare F\u00fc\u00dfe aus Edelstahl Aisi 304. R\u00fcckenlehne aus Edelstahl, M\u00f6glichkeit zum Anlehnen an die Wand)<\/p>\n<p>Einfache Austauschbarkeit der T\u00fcren mit zwei- und dreischubigen Schubladenschr\u00e4nken (Schubladenschr\u00e4nke mit Teleskop-Vollausz\u00fcgen aus Edelstahl).<\/p>\n<ul>\n<li>Innenbeleuchtung und Glast\u00fcr<\/li>\n<li>Neutrale Schublade im Motorraum<\/li>\n<\/ul>\n<table class=\"table table-striped\">\n<tbody>\n<tr>\n<td>PRODUKT<\/td>\n<td>G-GN4100TNG<\/td>\n<\/tr>\n<tr>\n<td>Temperatur:<\/td>\n<td>-2\u00b0C \/ +8\u00b0C<\/td>\n<\/tr>\n<tr>\n<td>Au\u00dfenma\u00dfe: BxTxH<\/td>\n<td>2230 x 700 x 860 mm<\/td>\n<\/tr>\n<tr>\n<td>Innere Abmessungen<\/td>\n<td>1772x530x589(h) mm<\/td>\n<\/tr>\n<tr>\n<td>Mitgeliefertes Zubeh\u00f6r:<\/td>\n<td>4 Gitter+4 Schienenpaare<\/td>\n<\/tr>\n<tr>\n<td>Nettogewicht:<\/td>\n<td>153 kg<\/td>\n<\/tr>\n<tr>\n<td>Kapazit\u00e4t:<\/td>\n<td>L 553<\/td>\n<\/tr>\n<tr>\n<td>K\u00e4ltemittelgas:<\/td>\n<td>R 290<\/td>\n<\/tr>\n<tr>\n<td>Absorption:<\/td>\n<td>W 260<\/td>\n<\/tr>\n<tr>\n<td>Stromversorgung: V-Hz<\/td>\n<td>230V \/ 50Hz<\/td>\n<\/tr>\n<tr>\n<td>Dicke der Isolierung<\/td>\n<td>60 mm<\/td>\n<\/tr>\n<tr>\n<td>Max. Betriebstemperatur<\/td>\n<td>+32\u00b0C \/ 55%HR<\/td>\n<\/tr>\n<tr>\n<td>Entfrosten<\/td>\n<td>Elektrisch<\/td>\n<\/tr>\n<tr>\n<td>K\u00e4ltetechnik<\/td>\n<td>Bel\u00fcftet<\/td>\n<\/tr>\n<tr>\n<td>Temperaturkontrolle<\/td>\n<td>Elektronisch<\/td>\n<\/tr>\n<tr>\n<td>Baumaterial<\/td>\n<td>Rostfreier Stahl AISI 304<\/td>\n<\/tr>\n<tr>\n<td>Umkehrung der T\u00fcr<\/td>\n<td>Nein<\/td>\n<\/tr>\n<tr>\n<td>Innenbeleuchtung<\/td>\n<td>Ja<\/td>\n<\/tr>\n<\/tbody>\n<\/table>","protected":false},"excerpt":{"rendered":"<p>Tavolo Refrigerato Gastronomia GN1\/1 Ventilato -2\/+8 Porte in Vetro Forcar Tavolo refrigerato G-GN4100TNG Banco frigo gastronomia con porte in vetro senza alzatina Struttura in acciaio inox AISI 304. Refrigerazione ventilata. Gruppo incorporato estraibile per facile manutenzione. Pannello frontale apribile con chiave. Andamento circolare dell\u2019aria fredda in modo da non toccare direttamente il prodotto. Controllo temperatura [&#8230;]","protected":false},"featured_media":123765,"comment_status":"closed","ping_status":"closed","template":"","meta":{"_monsterinsights_skip_tracking":false,"_monsterinsights_sitenote_active":false,"_monsterinsights_sitenote_note":"","_monsterinsights_sitenote_category":0},"product_brand":[624],"product_cat":[70,27,653],"product_tag":[],"class_list":{"0":"post-3574","1":"product","2":"type-product","3":"status-publish","4":"has-post-thumbnail","6":"product_brand-forcar","7":"product_cat-tavoli-refrigerati","8":"product_cat-armadi-e-tavoli-refrigerati","9":"product_cat-refrigerazione","10":"product_shipping_class-h","11":"pa_classe-energetica-classe-c","12":"pa_marca-forcar","14":"first","15":"instock","16":"taxable","17":"shipping-taxable","18":"purchasable","19":"product-type-simple"},"_links":{"self":[{"href":"https:\/\/www.creaearredanegozi.it\/de\/wp-json\/wp\/v2\/product\/3574","targetHints":{"allow":["GET"]}}],"collection":[{"href":"https:\/\/www.creaearredanegozi.it\/de\/wp-json\/wp\/v2\/product"}],"about":[{"href":"https:\/\/www.creaearredanegozi.it\/de\/wp-json\/wp\/v2\/types\/product"}],"replies":[{"embeddable":true,"href":"https:\/\/www.creaearredanegozi.it\/de\/wp-json\/wp\/v2\/comments?post=3574"}],"wp:featuredmedia":[{"embeddable":true,"href":"https:\/\/www.creaearredanegozi.it\/de\/wp-json\/wp\/v2\/media\/123765"}],"wp:attachment":[{"href":"https:\/\/www.creaearredanegozi.it\/de\/wp-json\/wp\/v2\/media?parent=3574"}],"wp:term":[{"taxonomy":"product_brand","embeddable":true,"href":"https:\/\/www.creaearredanegozi.it\/de\/wp-json\/wp\/v2\/product_brand?post=3574"},{"taxonomy":"product_cat","embeddable":true,"href":"https:\/\/www.creaearredanegozi.it\/de\/wp-json\/wp\/v2\/product_cat?post=3574"},{"taxonomy":"product_tag","embeddable":true,"href":"https:\/\/www.creaearredanegozi.it\/de\/wp-json\/wp\/v2\/product_tag?post=3574"}],"curies":[{"name":"wp","href":"https:\/\/api.w.org\/{rel}","templated":true}]}}