{"id":3576,"date":"2015-07-11T12:51:15","date_gmt":"2015-07-11T10:51:15","guid":{"rendered":"https:\/\/www.creaearredanegozi.it\/?post_type=product&#038;p=3576"},"modified":"2025-12-07T03:41:04","modified_gmt":"2025-12-07T02:41:04","slug":"tavolo-refrigerato-gastronomia-gn1-1-ventilato-2-8-porte-vetro-forcar-g-gn4100tng","status":"publish","type":"product","link":"https:\/\/www.creaearredanegozi.it\/de\/tavolo-refrigerato-gastronomia-gn1-1-ventilato-2-8-porte-vetro-forcar-g-gn4100tng\/","title":{"rendered":"Gastronomie K\u00fchltisch GN1\/1 bel\u00fcftet -2\/+8 Glast\u00fcren Forcar G-GN4200TNG"},"content":{"rendered":"<h3>Tavolo Refrigerato Gastronomia GN1\/1 Ventilato -2\/+8 Porte Vetro Forcar<\/h3>\n<p><strong>Gek\u00fchlter Tisch G-GN4200TNG<\/strong><\/p>\n<p><strong>Banco Frigo gastronomia con porte in vetro<\/strong><\/p>\n<p>Konstruktion aus rostfreiem Stahl AISI 304. Bel\u00fcftete K\u00fchlung. Herausnehmbare Einbaueinheit f\u00fcr einfache Wartung. Die Frontplatte kann mit einem Schl\u00fcssel ge\u00f6ffnet werden. Zirkulierender Kaltluftstrom, um das Produkt nicht direkt zu ber\u00fchren. Elektronische Temperaturregelung mit digitalem Thermostat.<br \/>\nElektrische Heizung um den T\u00fcrrahmen zur Vermeidung von Kondenswasser. Automatische Abtauung mit elektrischem Heizelement und automatischer Abtautemperaturregelung. Automatische Verdunstung des Kondenswassers. Korrosionsgesch\u00fctzter Verdampfer. T\u00fcr mit R\u00fcckholfeder. T\u00fcrdichtung ohne Werkzeug abnehmbar. Boden mit abgerundeten Ecken. Einfache Austauschbarkeit der T\u00fcren bei Schr\u00e4nken mit zwei und drei Schubladen. Schubladenschr\u00e4nke mit Teleskopschienen aus Edelstahl f\u00fcr vollen Auszug. H\u00f6henverstellbare F\u00fc\u00dfe aus Edelstahl Aisi 304. R\u00fcckwand aus rostfreiem Stahl, M\u00f6glichkeit zum Anlehnen an die Wand<\/p>\n<ul>\n<li>illuminazione interna inclusa<\/li>\n<\/ul>\n<table class=\"table table-striped\">\n<tbody>\n<tr>\n<td>PRODUKT<\/td>\n<td>G-GN4200TNG<\/td>\n<\/tr>\n<tr>\n<td>Temperatur:<\/td>\n<td>-2\u00b0C \/ +8\u00b0C<\/td>\n<\/tr>\n<tr>\n<td>Au\u00dfenma\u00dfe: BxTxH<\/td>\n<td>2230x700x860\/960(h) mm<\/td>\n<\/tr>\n<tr>\n<td>Innere Abmessungen<\/td>\n<td>1772x530x589(h) mm<\/td>\n<\/tr>\n<tr>\n<td>Kapazit\u00e4t:<\/td>\n<td>L 553<\/td>\n<\/tr>\n<tr>\n<td>Maximale Arbeitstemperatur<\/td>\n<td>+32\u00b0C \/ 55%HR<\/td>\n<\/tr>\n<tr>\n<td>Art der K\u00fchlung<\/td>\n<td>Bel\u00fcftet<\/td>\n<\/tr>\n<tr>\n<td>Art der Abtauung<\/td>\n<td>Elektrisch<\/td>\n<\/tr>\n<tr>\n<td>Kondenswasserverdunstung<\/td>\n<td>automatisch<\/td>\n<\/tr>\n<tr>\n<td>Temperaturkontrolle<\/td>\n<td>elektrisch<\/td>\n<\/tr>\n<tr>\n<td>Isolamento mm<\/td>\n<td>60<\/td>\n<\/tr>\n<tr>\n<td>Absorption W<\/td>\n<td>260<\/td>\n<\/tr>\n<tr>\n<td>Mitgeliefertes Zubeh\u00f6r:<\/td>\n<td>4 griglie GN1\/1 + 4 coppie di guide<\/td>\n<\/tr>\n<tr>\n<td>Nettogewicht:<\/td>\n<td>kg 172<\/td>\n<\/tr>\n<tr>\n<td>Material<\/td>\n<td>Rostfreier Stahl AISI 304<\/td>\n<\/tr>\n<tr>\n<td>K\u00e4ltemittelgas:<\/td>\n<td>R290<\/td>\n<\/tr>\n<tr>\n<td>Absorption:<\/td>\n<td>W 260<\/td>\n<\/tr>\n<tr>\n<td>Stromversorgung: V-Hz<\/td>\n<td>230V \/ 50Hz<\/td>\n<\/tr>\n<tr>\n<td>Umkehrbare T\u00fcr<\/td>\n<td>keine<\/td>\n<\/tr>\n<tr>\n<td>Innenbeleuchtung<\/td>\n<td>ja<\/td>\n<\/tr>\n<tr>\n<td><\/td>\n<td><\/td>\n<\/tr>\n<\/tbody>\n<\/table>","protected":false},"excerpt":{"rendered":"<p>Tavolo Refrigerato Gastronomia GN1\/1 Ventilato -2\/+8 Porte Vetro Forcar Tavolo refrigerato G-GN4200TNG Banco Frigo gastronomia con porte in vetro Struttura in acciaio inox AISI 304. Refrigerazione ventilata. Gruppo incorporato estraibile per facile manutenzione. Pannello frontale apribile con chiave. Andamento circolare dell\u2019aria fredda in modo da non toccare direttamente il prodotto. Controllo temperatura elettronico con termostato [&#8230;]","protected":false},"featured_media":124561,"comment_status":"closed","ping_status":"closed","template":"","meta":{"_monsterinsights_skip_tracking":false,"_monsterinsights_sitenote_active":false,"_monsterinsights_sitenote_note":"","_monsterinsights_sitenote_category":0},"product_brand":[624],"product_cat":[70,27,653],"product_tag":[],"class_list":{"0":"post-3576","1":"product","2":"type-product","3":"status-publish","4":"has-post-thumbnail","6":"product_brand-forcar","7":"product_cat-tavoli-refrigerati","8":"product_cat-armadi-e-tavoli-refrigerati","9":"product_cat-refrigerazione","10":"product_shipping_class-367","11":"pa_marca-forcar","13":"first","14":"instock","15":"taxable","16":"shipping-taxable","17":"purchasable","18":"product-type-simple"},"_links":{"self":[{"href":"https:\/\/www.creaearredanegozi.it\/de\/wp-json\/wp\/v2\/product\/3576","targetHints":{"allow":["GET"]}}],"collection":[{"href":"https:\/\/www.creaearredanegozi.it\/de\/wp-json\/wp\/v2\/product"}],"about":[{"href":"https:\/\/www.creaearredanegozi.it\/de\/wp-json\/wp\/v2\/types\/product"}],"replies":[{"embeddable":true,"href":"https:\/\/www.creaearredanegozi.it\/de\/wp-json\/wp\/v2\/comments?post=3576"}],"wp:featuredmedia":[{"embeddable":true,"href":"https:\/\/www.creaearredanegozi.it\/de\/wp-json\/wp\/v2\/media\/124561"}],"wp:attachment":[{"href":"https:\/\/www.creaearredanegozi.it\/de\/wp-json\/wp\/v2\/media?parent=3576"}],"wp:term":[{"taxonomy":"product_brand","embeddable":true,"href":"https:\/\/www.creaearredanegozi.it\/de\/wp-json\/wp\/v2\/product_brand?post=3576"},{"taxonomy":"product_cat","embeddable":true,"href":"https:\/\/www.creaearredanegozi.it\/de\/wp-json\/wp\/v2\/product_cat?post=3576"},{"taxonomy":"product_tag","embeddable":true,"href":"https:\/\/www.creaearredanegozi.it\/de\/wp-json\/wp\/v2\/product_tag?post=3576"}],"curies":[{"name":"wp","href":"https:\/\/api.w.org\/{rel}","templated":true}]}}