{"id":3605,"date":"2015-07-13T11:43:38","date_gmt":"2015-07-13T09:43:38","guid":{"rendered":"https:\/\/www.creaearredanegozi.it\/?post_type=product&#038;p=3605"},"modified":"2024-11-07T15:03:25","modified_gmt":"2024-11-07T14:03:25","slug":"kuhlvitrine-bei-normaler-temperatur-erge-scaiola","status":"publish","type":"product","link":"https:\/\/www.creaearredanegozi.it\/de\/kuhlvitrine-bei-normaler-temperatur-erge-scaiola\/","title":{"rendered":"Sechseckige K\u00fchlvitrine Normaltemperatur +2\/+10 lt 600 Erge Scaiola"},"content":{"rendered":"<p><strong>Sechseckige K\u00fchlvitrine Normaltemperatur +2\/+10 lt 600 Erge Scaiola<\/strong><\/p>\n<p>Bel\u00fcftete K\u00fchlvitrine f\u00fcr die Pr\u00e4sentation von Lebensmitteln. Geeignet f\u00fcr die Pr\u00e4sentation und Konservierung von frischen und verpackten Produkten, die eine positive Temperatur von 2\u00b0C bis 10\u00b0C ben\u00f6tigen. Hohe Helligkeit durch LED-Beleuchtung auf 4 Seiten als Standard. Eingebauter einphasiger, leiser Motor. Modernes, zeitgem\u00e4\u00dfes Design. 3 Standardfarben, optional RAL-Farben.<\/p>\n<table class=\"table table-striped\">\n<tbody>\n<tr>\n<td class=\"he\" colspan=\"2\"><strong>TECHNISCHE DATEN<\/strong><\/td>\n<\/tr>\n<tr>\n<td>Beleuchtung<\/td>\n<td>Nr. 4 LEDs<\/td>\n<\/tr>\n<tr>\n<td>Liter<\/td>\n<td>600<\/td>\n<\/tr>\n<tr>\n<td>Regale<\/td>\n<td class=\"rip\">5 runde Glasb\u00f6den<\/td>\n<\/tr>\n<tr>\n<td>Temperatur<\/td>\n<td>+2 +10<\/td>\n<\/tr>\n<tr>\n<td>Gas<\/td>\n<td>R 452a<\/td>\n<\/tr>\n<tr>\n<td>K\u00fchlung<\/td>\n<td class=\"rf\">Bel\u00fcftet<\/td>\n<\/tr>\n<tr>\n<td>Spannung V\/Hz<\/td>\n<td>230\/50<\/td>\n<\/tr>\n<tr>\n<td>Abmessungen101<\/td>\n<td>101 x 90 x 190 h<\/td>\n<\/tr>\n<tr>\n<td>Gewicht Kg<\/td>\n<td>207<\/td>\n<\/tr>\n<tr>\n<td>Zertifizierungen<\/td>\n<td><img decoding=\"async\" class=\"\" src=\"http:\/\/www.scaiola.com\/Apps\/WebObjects\/Scaiola18.woa\/wa\/viewMultimediaContent?id=71\" width=\"32\" height=\"23\" alt=\"\" title=\"\"><\/td>\n<\/tr>\n<tr>\n<td>Standard-Farben<\/td>\n<td>Silber, Wei\u00df oder Schwarz<\/td>\n<\/tr>\n<\/tbody>\n<\/table>","protected":false},"excerpt":{"rendered":"<p>Vetrina refrigerata esagonale a temperatura normale +2\/+10 lt 600 Erge Scaiola Vetrina refrigerata ventilata per l\u2019esposizione alimentare. Adatta all&#8217;esposizione e la conservazione di prodotti freschi e confezionati che necessitano di temperature positive che variano dai 2\u00b0C ai 10\u00b0C. Alta luminosit\u00e0 data dall&#8217;illuminazione a LED presente di serie su 4 lati. Motore incorporato silenzioso monofase. Design [&#8230;]","protected":false},"featured_media":22404,"comment_status":"closed","ping_status":"closed","template":"","meta":{"_monsterinsights_skip_tracking":false,"_monsterinsights_sitenote_active":false,"_monsterinsights_sitenote_note":"","_monsterinsights_sitenote_category":0},"product_brand":[],"product_cat":[256,28],"product_tag":[],"class_list":{"0":"post-3605","1":"product","2":"type-product","3":"status-publish","4":"has-post-thumbnail","6":"product_cat-fredde","7":"product_cat-vetrine","8":"product_shipping_class-c","9":"pa_marca-scaiola","11":"first","12":"instock","13":"taxable","14":"shipping-taxable","15":"purchasable","16":"product-type-variable"},"_links":{"self":[{"href":"https:\/\/www.creaearredanegozi.it\/de\/wp-json\/wp\/v2\/product\/3605","targetHints":{"allow":["GET"]}}],"collection":[{"href":"https:\/\/www.creaearredanegozi.it\/de\/wp-json\/wp\/v2\/product"}],"about":[{"href":"https:\/\/www.creaearredanegozi.it\/de\/wp-json\/wp\/v2\/types\/product"}],"replies":[{"embeddable":true,"href":"https:\/\/www.creaearredanegozi.it\/de\/wp-json\/wp\/v2\/comments?post=3605"}],"wp:featuredmedia":[{"embeddable":true,"href":"https:\/\/www.creaearredanegozi.it\/de\/wp-json\/wp\/v2\/media\/22404"}],"wp:attachment":[{"href":"https:\/\/www.creaearredanegozi.it\/de\/wp-json\/wp\/v2\/media?parent=3605"}],"wp:term":[{"taxonomy":"product_brand","embeddable":true,"href":"https:\/\/www.creaearredanegozi.it\/de\/wp-json\/wp\/v2\/product_brand?post=3605"},{"taxonomy":"product_cat","embeddable":true,"href":"https:\/\/www.creaearredanegozi.it\/de\/wp-json\/wp\/v2\/product_cat?post=3605"},{"taxonomy":"product_tag","embeddable":true,"href":"https:\/\/www.creaearredanegozi.it\/de\/wp-json\/wp\/v2\/product_tag?post=3605"}],"curies":[{"name":"wp","href":"https:\/\/api.w.org\/{rel}","templated":true}]}}