{"id":3609,"date":"2015-07-13T11:47:32","date_gmt":"2015-07-13T09:47:32","guid":{"rendered":"https:\/\/www.creaearredanegozi.it\/?post_type=product&#038;p=3609"},"modified":"2024-11-07T15:02:22","modified_gmt":"2024-11-07T14:02:22","slug":"normaltemperatur-kuhlvitrine-400f-scaiola","status":"publish","type":"product","link":"https:\/\/www.creaearredanegozi.it\/de\/normaltemperatur-kuhlvitrine-400f-scaiola\/","title":{"rendered":"K\u00fchlvitrine TN +2\/+10\u00b0C l. 70 cm 400F Scaiola"},"content":{"rendered":"<p><strong>K\u00fchlvitrine bei Normaltemperatur 400F Scaiola<\/strong><\/p>\n<p>Bel\u00fcftete K\u00fchlvitrine f\u00fcr die Pr\u00e4sentation von Lebensmitteln. Geeignet f\u00fcr die Pr\u00e4sentation und Konservierung von frischen und verpackten Produkten, die eine positive Temperatur von 2\u00b0C bis 10\u00b0C ben\u00f6tigen. Hohe Helligkeit durch LED-Beleuchtung auf allen 4 Seiten als Standard. Eingebauter einphasiger, leiser Motor. Modernes, zeitgem\u00e4\u00dfes Design. 3 Standardfarben, optional RAL-Farben.<\/p>\n<ul>\n<li>Lieferung mit 5 verstellbaren, rechteckigen Drahtgitterb\u00f6den<\/li>\n<li>Vertikale LED-Beleuchtung auf 4 Seiten in kaltem Licht.<\/li>\n<li>Isolierglasseiten f\u00fcr bessere W\u00e4rmed\u00e4mmung<\/li>\n<li>1 Fl\u00fcgelt\u00fcr optional abschlie\u00dfbar.<\/li>\n<li>F\u00e4hrt auf 4 Lenkrollen<\/li>\n<li>Touch-Bedienfeld<\/li>\n<li>Wahlweise mit 2 zu \u00f6ffnenden T\u00fcren (vorne\/hinten) erh\u00e4ltlich<\/li>\n<li>Optional erh\u00e4ltlich mit 5 Glasb\u00f6den anstelle der Gitterroste<\/li>\n<\/ul>\n<table class=\"table table-striped\">\n<tbody>\n<tr>\n<td class=\"he\" colspan=\"2\">TECHNISCHE DATEN<\/td>\n<\/tr>\n<tr>\n<td>Beleuchtung<\/td>\n<td>Nr. 4 LEDs<\/td>\n<\/tr>\n<tr>\n<td>Liter<\/td>\n<td>400<\/td>\n<\/tr>\n<tr>\n<td>Regale<\/td>\n<td class=\"rip\">Nr. 5 Raster<\/td>\n<\/tr>\n<tr>\n<td>Temperatur<\/td>\n<td>+2 +10<\/td>\n<\/tr>\n<tr>\n<td>Gas<\/td>\n<td>R 452a<\/td>\n<\/tr>\n<tr>\n<td>K\u00fchlung<\/td>\n<td class=\"rf\"><img decoding=\"async\" class=\"\" src=\"http:\/\/www.scaiola.com\/Apps\/WebObjects\/Scaiola18.woa\/wa\/XTDirectAction\/viewMultimediaContent?ext=.html&amp;id=68&amp;showFullSize=Y&amp;lang=ita\" alt=\"K\u00e4ltetyp 1\" width=\"18\" height=\"20\" title=\"\"> Bel\u00fcftet<\/td>\n<\/tr>\n<tr>\n<td>Spannung V\/Hz<\/td>\n<td>230\/50<\/td>\n<\/tr>\n<tr>\n<td>Abmessungen<\/td>\n<td>70 x 70 x 184 h<\/td>\n<\/tr>\n<tr>\n<td>Gewicht Kg<\/td>\n<td>154<\/td>\n<\/tr>\n<tr>\n<td>Zertifizierungen<\/td>\n<td><img decoding=\"async\" class=\"\" src=\"http:\/\/www.scaiola.com\/Apps\/WebObjects\/Scaiola18.woa\/wa\/viewMultimediaContent?id=71\" width=\"26\" height=\"19\" alt=\"\" title=\"\"><\/td>\n<\/tr>\n<tr>\n<td>Standard-Farben<\/td>\n<td>Silber, Wei\u00df oder Schwarz<\/td>\n<\/tr>\n<\/tbody>\n<\/table>","protected":false},"excerpt":{"rendered":"<p>Vetrina refrigerata a temperatura normale 400F Scaiola Vetrina refrigerata ventilata per l&#8217;esposizione alimentare. Adatta all&#8217;esposizione e la conservazione di prodotti freschi e confezionati che necessitano di temperature positive che variano dai 2\u00b0C ai 10\u00b0C. Alta luminosit\u00e0 data dall&#8217;illuminazione a LED presente di serie su tutti e 4 i lati. Motore incorporato silenzioso monofase. Design moderno [&#8230;]","protected":false},"featured_media":22396,"comment_status":"closed","ping_status":"closed","template":"","meta":{"_monsterinsights_skip_tracking":false,"_monsterinsights_sitenote_active":false,"_monsterinsights_sitenote_note":"","_monsterinsights_sitenote_category":0},"product_brand":[700],"product_cat":[256,28],"product_tag":[],"class_list":{"0":"post-3609","1":"product","2":"type-product","3":"status-publish","4":"has-post-thumbnail","6":"product_brand-scaiola","7":"product_cat-fredde","8":"product_cat-vetrine","9":"product_shipping_class-m","10":"pa_marca-scaiola","12":"first","13":"instock","14":"taxable","15":"shipping-taxable","16":"purchasable","17":"product-type-variable"},"_links":{"self":[{"href":"https:\/\/www.creaearredanegozi.it\/de\/wp-json\/wp\/v2\/product\/3609","targetHints":{"allow":["GET"]}}],"collection":[{"href":"https:\/\/www.creaearredanegozi.it\/de\/wp-json\/wp\/v2\/product"}],"about":[{"href":"https:\/\/www.creaearredanegozi.it\/de\/wp-json\/wp\/v2\/types\/product"}],"replies":[{"embeddable":true,"href":"https:\/\/www.creaearredanegozi.it\/de\/wp-json\/wp\/v2\/comments?post=3609"}],"wp:featuredmedia":[{"embeddable":true,"href":"https:\/\/www.creaearredanegozi.it\/de\/wp-json\/wp\/v2\/media\/22396"}],"wp:attachment":[{"href":"https:\/\/www.creaearredanegozi.it\/de\/wp-json\/wp\/v2\/media?parent=3609"}],"wp:term":[{"taxonomy":"product_brand","embeddable":true,"href":"https:\/\/www.creaearredanegozi.it\/de\/wp-json\/wp\/v2\/product_brand?post=3609"},{"taxonomy":"product_cat","embeddable":true,"href":"https:\/\/www.creaearredanegozi.it\/de\/wp-json\/wp\/v2\/product_cat?post=3609"},{"taxonomy":"product_tag","embeddable":true,"href":"https:\/\/www.creaearredanegozi.it\/de\/wp-json\/wp\/v2\/product_tag?post=3609"}],"curies":[{"name":"wp","href":"https:\/\/api.w.org\/{rel}","templated":true}]}}