{"id":3613,"date":"2015-07-13T11:50:47","date_gmt":"2015-07-13T09:50:47","guid":{"rendered":"https:\/\/www.creaearredanegozi.it\/?post_type=product&#038;p=3613"},"modified":"2024-11-07T15:01:30","modified_gmt":"2024-11-07T14:01:30","slug":"normaltemperatur-kuhlvitrine-800f-scaiola","status":"publish","type":"product","link":"https:\/\/www.creaearredanegozi.it\/de\/normaltemperatur-kuhlvitrine-800f-scaiola\/","title":{"rendered":"Normaltemperatur-K\u00fchlvitrine +2\/+10 800F Scaiola"},"content":{"rendered":"<p>&nbsp;<\/p>\n<table class=\"table table-striped\">\n<tbody>\n<tr>\n<td class=\"he\" colspan=\"2\"><strong>TECHNISCHE DATEN<\/strong><\/td>\n<\/tr>\n<tr>\n<td>Beleuchtung<\/td>\n<td>Nr. 4 LEDs<\/td>\n<\/tr>\n<tr>\n<td>Liter<\/td>\n<td>800<\/td>\n<\/tr>\n<tr>\n<td>Regale<\/td>\n<td class=\"rip\"><img decoding=\"async\" class=\"\" src=\"http:\/\/www.scaiola.com\/Apps\/WebObjects\/Scaiola18.woa\/wa\/XTDirectAction\/viewMultimediaContent?ext=.html&amp;id=303&amp;showFullSize=Y&amp;lang=ita\" alt=\"ripiano-5.jpg\" width=\"123\" height=\"63\" title=\"\">Griglie rettangolari<\/td>\n<\/tr>\n<tr>\n<td>Temperatur<\/td>\n<td>+2 +10<\/td>\n<\/tr>\n<tr>\n<td>Gas<\/td>\n<td>R 404a<\/td>\n<\/tr>\n<tr>\n<td>K\u00fchlung<\/td>\n<td class=\"rf\">Bel\u00fcftet<img decoding=\"async\" class=\"size-full wp-image-19495 alignleft\" src=\"https:\/\/www.creaearredanegozi.it\/wp-content\/uploads\/2015\/07\/ventilata-e1550060549699.jpg\" alt=\"\" width=\"60\" height=\"67\" title=\"\"><\/td>\n<\/tr>\n<tr>\n<td>Spannung V\/Hz<\/td>\n<td>230\/50<\/td>\n<\/tr>\n<tr>\n<td>Abmessungen<\/td>\n<td>70 x 127 x 184 h<\/td>\n<\/tr>\n<tr>\n<td>Gewicht Kg<\/td>\n<td>233<\/td>\n<\/tr>\n<tr>\n<td>Zertifizierungen<\/td>\n<td><img decoding=\"async\" class=\"size-full wp-image-19497 alignleft\" src=\"https:\/\/www.creaearredanegozi.it\/wp-content\/uploads\/2015\/07\/CE.jpg\" alt=\"\" width=\"84\" height=\"60\" title=\"\" srcset=\"https:\/\/www.creaearredanegozi.it\/wp-content\/uploads\/2015\/07\/CE.jpg 84w, https:\/\/www.creaearredanegozi.it\/wp-content\/uploads\/2015\/07\/CE-64x46.jpg 64w\" sizes=\"(max-width: 84px) 100vw, 84px\" \/><\/td>\n<\/tr>\n<tr>\n<td>Finitura Standard<\/td>\n<td><img decoding=\"async\" class=\"aligncenter size-full wp-image-19482\" src=\"https:\/\/www.creaearredanegozi.it\/wp-content\/uploads\/2015\/07\/colori_scaiola.jpg\" alt=\"\" width=\"345\" height=\"115\" title=\"\" srcset=\"https:\/\/www.creaearredanegozi.it\/wp-content\/uploads\/2015\/07\/colori_scaiola.jpg 345w, https:\/\/www.creaearredanegozi.it\/wp-content\/uploads\/2015\/07\/colori_scaiola-64x21.jpg 64w, https:\/\/www.creaearredanegozi.it\/wp-content\/uploads\/2015\/07\/colori_scaiola-200x67.jpg 200w\" sizes=\"(max-width: 345px) 100vw, 345px\" \/><\/td>\n<\/tr>\n<tr>\n<td>Entfrosten<\/td>\n<td><strong>Automatisch<\/strong><\/td>\n<\/tr>\n<\/tbody>\n<\/table>","protected":false},"excerpt":{"rendered":"<p>&nbsp; TECHNISCHE DATEN Beleuchtung Nr. 4 LEDs Liter 800 Einlegeb\u00f6den rechteckige Gitter Temperatur +2 +10 Gas R 404a K\u00fchlung Bel\u00fcftet Spannung V\/Hz 230\/50 Abmessungen 70 x 127 x 184 h Gewicht Kg 233 Zertifizierungen Standard Ausf\u00fchrung Automatische Abtauung<\/p>","protected":false},"featured_media":19590,"comment_status":"closed","ping_status":"closed","template":"","meta":{"_monsterinsights_skip_tracking":false,"_monsterinsights_sitenote_active":false,"_monsterinsights_sitenote_note":"","_monsterinsights_sitenote_category":0},"product_brand":[700],"product_cat":[256],"product_tag":[],"class_list":{"0":"post-3613","1":"product","2":"type-product","3":"status-publish","4":"has-post-thumbnail","6":"product_brand-scaiola","7":"product_cat-fredde","8":"product_shipping_class-45","9":"pa_marca-scaiola","11":"first","12":"instock","13":"taxable","14":"shipping-taxable","15":"purchasable","16":"product-type-variable"},"_links":{"self":[{"href":"https:\/\/www.creaearredanegozi.it\/de\/wp-json\/wp\/v2\/product\/3613","targetHints":{"allow":["GET"]}}],"collection":[{"href":"https:\/\/www.creaearredanegozi.it\/de\/wp-json\/wp\/v2\/product"}],"about":[{"href":"https:\/\/www.creaearredanegozi.it\/de\/wp-json\/wp\/v2\/types\/product"}],"replies":[{"embeddable":true,"href":"https:\/\/www.creaearredanegozi.it\/de\/wp-json\/wp\/v2\/comments?post=3613"}],"wp:featuredmedia":[{"embeddable":true,"href":"https:\/\/www.creaearredanegozi.it\/de\/wp-json\/wp\/v2\/media\/19590"}],"wp:attachment":[{"href":"https:\/\/www.creaearredanegozi.it\/de\/wp-json\/wp\/v2\/media?parent=3613"}],"wp:term":[{"taxonomy":"product_brand","embeddable":true,"href":"https:\/\/www.creaearredanegozi.it\/de\/wp-json\/wp\/v2\/product_brand?post=3613"},{"taxonomy":"product_cat","embeddable":true,"href":"https:\/\/www.creaearredanegozi.it\/de\/wp-json\/wp\/v2\/product_cat?post=3613"},{"taxonomy":"product_tag","embeddable":true,"href":"https:\/\/www.creaearredanegozi.it\/de\/wp-json\/wp\/v2\/product_tag?post=3613"}],"curies":[{"name":"wp","href":"https:\/\/api.w.org\/{rel}","templated":true}]}}