{"id":3615,"date":"2015-07-13T11:52:18","date_gmt":"2015-07-13T09:52:18","guid":{"rendered":"https:\/\/www.creaearredanegozi.it\/?post_type=product&#038;p=3615"},"modified":"2024-11-07T15:01:03","modified_gmt":"2024-11-07T14:01:03","slug":"kuhlvitrine-bei-normaltemperatur-800g-scaiola","status":"publish","type":"product","link":"https:\/\/www.creaearredanegozi.it\/de\/kuhlvitrine-bei-normaltemperatur-800g-scaiola\/","title":{"rendered":"K\u00fchlvitrine Normaltemperatur +2\/+10 800G Scaiola"},"content":{"rendered":"<p><strong>K\u00fchlvitrine Normaltemperatur +2\/+10 800G Scaiola<\/strong><\/p>\n<p>K\u00fchlvitrine f\u00fcr Geb\u00e4ck, Wurst- und K\u00e4sesorten, verpacktes Fleisch und frische Pasta.<\/p>\n<ul>\n<li>Ausgestattet mit zwei Arten von Einlegeb\u00f6den, auf der einen Seite 5 rechteckige Einlegeb\u00f6den aus verschiebbarem Drahtgitter, auf der anderen Seite 5 runde Glasb\u00f6den<\/li>\n<li>Vertikale LED-Beleuchtung auf 4 Seiten in kaltem Licht.<\/li>\n<li>doppelt verglaste Seiten f\u00fcr bessere W\u00e4rmed\u00e4mmung<\/li>\n<li>2 Fl\u00fcgelt\u00fcren optional abschlie\u00dfbar.<\/li>\n<li>F\u00e4hrt auf 6 Lenkrollen<\/li>\n<li>Touch-Bedienfeld<\/li>\n<\/ul>\n<p>&nbsp;<\/p>\n<table class=\"table table-striped\">\n<tbody>\n<tr>\n<td class=\"he\" colspan=\"2\">TECHNISCHE DATEN<\/td>\n<\/tr>\n<tr>\n<td>Beleuchtung<\/td>\n<td>Nr. 4 vertikale LEDs<\/td>\n<\/tr>\n<tr>\n<td>Liter<\/td>\n<td>800<\/td>\n<\/tr>\n<tr>\n<td>Regale<\/td>\n<td class=\"rip\">halb rund - halb rechteckig<\/p>\n<p><img decoding=\"async\" class=\"\" src=\"http:\/\/www.scaiola.com\/scaiola18.com\/repository\/1\/4\/64\/65\/ita-304.jpg\" width=\"117\" height=\"60\" alt=\"\" title=\"\"><\/td>\n<\/tr>\n<tr>\n<td>Temperatur<\/td>\n<td>+2 +10\u00b0C<\/td>\n<\/tr>\n<tr>\n<td>Gas<\/td>\n<td>R 404a<\/td>\n<\/tr>\n<tr>\n<td>K\u00fchlung<\/td>\n<td class=\"rf\"><img decoding=\"async\" class=\"size-full wp-image-19495 alignleft\" src=\"https:\/\/www.creaearredanegozi.it\/wp-content\/uploads\/2015\/07\/ventilata-e1550060549699.jpg\" alt=\"\" width=\"60\" height=\"67\" title=\"\">Bel\u00fcftet<\/td>\n<\/tr>\n<tr>\n<td>Spannung V\/Hz<\/td>\n<td>230\/50<\/td>\n<\/tr>\n<tr>\n<td>Abmessungen<\/td>\n<td>70 x 127 x 184 h<\/td>\n<\/tr>\n<tr>\n<td>Gewicht Kg<\/td>\n<td>242<\/td>\n<\/tr>\n<tr>\n<td>Zertifizierungen<\/td>\n<td><img decoding=\"async\" class=\"size-full wp-image-19497 alignleft\" src=\"https:\/\/www.creaearredanegozi.it\/wp-content\/uploads\/2015\/07\/CE.jpg\" alt=\"\" width=\"84\" height=\"60\" title=\"\" srcset=\"https:\/\/www.creaearredanegozi.it\/wp-content\/uploads\/2015\/07\/CE.jpg 84w, https:\/\/www.creaearredanegozi.it\/wp-content\/uploads\/2015\/07\/CE-64x46.jpg 64w\" sizes=\"(max-width: 84px) 100vw, 84px\" \/><\/td>\n<\/tr>\n<tr>\n<td>Standardausf\u00fchrungen<\/td>\n<td><img decoding=\"async\" class=\"aligncenter size-full wp-image-19482\" src=\"https:\/\/www.creaearredanegozi.it\/wp-content\/uploads\/2015\/07\/colori_scaiola.jpg\" alt=\"\" width=\"345\" height=\"115\" title=\"\" srcset=\"https:\/\/www.creaearredanegozi.it\/wp-content\/uploads\/2015\/07\/colori_scaiola.jpg 345w, https:\/\/www.creaearredanegozi.it\/wp-content\/uploads\/2015\/07\/colori_scaiola-64x21.jpg 64w, https:\/\/www.creaearredanegozi.it\/wp-content\/uploads\/2015\/07\/colori_scaiola-200x67.jpg 200w\" sizes=\"(max-width: 345px) 100vw, 345px\" \/><\/td>\n<\/tr>\n<\/tbody>\n<\/table>\n<p>&nbsp;<\/p>\n<a href=\"https:\/\/www.creaearredanegozi.it\/wp-content\/uploads\/2015\/07\/800g.pdf\" target=\"_blank\" class=\"button success is-is-outline success is-medium\" rel=\"noopener\" >\n\t\t<span>Brosch\u00fcre<\/span>\n\t<\/a>","protected":false},"excerpt":{"rendered":"<p>Vetrina refrigerata a temperatura normale +2\/+10 800G Scaiola Vetrina espositiva fredda adatta a Pasticceria, salumi e formaggi, carne confezionata e pasta fresca. In dotazione due tipologie di ripiani, da un lato 5 ripiani rettangolari in griglia metallica riposizionabili, dall&#8217;altro 5 ripiani tondi in vetro Illuminazione led verticale sui 4 lati a luce fredda. lati in [&#8230;]","protected":false},"featured_media":121797,"comment_status":"closed","ping_status":"closed","template":"","meta":{"_monsterinsights_skip_tracking":false,"_monsterinsights_sitenote_active":false,"_monsterinsights_sitenote_note":"","_monsterinsights_sitenote_category":0},"product_brand":[700],"product_cat":[256,28],"product_tag":[],"class_list":{"0":"post-3615","1":"product","2":"type-product","3":"status-publish","4":"has-post-thumbnail","6":"product_brand-scaiola","7":"product_cat-fredde","8":"product_cat-vetrine","9":"product_shipping_class-367","10":"pa_marca-scaiola","12":"first","13":"instock","14":"taxable","15":"shipping-taxable","16":"purchasable","17":"product-type-variable"},"_links":{"self":[{"href":"https:\/\/www.creaearredanegozi.it\/de\/wp-json\/wp\/v2\/product\/3615","targetHints":{"allow":["GET"]}}],"collection":[{"href":"https:\/\/www.creaearredanegozi.it\/de\/wp-json\/wp\/v2\/product"}],"about":[{"href":"https:\/\/www.creaearredanegozi.it\/de\/wp-json\/wp\/v2\/types\/product"}],"replies":[{"embeddable":true,"href":"https:\/\/www.creaearredanegozi.it\/de\/wp-json\/wp\/v2\/comments?post=3615"}],"wp:featuredmedia":[{"embeddable":true,"href":"https:\/\/www.creaearredanegozi.it\/de\/wp-json\/wp\/v2\/media\/121797"}],"wp:attachment":[{"href":"https:\/\/www.creaearredanegozi.it\/de\/wp-json\/wp\/v2\/media?parent=3615"}],"wp:term":[{"taxonomy":"product_brand","embeddable":true,"href":"https:\/\/www.creaearredanegozi.it\/de\/wp-json\/wp\/v2\/product_brand?post=3615"},{"taxonomy":"product_cat","embeddable":true,"href":"https:\/\/www.creaearredanegozi.it\/de\/wp-json\/wp\/v2\/product_cat?post=3615"},{"taxonomy":"product_tag","embeddable":true,"href":"https:\/\/www.creaearredanegozi.it\/de\/wp-json\/wp\/v2\/product_tag?post=3615"}],"curies":[{"name":"wp","href":"https:\/\/api.w.org\/{rel}","templated":true}]}}