{"id":3617,"date":"2015-07-13T11:53:53","date_gmt":"2015-07-13T09:53:53","guid":{"rendered":"https:\/\/www.creaearredanegozi.it\/?post_type=product&#038;p=3617"},"modified":"2024-11-07T15:00:31","modified_gmt":"2024-11-07T14:00:31","slug":"normaltemperatur-kuhlvitrine-3p-scaiola","status":"publish","type":"product","link":"https:\/\/www.creaearredanegozi.it\/de\/normaltemperatur-kuhlvitrine-3p-scaiola\/","title":{"rendered":"K\u00fchlregal Normaltemperatur +2\/+10 \u00b0C Aufschnitt, K\u00e4se, Fleisch 3P Scaiola"},"content":{"rendered":"<p><strong>Normaltemperatur-K\u00fchlvitrine <\/strong>geeignet f\u00fcr Wurstwaren, K\u00e4se und Fleisch sowie frische Pasta und Geb\u00e4ck<\/p>\n<p>In seiner 3-t\u00fcrigen Version ist er mit Doppelverglasung und 5 runden Einlegeb\u00f6den f\u00fcr die mittlere T\u00fcr und 5 quadratischen Einlegeb\u00f6den f\u00fcr jede der Seitent\u00fcren ausgestattet, f\u00fcr eine optimale und elegante Pr\u00e4sentation. In \u00e4sthetischer Hinsicht \u00fcberarbeitet, liefert Scaiola seine Produkte in 3 verschiedenen Standardfarben und Sie k\u00f6nnen optional bis zu 200 RAL-Farben w\u00e4hlen<\/p>\n<p>&nbsp;<\/p>\n<table class=\"table table-striped\">\n<tbody>\n<tr>\n<td class=\"he\" colspan=\"2\">TECHNISCHE DATEN<\/td>\n<\/tr>\n<tr>\n<td>Beleuchtung<\/td>\n<td>Nr. 4 Vertikale LEDs<\/td>\n<\/tr>\n<tr>\n<td>Liter<\/td>\n<td>1200<\/td>\n<\/tr>\n<tr>\n<td>Konfiguration des Regals<\/td>\n<td class=\"rip\"><img decoding=\"async\" class=\"aligncenter size-full wp-image-19499\" src=\"https:\/\/www.creaearredanegozi.it\/wp-content\/uploads\/2015\/07\/ripiani-3P.jpg\" alt=\"\" width=\"174\" height=\"60\" title=\"\" srcset=\"https:\/\/www.creaearredanegozi.it\/wp-content\/uploads\/2015\/07\/ripiani-3P.jpg 174w, https:\/\/www.creaearredanegozi.it\/wp-content\/uploads\/2015\/07\/ripiani-3P-64x22.jpg 64w\" sizes=\"(max-width: 174px) 100vw, 174px\" \/><\/td>\n<\/tr>\n<tr>\n<td>Temperatur<\/td>\n<td>+2 +10\u00b0C<\/td>\n<\/tr>\n<tr>\n<td>Gas<\/td>\n<td>R 452a<\/td>\n<\/tr>\n<tr>\n<td>K\u00e4ltetechnik<\/td>\n<td class=\"rf\" style=\"text-align: center;\">Bel\u00fcftet<img decoding=\"async\" class=\"aligncenter wp-image-19495 size-full\" src=\"https:\/\/www.creaearredanegozi.it\/wp-content\/uploads\/2015\/07\/ventilata-e1550060549699.jpg\" alt=\"\" width=\"60\" height=\"67\" title=\"\"><\/td>\n<\/tr>\n<tr>\n<td>Spannung V\/Hz<\/td>\n<td>230\/50<\/td>\n<\/tr>\n<tr>\n<td>Abmessungen (B x T x H)<\/td>\n<td>183 x 70 x 184 h<\/td>\n<\/tr>\n<tr>\n<td>Gewicht Kg<\/td>\n<td>318<\/td>\n<\/tr>\n<tr>\n<td>Zertifizierungen<\/td>\n<td><img decoding=\"async\" class=\"aligncenter size-full wp-image-19497\" src=\"https:\/\/www.creaearredanegozi.it\/wp-content\/uploads\/2015\/07\/CE.jpg\" alt=\"\" width=\"84\" height=\"60\" title=\"\" srcset=\"https:\/\/www.creaearredanegozi.it\/wp-content\/uploads\/2015\/07\/CE.jpg 84w, https:\/\/www.creaearredanegozi.it\/wp-content\/uploads\/2015\/07\/CE-64x46.jpg 64w\" sizes=\"(max-width: 84px) 100vw, 84px\" \/><\/td>\n<\/tr>\n<tr>\n<td>Standard-Farben<\/td>\n<td><img decoding=\"async\" class=\"aligncenter size-full wp-image-19482\" src=\"https:\/\/www.creaearredanegozi.it\/wp-content\/uploads\/2015\/07\/colori_scaiola.jpg\" alt=\"\" width=\"345\" height=\"115\" title=\"\" srcset=\"https:\/\/www.creaearredanegozi.it\/wp-content\/uploads\/2015\/07\/colori_scaiola.jpg 345w, https:\/\/www.creaearredanegozi.it\/wp-content\/uploads\/2015\/07\/colori_scaiola-64x21.jpg 64w, https:\/\/www.creaearredanegozi.it\/wp-content\/uploads\/2015\/07\/colori_scaiola-200x67.jpg 200w\" sizes=\"(max-width: 345px) 100vw, 345px\" \/><\/td>\n<\/tr>\n<tr>\n<td>Entfrosten<\/td>\n<td><strong>Automatisch<\/strong><\/td>\n<\/tr>\n<\/tbody>\n<\/table>\n<p>&nbsp;<\/p>\n<a href=\"https:\/\/www.creaearredanegozi.it\/wp-content\/uploads\/2015\/07\/3P.pdf\" target=\"_blank\" class=\"button primary is-medium\" rel=\"noopener\" >\n\t\t<span>Brosch\u00fcre<\/span>\n\t<\/a>","protected":false},"excerpt":{"rendered":"<p>Vetrina Refrigerata a temperatura normale adatta sia per salumi, formaggi e carne che per pasta fresca e pasticceria Nella sua versione a 3 porte \u00e8 fornita di vetri camera e di 5 ripiani tondi per la porta centrale e 5 ripiani quadrati per ogni una delle porte laterali, per un&#8217;esposizione ottimale ed elegante. Rinnovata nell&#8217;estetica, [&#8230;]","protected":false},"featured_media":19494,"comment_status":"closed","ping_status":"closed","template":"","meta":{"_monsterinsights_skip_tracking":false,"_monsterinsights_sitenote_active":false,"_monsterinsights_sitenote_note":"","_monsterinsights_sitenote_category":0},"product_brand":[700],"product_cat":[256,28],"product_tag":[],"class_list":{"0":"post-3617","1":"product","2":"type-product","3":"status-publish","4":"has-post-thumbnail","6":"product_brand-scaiola","7":"product_cat-fredde","8":"product_cat-vetrine","9":"product_shipping_class-372","10":"pa_marca-scaiola","12":"first","13":"instock","14":"taxable","15":"shipping-taxable","16":"purchasable","17":"product-type-variable"},"_links":{"self":[{"href":"https:\/\/www.creaearredanegozi.it\/de\/wp-json\/wp\/v2\/product\/3617","targetHints":{"allow":["GET"]}}],"collection":[{"href":"https:\/\/www.creaearredanegozi.it\/de\/wp-json\/wp\/v2\/product"}],"about":[{"href":"https:\/\/www.creaearredanegozi.it\/de\/wp-json\/wp\/v2\/types\/product"}],"replies":[{"embeddable":true,"href":"https:\/\/www.creaearredanegozi.it\/de\/wp-json\/wp\/v2\/comments?post=3617"}],"wp:featuredmedia":[{"embeddable":true,"href":"https:\/\/www.creaearredanegozi.it\/de\/wp-json\/wp\/v2\/media\/19494"}],"wp:attachment":[{"href":"https:\/\/www.creaearredanegozi.it\/de\/wp-json\/wp\/v2\/media?parent=3617"}],"wp:term":[{"taxonomy":"product_brand","embeddable":true,"href":"https:\/\/www.creaearredanegozi.it\/de\/wp-json\/wp\/v2\/product_brand?post=3617"},{"taxonomy":"product_cat","embeddable":true,"href":"https:\/\/www.creaearredanegozi.it\/de\/wp-json\/wp\/v2\/product_cat?post=3617"},{"taxonomy":"product_tag","embeddable":true,"href":"https:\/\/www.creaearredanegozi.it\/de\/wp-json\/wp\/v2\/product_tag?post=3617"}],"curies":[{"name":"wp","href":"https:\/\/api.w.org\/{rel}","templated":true}]}}