{"id":3619,"date":"2015-07-13T11:57:02","date_gmt":"2015-07-13T09:57:02","guid":{"rendered":"https:\/\/www.creaearredanegozi.it\/?post_type=product&#038;p=3619"},"modified":"2026-02-09T13:54:33","modified_gmt":"2026-02-09T12:54:33","slug":"tieftemperatur-kuhlvitrine-400bt-scaiola","status":"publish","type":"product","link":"https:\/\/www.creaearredanegozi.it\/de\/tieftemperatur-kuhlvitrine-400bt-scaiola\/","title":{"rendered":"Scaiola 400BT Tieftemperatur-K\u00fchlvitrine"},"content":{"rendered":"<h2 style=\"text-align: center;\">Vetrina Scaiola refrigerata a bassa temperatura 400BT<\/h2>\n<p><strong>Niedertemperatur-K\u00fchlvitrine f\u00fcr Konditoreien und Eisdielen,<\/strong> geeignet f\u00fcr die Pr\u00e4sentation von Eistorten, Parfaits, verpacktem und handwerklich hergestelltem Speiseeis<\/p>\n<p>In seiner quadratischen Form ist er mit 4 doppelt verglasten Scheiben und 4 festen K\u00fchlregalen f\u00fcr eine optimale Pr\u00e4sentation und effiziente K\u00fchlung ausgestattet. In \u00e4sthetischer Hinsicht \u00fcberarbeitet, liefert Scaiola seine Produkte in 3 verschiedenen Standardfarben und Sie k\u00f6nnen optional bis zu 200 RAL-Farben w\u00e4hlen<\/p>\n<p>Optional:<\/p>\n<ul>\n<li>T\u00fcr mit Schl\u00fcssel<\/li>\n<li>Glasb\u00f6den<\/li>\n<li>Auswahl an RAL-Farben<\/li>\n<\/ul>\n<table class=\"table table-striped\">\n<tbody>\n<tr>\n<td class=\"he\" colspan=\"2\"><strong>TECHNISCHE DATEN<\/strong><\/td>\n<\/tr>\n<tr>\n<td>Beleuchtung<\/td>\n<td>Nr. 4 LEDs<\/td>\n<\/tr>\n<tr>\n<td>Liter<\/td>\n<td>400<\/td>\n<\/tr>\n<tr>\n<td>Regale<\/td>\n<td class=\"rip\">4 mit K\u00fchlschlange<\/td>\n<\/tr>\n<tr>\n<td>Temperatur<\/td>\n<td>-5 -20<\/td>\n<\/tr>\n<tr>\n<td>Gas<\/td>\n<td>R 452a<\/td>\n<\/tr>\n<tr>\n<td>K\u00fchlung<\/td>\n<td class=\"rf\">Statik<\/td>\n<\/tr>\n<tr>\n<td>Spannung V\/Hz<\/td>\n<td>230\/50<\/td>\n<\/tr>\n<tr>\n<td>Abmessungen<\/td>\n<td>70 x 70 x 184 h<\/td>\n<\/tr>\n<tr>\n<td>Gewicht Kg<\/td>\n<td>149<\/td>\n<\/tr>\n<tr>\n<td>Zertifizierungen<\/td>\n<td>CE<\/td>\n<\/tr>\n<tr>\n<td>Standard-Farben<\/td>\n<td>Wei\u00df, Schwarz, Silber<\/td>\n<\/tr>\n<\/tbody>\n<\/table>","protected":false},"excerpt":{"rendered":"<p>Vetrina Scaiola refrigerata a bassa temperatura 400BT Vetrina Refrigerata a bassa temperatura per pasticceria e gelateria, adatta all&#8217;esposizione di torte gelato, semifreddi e gelati confezionati e artigianali Nella sua forma quadrata \u00e8 fornita di 4 vetri camera e di 4 ripiani refrigerati fissi per una esposizione ottimale ed una refrigerazione efficiente. Rinnovata nell&#8217;estetica, Scaiola fornisce [&#8230;]","protected":false},"featured_media":121782,"comment_status":"closed","ping_status":"closed","template":"","meta":{"_monsterinsights_skip_tracking":false,"_monsterinsights_sitenote_active":false,"_monsterinsights_sitenote_note":"","_monsterinsights_sitenote_category":0},"product_brand":[700],"product_cat":[256,317,28],"product_tag":[],"class_list":{"0":"post-3619","1":"product","2":"type-product","3":"status-publish","4":"has-post-thumbnail","6":"product_brand-scaiola","7":"product_cat-fredde","8":"product_cat-gelaterie","9":"product_cat-vetrine","10":"product_shipping_class-m","11":"pa_marca-scaiola","13":"first","14":"instock","15":"taxable","16":"shipping-taxable","17":"purchasable","18":"product-type-variable"},"_links":{"self":[{"href":"https:\/\/www.creaearredanegozi.it\/de\/wp-json\/wp\/v2\/product\/3619","targetHints":{"allow":["GET"]}}],"collection":[{"href":"https:\/\/www.creaearredanegozi.it\/de\/wp-json\/wp\/v2\/product"}],"about":[{"href":"https:\/\/www.creaearredanegozi.it\/de\/wp-json\/wp\/v2\/types\/product"}],"replies":[{"embeddable":true,"href":"https:\/\/www.creaearredanegozi.it\/de\/wp-json\/wp\/v2\/comments?post=3619"}],"wp:featuredmedia":[{"embeddable":true,"href":"https:\/\/www.creaearredanegozi.it\/de\/wp-json\/wp\/v2\/media\/121782"}],"wp:attachment":[{"href":"https:\/\/www.creaearredanegozi.it\/de\/wp-json\/wp\/v2\/media?parent=3619"}],"wp:term":[{"taxonomy":"product_brand","embeddable":true,"href":"https:\/\/www.creaearredanegozi.it\/de\/wp-json\/wp\/v2\/product_brand?post=3619"},{"taxonomy":"product_cat","embeddable":true,"href":"https:\/\/www.creaearredanegozi.it\/de\/wp-json\/wp\/v2\/product_cat?post=3619"},{"taxonomy":"product_tag","embeddable":true,"href":"https:\/\/www.creaearredanegozi.it\/de\/wp-json\/wp\/v2\/product_tag?post=3619"}],"curies":[{"name":"wp","href":"https:\/\/api.w.org\/{rel}","templated":true}]}}