{"id":3692,"date":"2015-07-14T10:56:06","date_gmt":"2015-07-14T08:56:06","guid":{"rendered":"https:\/\/www.creaearredanegozi.it\/?post_type=product&#038;p=3692"},"modified":"2023-07-07T17:05:37","modified_gmt":"2023-07-07T15:05:37","slug":"aufsatzfritteuse-32-liter-2500w-220v","status":"publish","type":"product","link":"https:\/\/www.creaearredanegozi.it\/de\/aufsatzfritteuse-32-liter-2500w-220v\/","title":{"rendered":"Tischfritteuse 3,2 Liter 2500W 220V"},"content":{"rendered":"<p>Ideal f\u00fcr alle Arten von frittierten Lebensmitteln, von Pommes frites bis zu frittiertem Fisch, von Ascoli-Oliven bis zu Arancini, usw.<\/p>\n<ul>\n<li>Konstruktion aus rostfreiem Stahl mit geformten Wannen.<\/li>\n<li class=\"mb-2\">Er ist handlich und platzsparend und erm\u00f6glicht dank seiner sehr hohen Heizleistung hohe Brennlasten.<\/li>\n<li class=\"mb-2\">Die geringe ben\u00f6tigte \u00d6lmenge und das spezielle Tauchheizelement sorgen f\u00fcr ein schnelles und gleichm\u00e4\u00dfiges Garen.<\/li>\n<li class=\"mb-2\">Er erreicht die maximale Temperatur in nur 10 Minuten und ist bei maximaler Belastung in nur 2 Minuten wieder auf Temperatur.<\/li>\n<li class=\"mb-2\">Einstellbare Temperatur bis zu 190\u00b0C.<\/li>\n<li class=\"mb-2\">F\u00fcr jeden Beh\u00e4lter werden ein Deckel und ein Korb mitgeliefert.<\/li>\n<li class=\"mb-2\">Jeder Tank ist mit einem manuell r\u00fcckstellbaren Sicherheitsthermostat und einem Positionsschalter f\u00fcr das Bedienfeld ausgestattet.<\/li>\n<li class=\"mb-2\">Das herausnehmbare Heizelement und die geformten Becken machen es zusammen mit dem hygienischen Edelstahl sehr einfach, die Fritteuse immer sauber zu halten.<\/li>\n<\/ul>\n<hr \/>\n<p><strong>Technische Daten<\/strong><\/p>\n<table class=\"table table-striped\" width=\"100%\">\n<tbody>\n<tr>\n<td width=\"505\">Breite in mm<\/td>\n<td>205<\/td>\n<\/tr>\n<tr>\n<td width=\"50%\">Tiefe in mm<\/td>\n<td>375<\/td>\n<\/tr>\n<tr>\n<td class=\"bg-light w-50\">H\u00f6he in mm<\/td>\n<td>310<\/td>\n<\/tr>\n<tr>\n<td class=\"bg-light w-50\">Gewicht<\/td>\n<td>5<\/td>\n<\/tr>\n<tr>\n<td class=\"bg-light w-50\">Breite mit Verpackung in mm<\/td>\n<td>420<\/td>\n<\/tr>\n<tr>\n<td class=\"bg-light w-50\">Tiefe mit Verpackung in mm<\/td>\n<td>240<\/td>\n<\/tr>\n<tr>\n<td class=\"bg-light w-50\">H\u00f6he mit Verpackung in mm<\/td>\n<td>350<\/td>\n<\/tr>\n<tr>\n<td class=\"bg-light w-50\">Gewicht mit Verpackung<\/td>\n<td>6<\/td>\n<\/tr>\n<tr>\n<td class=\"bg-light w-50\">Kapazit\u00e4t in Lt<\/td>\n<td>4<\/td>\n<\/tr>\n<tr>\n<td class=\"bg-light w-50\">Motorleistung in Watt<\/td>\n<td>2200<\/td>\n<\/tr>\n<tr>\n<td class=\"bg-light w-50\">Frequenz Hz<\/td>\n<td>50<\/td>\n<\/tr>\n<tr>\n<td class=\"bg-light w-50\">Spannung Volts<\/td>\n<td>230<\/td>\n<\/tr>\n<\/tbody>\n<\/table>","protected":false},"excerpt":{"rendered":"<p>Ideale per tutti i tipi di fritture, dalle patatine al fritto misto di pesce, dalle olive ascolane agli arancini, ecc. Costruzione in acciaio inossidabile con vasche stampate. Maneggevole e dai ridottissimi ingombri, permette alti carichi di cottura grazie alla sua altissima resa termica. La ridotta quantit\u00e0 di olio necessaria e la speciale resistenza ad immersione [&#8230;]","protected":false},"featured_media":125108,"comment_status":"closed","ping_status":"closed","template":"","meta":{"_monsterinsights_skip_tracking":false,"_monsterinsights_sitenote_active":false,"_monsterinsights_sitenote_note":"","_monsterinsights_sitenote_category":0},"product_brand":[],"product_cat":[9,81,161,80,160,25],"product_tag":[240],"class_list":{"0":"post-3692","1":"product","2":"type-product","3":"status-publish","4":"has-post-thumbnail","6":"product_cat-attrezzature-pub","7":"product_cat-elettriche","8":"product_cat-elettriche-friggitrici-ristorazione","9":"product_cat-friggitrici","10":"product_cat-friggitrici-ristorazione","11":"product_cat-attrezzature-ristoranti-pub-cucine","12":"product_tag-friggitrici","13":"product_shipping_class-48","15":"first","16":"instock","17":"taxable","18":"shipping-taxable","19":"purchasable","20":"product-type-simple"},"_links":{"self":[{"href":"https:\/\/www.creaearredanegozi.it\/de\/wp-json\/wp\/v2\/product\/3692","targetHints":{"allow":["GET"]}}],"collection":[{"href":"https:\/\/www.creaearredanegozi.it\/de\/wp-json\/wp\/v2\/product"}],"about":[{"href":"https:\/\/www.creaearredanegozi.it\/de\/wp-json\/wp\/v2\/types\/product"}],"replies":[{"embeddable":true,"href":"https:\/\/www.creaearredanegozi.it\/de\/wp-json\/wp\/v2\/comments?post=3692"}],"wp:featuredmedia":[{"embeddable":true,"href":"https:\/\/www.creaearredanegozi.it\/de\/wp-json\/wp\/v2\/media\/125108"}],"wp:attachment":[{"href":"https:\/\/www.creaearredanegozi.it\/de\/wp-json\/wp\/v2\/media?parent=3692"}],"wp:term":[{"taxonomy":"product_brand","embeddable":true,"href":"https:\/\/www.creaearredanegozi.it\/de\/wp-json\/wp\/v2\/product_brand?post=3692"},{"taxonomy":"product_cat","embeddable":true,"href":"https:\/\/www.creaearredanegozi.it\/de\/wp-json\/wp\/v2\/product_cat?post=3692"},{"taxonomy":"product_tag","embeddable":true,"href":"https:\/\/www.creaearredanegozi.it\/de\/wp-json\/wp\/v2\/product_tag?post=3692"}],"curies":[{"name":"wp","href":"https:\/\/api.w.org\/{rel}","templated":true}]}}