{"id":4056,"date":"2015-07-18T11:31:49","date_gmt":"2015-07-18T09:31:49","guid":{"rendered":"https:\/\/www.creaearredanegozi.it\/?post_type=product&#038;p=4056"},"modified":"2026-02-19T16:25:56","modified_gmt":"2026-02-19T15:25:56","slug":"supra-bcs1400-statischer-kassenzahler-meta","status":"publish","type":"product","link":"https:\/\/www.creaearredanegozi.it\/de\/supra-bcs1400-statischer-kassenzahler-meta\/","title":{"rendered":"Supra BCS1400 Meta statischer Kassenz\u00e4hler"},"content":{"rendered":"<h2><strong>Meta<\/strong> Statische Kassentheke Supra BCS 1400 mm.<\/h2>\n<p>Die ideale L\u00f6sung f\u00fcr kleine R\u00e4ume. Auf Wunsch kann er mit einer Schublade und einer Scanner-Vorbereitung ausgestattet werden.<\/p>\n<ul>\n<li>Ohne Scanner-Vorbereitung<\/li>\n<\/ul>\n<hr \/>\n<p><strong>Verf\u00fcgbare Farben:<\/strong><\/p>\n<div><img decoding=\"async\" class=\"size-medium wp-image-6866 alignnone\" src=\"https:\/\/www.creaearredanegozi.it\/wp-content\/uploads\/2015\/07\/verde-RAL6029.png\" alt=\"gr\u00fcn-RAL6029\" width=\"80\" height=\"20\" title=\"\" srcset=\"https:\/\/www.creaearredanegozi.it\/wp-content\/uploads\/2015\/07\/verde-RAL6029.png 80w, https:\/\/www.creaearredanegozi.it\/wp-content\/uploads\/2015\/07\/verde-RAL6029-64x16.png 64w\" sizes=\"(max-width: 80px) 100vw, 80px\" \/> Gr\u00fcn - RAL 6029<\/div>\n<div><img decoding=\"async\" class=\"size-medium wp-image-6866 alignnone\" src=\"https:\/\/www.creaearredanegozi.it\/wp-content\/uploads\/2015\/07\/blueRAL5015.png\" alt=\"blauRAL5015\" width=\"80\" height=\"20\" title=\"\"> Blau - RAL 5015<\/div>\n<div><img decoding=\"async\" class=\"size-medium wp-image-6864 alignnone\" src=\"https:\/\/www.creaearredanegozi.it\/wp-content\/uploads\/2015\/07\/gialloRAL1021.png\" alt=\"gelbRAL1021\" width=\"80\" height=\"20\" title=\"\" srcset=\"https:\/\/www.creaearredanegozi.it\/wp-content\/uploads\/2015\/07\/gialloRAL1021.png 80w, https:\/\/www.creaearredanegozi.it\/wp-content\/uploads\/2015\/07\/gialloRAL1021-64x16.png 64w\" sizes=\"(max-width: 80px) 100vw, 80px\" \/> Gelb - RAL 1021<\/div>\n<div><img decoding=\"async\" class=\"size-medium wp-image-6865 alignnone\" src=\"https:\/\/www.creaearredanegozi.it\/wp-content\/uploads\/2015\/07\/rossoRAL3000.png\" alt=\"redRAL3000\" width=\"80\" height=\"20\" title=\"\" srcset=\"https:\/\/www.creaearredanegozi.it\/wp-content\/uploads\/2015\/07\/rossoRAL3000.png 80w, https:\/\/www.creaearredanegozi.it\/wp-content\/uploads\/2015\/07\/rossoRAL3000-64x16.png 64w\" sizes=\"(max-width: 80px) 100vw, 80px\" \/> Rot - RAL 3000<\/div>\n<div><img decoding=\"async\" class=\"size-medium wp-image-6865 alignnone\" src=\"https:\/\/www.creaearredanegozi.it\/wp-content\/uploads\/2015\/07\/Grigio-ral9006.png\" alt=\"\" width=\"80\" height=\"20\" title=\"\"> Grau - RAL 9006<\/div>\n<div><\/div>\n<p>Abmessungen (BxTxH) 1400 x 1030 x 885,5<img decoding=\"async\" class=\"aligncenter wp-image-17100 size-full\" src=\"https:\/\/www.creaearredanegozi.it\/wp-content\/uploads\/2015\/07\/1400_dx_sx_0-e1690380696443.jpg\" alt=\"\" width=\"100%\" height=\"auto\" title=\"\" srcset=\"https:\/\/www.creaearredanegozi.it\/wp-content\/uploads\/2015\/07\/1400_dx_sx_0-e1690380696443.jpg 650w, https:\/\/www.creaearredanegozi.it\/wp-content\/uploads\/2015\/07\/1400_dx_sx_0-e1690380696443-516x281.jpg 516w, https:\/\/www.creaearredanegozi.it\/wp-content\/uploads\/2015\/07\/1400_dx_sx_0-e1690380696443-64x35.jpg 64w\" sizes=\"(max-width: 650px) 100vw, 650px\" \/><br \/>\n<img decoding=\"async\" class=\"aligncenter wp-image-21155 size-large\" src=\"https:\/\/www.creaearredanegozi.it\/wp-content\/uploads\/2015\/07\/bcs1400-1024x640.jpg\" alt=\"\" width=\"100%\" title=\"\" srcset=\"https:\/\/www.creaearredanegozi.it\/wp-content\/uploads\/2015\/07\/bcs1400-1024x640.jpg 1024w, https:\/\/www.creaearredanegozi.it\/wp-content\/uploads\/2015\/07\/bcs1400-516x323.jpg 516w, https:\/\/www.creaearredanegozi.it\/wp-content\/uploads\/2015\/07\/bcs1400-64x40.jpg 64w, https:\/\/www.creaearredanegozi.it\/wp-content\/uploads\/2015\/07\/bcs1400-200x125.jpg 200w, https:\/\/www.creaearredanegozi.it\/wp-content\/uploads\/2015\/07\/bcs1400-500x313.jpg 500w, https:\/\/www.creaearredanegozi.it\/wp-content\/uploads\/2015\/07\/bcs1400-768x480.jpg 768w, https:\/\/www.creaearredanegozi.it\/wp-content\/uploads\/2015\/07\/bcs1400-1140x713.jpg 1140w, https:\/\/www.creaearredanegozi.it\/wp-content\/uploads\/2015\/07\/bcs1400-1000x625.jpg 1000w, https:\/\/www.creaearredanegozi.it\/wp-content\/uploads\/2015\/07\/bcs1400-645x403.jpg 645w, https:\/\/www.creaearredanegozi.it\/wp-content\/uploads\/2015\/07\/bcs1400-560x350.jpg 560w, https:\/\/www.creaearredanegozi.it\/wp-content\/uploads\/2015\/07\/bcs1400-750x469.jpg 750w, https:\/\/www.creaearredanegozi.it\/wp-content\/uploads\/2015\/07\/bcs1400-400x250.jpg 400w, https:\/\/www.creaearredanegozi.it\/wp-content\/uploads\/2015\/07\/bcs1400-510x319.jpg 510w, https:\/\/www.creaearredanegozi.it\/wp-content\/uploads\/2015\/07\/bcs1400.jpg 1200w\" sizes=\"(max-width: 1024px) 100vw, 1024px\" \/><\/p>","protected":false},"excerpt":{"rendered":"<p>Meta Banco Cassa statico Supra BCS da 1400 mm. La soluzione ideale per piccole superfici. A richiesta pu\u00f2 essere fornito di cassetto e piano intermedio e predisposizione scanner. Senza predisposizione scanner Colori disponibili: Verde \u2013 RAL 6029 Blu \u2013 RAL 5015 Giallo \u2013 RAL 1021 Rosso \u2013 RAL 3000 Grigio \u2013 RAL 9006 Dimensioni (LxPxH) [&#8230;]","protected":false},"featured_media":125250,"comment_status":"closed","ping_status":"closed","template":"","meta":{"_monsterinsights_skip_tracking":false,"_monsterinsights_sitenote_active":false,"_monsterinsights_sitenote_note":"","_monsterinsights_sitenote_category":0},"product_brand":[767],"product_cat":[13],"product_tag":[],"class_list":{"0":"post-4056","1":"product","2":"type-product","3":"status-publish","4":"has-post-thumbnail","6":"product_brand-meta","7":"product_cat-banchi-cassa","8":"product_shipping_class-367","10":"first","11":"instock","12":"taxable","13":"shipping-taxable","14":"purchasable","15":"product-type-variable"},"_links":{"self":[{"href":"https:\/\/www.creaearredanegozi.it\/de\/wp-json\/wp\/v2\/product\/4056","targetHints":{"allow":["GET"]}}],"collection":[{"href":"https:\/\/www.creaearredanegozi.it\/de\/wp-json\/wp\/v2\/product"}],"about":[{"href":"https:\/\/www.creaearredanegozi.it\/de\/wp-json\/wp\/v2\/types\/product"}],"replies":[{"embeddable":true,"href":"https:\/\/www.creaearredanegozi.it\/de\/wp-json\/wp\/v2\/comments?post=4056"}],"wp:featuredmedia":[{"embeddable":true,"href":"https:\/\/www.creaearredanegozi.it\/de\/wp-json\/wp\/v2\/media\/125250"}],"wp:attachment":[{"href":"https:\/\/www.creaearredanegozi.it\/de\/wp-json\/wp\/v2\/media?parent=4056"}],"wp:term":[{"taxonomy":"product_brand","embeddable":true,"href":"https:\/\/www.creaearredanegozi.it\/de\/wp-json\/wp\/v2\/product_brand?post=4056"},{"taxonomy":"product_cat","embeddable":true,"href":"https:\/\/www.creaearredanegozi.it\/de\/wp-json\/wp\/v2\/product_cat?post=4056"},{"taxonomy":"product_tag","embeddable":true,"href":"https:\/\/www.creaearredanegozi.it\/de\/wp-json\/wp\/v2\/product_tag?post=4056"}],"curies":[{"name":"wp","href":"https:\/\/api.w.org\/{rel}","templated":true}]}}