{"id":4058,"date":"2015-07-18T11:37:23","date_gmt":"2015-07-18T09:37:23","guid":{"rendered":"https:\/\/www.creaearredanegozi.it\/?post_type=product&#038;p=4058"},"modified":"2026-02-19T16:45:43","modified_gmt":"2026-02-19T15:45:43","slug":"supra-bcs1600-meta-statischer-kassenzahler","status":"publish","type":"product","link":"https:\/\/www.creaearredanegozi.it\/de\/supra-bcs1600-meta-statischer-kassenzahler\/","title":{"rendered":"Supra BCS1600 Meta statischer Kassenz\u00e4hler"},"content":{"rendered":"<h2>Statische Kassentheke 1600 mm.<\/h2>\n<p>Geeignet f\u00fcr kleine und mittlere Fl\u00e4chen. Ausgestattet mit einem Doppelbecken f\u00fcr die Warenannahme und Scanner-Vorbereitung, kann es mit einer Warentrennstange, Schublade und Zwischenboden geliefert werden. in der linken Version wird der Preis um 5% erh\u00f6ht<\/p>\n<p>Serienm\u00e4\u00dfige Ausstattung:<\/p>\n<ul>\n<li>Doppelter Tank zur Warenannahme<\/li>\n<li>Bereitstellung von Scannern<\/li>\n<\/ul>\n<p><strong>Verf\u00fcgbare Farben:<\/strong><\/p>\n<div class=\"field-items\">\n<div class=\"field-item odd\">\n<div class=\"view view-colors view-id-colors view-display-id-block_1 view-dom-id-1\">\n<div class=\"view-content\">\n<div class=\"views-row views-row-1 views-row-odd views-row-first\">\n<div class=\"views-field-tid\"><span class=\"field-content\"><img decoding=\"async\" class=\"size-medium wp-image-6866 alignnone\" src=\"https:\/\/www.creaearredanegozi.it\/wp-content\/uploads\/2015\/07\/verde-RAL6029.png\" alt=\"gr\u00fcn-RAL6029\" width=\"80\" height=\"20\" title=\"\" srcset=\"https:\/\/www.creaearredanegozi.it\/wp-content\/uploads\/2015\/07\/verde-RAL6029.png 80w, https:\/\/www.creaearredanegozi.it\/wp-content\/uploads\/2015\/07\/verde-RAL6029-64x16.png 64w\" sizes=\"(max-width: 80px) 100vw, 80px\" \/> Gr\u00fcn - RAL 6029<\/span><\/div>\n<\/div>\n<div class=\"views-row views-row-2 views-row-even\">\n<div class=\"views-field-tid\"><span class=\"field-content\"><img decoding=\"async\" class=\"size-medium wp-image-6866 alignnone\" src=\"https:\/\/www.creaearredanegozi.it\/wp-content\/uploads\/2015\/07\/blueRAL5015.png\" alt=\"blauRAL5015\" width=\"80\" height=\"20\" title=\"\"> <\/span><span class=\"field-content\">Blau - RAL 5015<\/span><\/div>\n<\/div>\n<div class=\"views-row views-row-3 views-row-odd\">\n<div class=\"views-field-tid\"><span class=\"field-content\"><img decoding=\"async\" class=\"size-medium wp-image-6864 alignnone\" src=\"https:\/\/www.creaearredanegozi.it\/wp-content\/uploads\/2015\/07\/gialloRAL1021.png\" alt=\"gelbRAL1021\" width=\"80\" height=\"20\" title=\"\" srcset=\"https:\/\/www.creaearredanegozi.it\/wp-content\/uploads\/2015\/07\/gialloRAL1021.png 80w, https:\/\/www.creaearredanegozi.it\/wp-content\/uploads\/2015\/07\/gialloRAL1021-64x16.png 64w\" sizes=\"(max-width: 80px) 100vw, 80px\" \/> Gelb - RAL 1021<\/span><\/div>\n<\/div>\n<div class=\"views-row views-row-4 views-row-even views-row-last\">\n<div class=\"views-field-tid\"><span class=\"field-content\"><img decoding=\"async\" class=\"size-medium wp-image-6865 alignnone\" src=\"https:\/\/www.creaearredanegozi.it\/wp-content\/uploads\/2015\/07\/rossoRAL3000.png\" alt=\"redRAL3000\" width=\"80\" height=\"20\" title=\"\" srcset=\"https:\/\/www.creaearredanegozi.it\/wp-content\/uploads\/2015\/07\/rossoRAL3000.png 80w, https:\/\/www.creaearredanegozi.it\/wp-content\/uploads\/2015\/07\/rossoRAL3000-64x16.png 64w\" sizes=\"(max-width: 80px) 100vw, 80px\" \/> Rot - RAL 3000<\/span><\/div>\n<div><img decoding=\"async\" class=\"size-medium wp-image-6865 alignnone\" src=\"https:\/\/www.creaearredanegozi.it\/wp-content\/uploads\/2015\/07\/Grigio-ral9006.png\" alt=\"\" width=\"80\" height=\"20\" title=\"\"> Grau - RAL 9006<\/div>\n<div><\/div>\n<\/div>\n<div>Auf Anfrage ist es m\u00f6glich, ihn in einer kundenspezifischen Farbe zu erhalten, indem die RAL-Nummer mitgeteilt wird. W\u00e4hlen Sie \"Custom Colour\" und Sie werden f\u00fcr ein individuelles Angebot kontaktiert.<\/div>\n<\/div>\n<\/div>\n<\/div>\n<\/div>\n<p>Abmessungen (BxTxH) 1657x1030x885 mm<a href=\"https:\/\/www.creaearredanegozi.it\/wp-content\/uploads\/2015\/07\/BCS1600-misure.jpg\"><img decoding=\"async\" class=\"aligncenter wp-image-125259 size-full\" src=\"https:\/\/www.creaearredanegozi.it\/wp-content\/uploads\/2015\/07\/BCS1600-misure.jpg\" alt=\"\" width=\"100%\" height=\"auto\" title=\"\" srcset=\"https:\/\/www.creaearredanegozi.it\/wp-content\/uploads\/2015\/07\/BCS1600-misure.jpg 1068w, https:\/\/www.creaearredanegozi.it\/wp-content\/uploads\/2015\/07\/BCS1600-misure-250x250.jpg 250w, https:\/\/www.creaearredanegozi.it\/wp-content\/uploads\/2015\/07\/BCS1600-misure-100x100.jpg 100w, https:\/\/www.creaearredanegozi.it\/wp-content\/uploads\/2015\/07\/BCS1600-misure-516x516.jpg 516w, https:\/\/www.creaearredanegozi.it\/wp-content\/uploads\/2015\/07\/BCS1600-misure-64x64.jpg 64w, https:\/\/www.creaearredanegozi.it\/wp-content\/uploads\/2015\/07\/BCS1600-misure-400x400.jpg 400w, https:\/\/www.creaearredanegozi.it\/wp-content\/uploads\/2015\/07\/BCS1600-misure-800x800.jpg 800w, https:\/\/www.creaearredanegozi.it\/wp-content\/uploads\/2015\/07\/BCS1600-misure-280x280.jpg 280w, https:\/\/www.creaearredanegozi.it\/wp-content\/uploads\/2015\/07\/BCS1600-misure-768x768.jpg 768w\" sizes=\"(max-width: 1068px) 100vw, 1068px\" \/><\/a><\/p>\n<hr \/>\n<p><img decoding=\"async\" class=\"aligncenter size-full wp-image-17098\" src=\"https:\/\/www.creaearredanegozi.it\/wp-content\/uploads\/2015\/07\/Versione_dx_sx_1.jpg\" alt=\"\" height=\"100%\" title=\"\" srcset=\"https:\/\/www.creaearredanegozi.it\/wp-content\/uploads\/2015\/07\/Versione_dx_sx_1.jpg 1400w, https:\/\/www.creaearredanegozi.it\/wp-content\/uploads\/2015\/07\/Versione_dx_sx_1-516x313.jpg 516w, https:\/\/www.creaearredanegozi.it\/wp-content\/uploads\/2015\/07\/Versione_dx_sx_1-64x39.jpg 64w, https:\/\/www.creaearredanegozi.it\/wp-content\/uploads\/2015\/07\/Versione_dx_sx_1-200x121.jpg 200w, https:\/\/www.creaearredanegozi.it\/wp-content\/uploads\/2015\/07\/Versione_dx_sx_1-500x304.jpg 500w, https:\/\/www.creaearredanegozi.it\/wp-content\/uploads\/2015\/07\/Versione_dx_sx_1-768x466.jpg 768w, https:\/\/www.creaearredanegozi.it\/wp-content\/uploads\/2015\/07\/Versione_dx_sx_1-1024x622.jpg 1024w, https:\/\/www.creaearredanegozi.it\/wp-content\/uploads\/2015\/07\/Versione_dx_sx_1-1140x692.jpg 1140w, https:\/\/www.creaearredanegozi.it\/wp-content\/uploads\/2015\/07\/Versione_dx_sx_1-1000x607.jpg 1000w, https:\/\/www.creaearredanegozi.it\/wp-content\/uploads\/2015\/07\/Versione_dx_sx_1-645x392.jpg 645w, https:\/\/www.creaearredanegozi.it\/wp-content\/uploads\/2015\/07\/Versione_dx_sx_1-560x340.jpg 560w, https:\/\/www.creaearredanegozi.it\/wp-content\/uploads\/2015\/07\/Versione_dx_sx_1-750x455.jpg 750w, https:\/\/www.creaearredanegozi.it\/wp-content\/uploads\/2015\/07\/Versione_dx_sx_1-400x243.jpg 400w, https:\/\/www.creaearredanegozi.it\/wp-content\/uploads\/2015\/07\/Versione_dx_sx_1-510x310.jpg 510w\" sizes=\"(max-width: 1400px) 100vw, 1400px\" \/><\/p>","protected":false},"excerpt":{"rendered":"<p>Banco Cassa statico da 1600 mm. Adatto per piccole e medio-piccole superfici. Dotato di doppia vasca ricevimento merce e predisposizione scanner, pu\u00f2 essere fornito di barra divisoria merce, cassetto e piano intermedio. nella versione sinistra il prezzo \u00e8 maggiorato del 5% Dotazione di serie: Doppia vasca ricevimento merce Predisposizione per scanner Colori disponibili: Verde \u2013 [&#8230;]","protected":false},"featured_media":129775,"comment_status":"closed","ping_status":"closed","template":"","meta":{"_monsterinsights_skip_tracking":false,"_monsterinsights_sitenote_active":false,"_monsterinsights_sitenote_note":"","_monsterinsights_sitenote_category":0},"product_brand":[767],"product_cat":[13],"product_tag":[],"class_list":{"0":"post-4058","1":"product","2":"type-product","3":"status-publish","4":"has-post-thumbnail","6":"product_brand-meta","7":"product_cat-banchi-cassa","8":"product_shipping_class-367","10":"first","11":"instock","12":"taxable","13":"shipping-taxable","14":"purchasable","15":"product-type-variable"},"_links":{"self":[{"href":"https:\/\/www.creaearredanegozi.it\/de\/wp-json\/wp\/v2\/product\/4058","targetHints":{"allow":["GET"]}}],"collection":[{"href":"https:\/\/www.creaearredanegozi.it\/de\/wp-json\/wp\/v2\/product"}],"about":[{"href":"https:\/\/www.creaearredanegozi.it\/de\/wp-json\/wp\/v2\/types\/product"}],"replies":[{"embeddable":true,"href":"https:\/\/www.creaearredanegozi.it\/de\/wp-json\/wp\/v2\/comments?post=4058"}],"wp:featuredmedia":[{"embeddable":true,"href":"https:\/\/www.creaearredanegozi.it\/de\/wp-json\/wp\/v2\/media\/129775"}],"wp:attachment":[{"href":"https:\/\/www.creaearredanegozi.it\/de\/wp-json\/wp\/v2\/media?parent=4058"}],"wp:term":[{"taxonomy":"product_brand","embeddable":true,"href":"https:\/\/www.creaearredanegozi.it\/de\/wp-json\/wp\/v2\/product_brand?post=4058"},{"taxonomy":"product_cat","embeddable":true,"href":"https:\/\/www.creaearredanegozi.it\/de\/wp-json\/wp\/v2\/product_cat?post=4058"},{"taxonomy":"product_tag","embeddable":true,"href":"https:\/\/www.creaearredanegozi.it\/de\/wp-json\/wp\/v2\/product_tag?post=4058"}],"curies":[{"name":"wp","href":"https:\/\/api.w.org\/{rel}","templated":true}]}}