{"id":4065,"date":"2015-07-18T11:56:41","date_gmt":"2015-07-18T09:56:41","guid":{"rendered":"https:\/\/www.creaearredanegozi.it\/?post_type=product&#038;p=4065"},"modified":"2026-02-19T18:40:58","modified_gmt":"2026-02-19T17:40:58","slug":"supra-bcn2000-meta-kassentisch-mit-band","status":"publish","type":"product","link":"https:\/\/www.creaearredanegozi.it\/de\/supra-bcn2000-meta-kassentisch-mit-band\/","title":{"rendered":"Supra BCN 2000 Meta Kassentisch mit Band"},"content":{"rendered":"<p><strong>Kassenschrank mit 2 m Gurt<\/strong><br \/>\nDies ist der Schrank, der die Anforderungen mittlerer bis gro\u00dfer Bereiche erf\u00fcllt. Komplett mit F\u00f6rderband, Serviceschublade, Warentrennleiste, Bedienfeld und Bandvorschubpedal.<\/p>\n<p>OPTIONEN STANDARDM\u00c4SSIG ENTHALTEN:<\/p>\n<ul>\n<li>F\u00f6rderband<\/li>\n<li>Serviceschublade mit Schl\u00fcssel<\/li>\n<li>Bereitstellung von Scannern<\/li>\n<li>Warentrennstange<\/li>\n<li>Elektrische Schalttafel<\/li>\n<li>Pedal f\u00fcr Bandvorschub<\/li>\n<\/ul>\n<p>Verf\u00fcgbare Farben:<\/p>\n<ul>\n<li>Gr\u00fcn - RAL 6029<\/li>\n<li>Blau - RAL 5015<\/li>\n<li>Gelb - RAL 1021<\/li>\n<li>Rot - RAL 3000<\/li>\n<\/ul>\n<p>Abmessungen (BxTxH) 2082,5 x 1129 x 885 mm<\/p>\n<p>&nbsp;<\/p>\n<p><img decoding=\"async\" class=\"aligncenter wp-image-119401 size-full responsive\" src=\"https:\/\/www.creaearredanegozi.it\/wp-content\/uploads\/2015\/07\/Cassa-SUPRA-BCN-2000-DX-SX.jpg\" alt=\"\" width=\"901\" height=\"310\" title=\"\" srcset=\"https:\/\/www.creaearredanegozi.it\/wp-content\/uploads\/2015\/07\/Cassa-SUPRA-BCN-2000-DX-SX.jpg 901w, https:\/\/www.creaearredanegozi.it\/wp-content\/uploads\/2015\/07\/Cassa-SUPRA-BCN-2000-DX-SX-516x178.jpg 516w, https:\/\/www.creaearredanegozi.it\/wp-content\/uploads\/2015\/07\/Cassa-SUPRA-BCN-2000-DX-SX-64x22.jpg 64w, https:\/\/www.creaearredanegozi.it\/wp-content\/uploads\/2015\/07\/Cassa-SUPRA-BCN-2000-DX-SX-800x275.jpg 800w, https:\/\/www.creaearredanegozi.it\/wp-content\/uploads\/2015\/07\/Cassa-SUPRA-BCN-2000-DX-SX-768x264.jpg 768w, https:\/\/www.creaearredanegozi.it\/wp-content\/uploads\/2015\/07\/Cassa-SUPRA-BCN-2000-DX-SX-510x175.jpg 510w\" sizes=\"(max-width: 901px) 100vw, 901px\" \/><\/p>","protected":false},"excerpt":{"rendered":"<p>Mobile cassa con nastro da 2 mt. E&#8217; il mobile che soddisfa le esigenze di superfici medio-grandi. Completo di nastro trasportatore, cassetto di servizio, barra divisoria merce, quadro comando e pedale avanzamento nastro. OPTIONAL INCLUSI DI SERIE: Nastro trasportatore Cassetto di servizio c\/chiave Predisposizione per scanner Barra divisoria merce Quadro comando elettrico Pedale di avanzamento [&#8230;]","protected":false},"featured_media":5428,"comment_status":"closed","ping_status":"closed","template":"","meta":{"_monsterinsights_skip_tracking":false,"_monsterinsights_sitenote_active":false,"_monsterinsights_sitenote_note":"","_monsterinsights_sitenote_category":0},"product_brand":[767],"product_cat":[13],"product_tag":[],"class_list":{"0":"post-4065","1":"product","2":"type-product","3":"status-publish","4":"has-post-thumbnail","6":"product_brand-meta","7":"product_cat-banchi-cassa","8":"product_shipping_class-372","10":"first","11":"instock","12":"taxable","13":"shipping-taxable","14":"purchasable","15":"product-type-variable"},"_links":{"self":[{"href":"https:\/\/www.creaearredanegozi.it\/de\/wp-json\/wp\/v2\/product\/4065","targetHints":{"allow":["GET"]}}],"collection":[{"href":"https:\/\/www.creaearredanegozi.it\/de\/wp-json\/wp\/v2\/product"}],"about":[{"href":"https:\/\/www.creaearredanegozi.it\/de\/wp-json\/wp\/v2\/types\/product"}],"replies":[{"embeddable":true,"href":"https:\/\/www.creaearredanegozi.it\/de\/wp-json\/wp\/v2\/comments?post=4065"}],"wp:featuredmedia":[{"embeddable":true,"href":"https:\/\/www.creaearredanegozi.it\/de\/wp-json\/wp\/v2\/media\/5428"}],"wp:attachment":[{"href":"https:\/\/www.creaearredanegozi.it\/de\/wp-json\/wp\/v2\/media?parent=4065"}],"wp:term":[{"taxonomy":"product_brand","embeddable":true,"href":"https:\/\/www.creaearredanegozi.it\/de\/wp-json\/wp\/v2\/product_brand?post=4065"},{"taxonomy":"product_cat","embeddable":true,"href":"https:\/\/www.creaearredanegozi.it\/de\/wp-json\/wp\/v2\/product_cat?post=4065"},{"taxonomy":"product_tag","embeddable":true,"href":"https:\/\/www.creaearredanegozi.it\/de\/wp-json\/wp\/v2\/product_tag?post=4065"}],"curies":[{"name":"wp","href":"https:\/\/api.w.org\/{rel}","templated":true}]}}