{"id":4088,"date":"2015-07-20T11:38:04","date_gmt":"2015-07-20T09:38:04","guid":{"rendered":"https:\/\/www.creaearredanegozi.it\/?post_type=product&#038;p=4088"},"modified":"2025-02-20T12:08:33","modified_gmt":"2025-02-20T11:08:33","slug":"elektrobackofen-ek6-italforni","status":"publish","type":"product","link":"https:\/\/www.creaearredanegozi.it\/de\/elektrobackofen-ek6-italforni\/","title":{"rendered":"Elektrischer Pizzaofen 1 Kammer feuerfeste modulare Platte EK6 Italforni"},"content":{"rendered":"<h3><strong>ITALFORNI KOMPAKTER ELEKTROOFEN F\u00dcR PIZZERIEN MIT EINER GARKAMMER.<\/strong><\/h3>\n<p><strong>Garkammer<\/strong> aus aluminisiertem Stahlblech. Feuerfestes Dach. T\u00fcr mit Gegengewicht zum \u00d6ffnen. Absaugung der D\u00e4mpfe. Gesch\u00fctzte Innenbeleuchtung.<\/p>\n<p><strong>Gepanzerte Heizelemente aus rostfreiem Stahl<\/strong>. <strong>Unabh\u00e4ngige R\u00e4ume<\/strong> mit thermostatischer Regelung von <strong>getrennte Luft-\/Bodentemperatur<\/strong>.<\/p>\n<ul>\n<li><strong>GARANTIERTE W\u00c4RMED\u00c4MMUNG<\/strong> durch die Auswahl der besten auf dem Markt erh\u00e4ltlichen Materialien und eine \u00fcber 30-j\u00e4hrige Erfahrung in der Entwicklung und Konstruktion von Hochtemperatur\u00f6fen.<\/li>\n<\/ul>\n<hr \/>\n<table class=\"table table-striped\">\n<colgroup>\n<col \/> <\/colgroup>\n<tbody>\n<tr>\n<td><strong>Geh\u00e4rtetes Glas<\/strong><\/td>\n<td>T\u00fcr mit Fenster aus geh\u00e4rtetem Glas.<\/td>\n<\/tr>\n<tr>\n<td><strong>Beleuchtung<\/strong><\/td>\n<td>Die Garkammern werden von innen mit hochfesten, leistungsstarken Halogenlampen beleuchtet.<\/td>\n<\/tr>\n<tr>\n<td><strong>Z\u00e4hler<\/strong><\/td>\n<td>Ausbalancierte Vordert\u00fcren verbessern das \u00d6ffnen und Schlie\u00dfen.<\/td>\n<\/tr>\n<tr>\n<td><strong>Garkammern<\/strong><\/td>\n<td>Garkammern mit getrennter elektronischer Temperaturregelung von Decke und Kochfeld. Sie k\u00f6nnen vom Bediener leicht kontrolliert und eingestellt werden und erm\u00f6glichen ein einwandfreies Garen f\u00fcr jede Art von Speisen.<\/td>\n<\/tr>\n<tr>\n<td><strong>450\u00b0C<\/strong><\/td>\n<td>\n<div><span style=\"font-family: inherit; font-size: inherit;\">450\u00b0C maximale Backtemperatur.<\/span><\/div>\n<\/td>\n<\/tr>\n<tr>\n<td><strong>Feuerfest<\/strong><\/td>\n<td>Die Brennkammer des EK-Ofens besteht aus aluminisiertem Stahlblech mit einem feuerfesten Kochboden und elektrischen Hochleistungsheizk\u00f6rpern.<\/td>\n<\/tr>\n<tr>\n<td><strong>W\u00e4rmed\u00e4mmung<\/strong><\/td>\n<td>Garantierte W\u00e4rmed\u00e4mmung durch die Auswahl der besten auf dem Markt erh\u00e4ltlichen Materialien und eine \u00fcber 30-j\u00e4hrige Erfahrung in der Planung und im Bau von Hochtemperatur\u00f6fen.<\/td>\n<\/tr>\n<\/tbody>\n<\/table>\n<p><strong>Technische Daten<\/strong><\/p>\n<table class=\"table table-striped\">\n<tbody>\n<tr>\n<td>R\u00e4ume zum Kochen:<\/td>\n<td>n\u00b01<\/td>\n<\/tr>\n<tr>\n<td>Macht:<\/td>\n<td>6,5 kW<\/td>\n<\/tr>\n<tr>\n<td>\u00c4u\u00dfere Abmessungen:<\/td>\n<td>890 x 1190 x 325 mm<\/td>\n<\/tr>\n<tr>\n<td>Innere Abmessungen:<\/td>\n<td>660 x 990 x 140 mm<\/td>\n<\/tr>\n<tr>\n<td>Gewicht:<\/td>\n<td>103 kg<\/td>\n<\/tr>\n<tr>\n<td>Temperatur:<\/td>\n<td>0 ~ 450 \u00b0C<\/td>\n<\/tr>\n<\/tbody>\n<\/table>\n<p><img decoding=\"async\" class=\"aligncenter size-full wp-image-12689\" src=\"https:\/\/www.creaearredanegozi.it\/wp-content\/uploads\/2015\/07\/Misure_EK6.jpg\" alt=\"\" width=\"100%\" title=\"\" srcset=\"https:\/\/www.creaearredanegozi.it\/wp-content\/uploads\/2015\/07\/Misure_EK6.jpg 1007w, https:\/\/www.creaearredanegozi.it\/wp-content\/uploads\/2015\/07\/Misure_EK6-516x151.jpg 516w, https:\/\/www.creaearredanegozi.it\/wp-content\/uploads\/2015\/07\/Misure_EK6-64x19.jpg 64w, https:\/\/www.creaearredanegozi.it\/wp-content\/uploads\/2015\/07\/Misure_EK6-200x59.jpg 200w, https:\/\/www.creaearredanegozi.it\/wp-content\/uploads\/2015\/07\/Misure_EK6-500x146.jpg 500w, https:\/\/www.creaearredanegozi.it\/wp-content\/uploads\/2015\/07\/Misure_EK6-768x225.jpg 768w, https:\/\/www.creaearredanegozi.it\/wp-content\/uploads\/2015\/07\/Misure_EK6-1000x293.jpg 1000w, https:\/\/www.creaearredanegozi.it\/wp-content\/uploads\/2015\/07\/Misure_EK6-645x189.jpg 645w, https:\/\/www.creaearredanegozi.it\/wp-content\/uploads\/2015\/07\/Misure_EK6-560x164.jpg 560w, https:\/\/www.creaearredanegozi.it\/wp-content\/uploads\/2015\/07\/Misure_EK6-750x220.jpg 750w, https:\/\/www.creaearredanegozi.it\/wp-content\/uploads\/2015\/07\/Misure_EK6-400x117.jpg 400w, https:\/\/www.creaearredanegozi.it\/wp-content\/uploads\/2015\/07\/Misure_EK6-510x149.jpg 510w\" sizes=\"(max-width: 1007px) 100vw, 1007px\" \/><\/p>\n<hr \/>\n<p><a href=\"https:\/\/www.creaearredanegozi.it\/wp-content\/uploads\/2015\/07\/EK6-Dimensioni-Interne.png\"><img decoding=\"async\" class=\"alignnone size-medium wp-image-127005 aligncenter\" src=\"https:\/\/www.creaearredanegozi.it\/wp-content\/uploads\/2015\/07\/EK6-Dimensioni-Interne-800x224.png\" alt=\"\" width=\"100%\" height=\"auto\" title=\"\" srcset=\"https:\/\/www.creaearredanegozi.it\/wp-content\/uploads\/2015\/07\/EK6-Dimensioni-Interne-800x224.png 800w, https:\/\/www.creaearredanegozi.it\/wp-content\/uploads\/2015\/07\/EK6-Dimensioni-Interne-516x145.png 516w, https:\/\/www.creaearredanegozi.it\/wp-content\/uploads\/2015\/07\/EK6-Dimensioni-Interne-64x18.png 64w, https:\/\/www.creaearredanegozi.it\/wp-content\/uploads\/2015\/07\/EK6-Dimensioni-Interne-768x215.png 768w, https:\/\/www.creaearredanegozi.it\/wp-content\/uploads\/2015\/07\/EK6-Dimensioni-Interne.png 813w\" sizes=\"(max-width: 800px) 100vw, 800px\" \/><\/a><\/p>\n<p style=\"text-align: center;\">Optionale Unterst\u00fctzung<br \/>\n<img decoding=\"async\" class=\"wp-image-4090 aligncenter\" src=\"https:\/\/www.creaearredanegozi.it\/wp-content\/uploads\/2015\/07\/sek6.png\" alt=\"sek6\" width=\"300px\" height=\"auto\" title=\"\" srcset=\"https:\/\/www.creaearredanegozi.it\/wp-content\/uploads\/2015\/07\/sek6.png 107w, https:\/\/www.creaearredanegozi.it\/wp-content\/uploads\/2015\/07\/sek6-100x100.png 100w, https:\/\/www.creaearredanegozi.it\/wp-content\/uploads\/2015\/07\/sek6-64x63.png 64w\" sizes=\"(max-width: 107px) 100vw, 107px\" \/><\/p>","protected":false},"excerpt":{"rendered":"<p>FORNO ELETTRICO ITALFORNI COMPATTO PER PIZZERIE AD UNA CAMERA DI COTTURA. Camera di cottura in lamiera di acciaio alluminata. Piano in refrattario. Sportello ad apertura controbilanciata. Scarico vapori. Illuminazione interna protetta. Resistenze corazzate in acciaio inox. Camere indipendenti con regolazione termostatica della temperatura separata cielo\/piano. ISOLAMENTO TERMICO GARANTITO dalla scelta dei migliori materiali presenti sul [&#8230;]","protected":false},"featured_media":12686,"comment_status":"open","ping_status":"closed","template":"","meta":{"_monsterinsights_skip_tracking":false,"_monsterinsights_sitenote_active":false,"_monsterinsights_sitenote_note":"","_monsterinsights_sitenote_category":0},"product_brand":[734],"product_cat":[111,16,78],"product_tag":[],"class_list":{"0":"post-4088","1":"product","2":"type-product","3":"status-publish","4":"has-post-thumbnail","6":"product_brand-italforni","7":"product_cat-elettrici","8":"product_cat-forni","9":"product_cat-forni-elettrici","10":"pa_marca-italforni","12":"first","13":"instock","14":"taxable","15":"shipping-taxable","16":"purchasable","17":"product-type-simple"},"_links":{"self":[{"href":"https:\/\/www.creaearredanegozi.it\/de\/wp-json\/wp\/v2\/product\/4088","targetHints":{"allow":["GET"]}}],"collection":[{"href":"https:\/\/www.creaearredanegozi.it\/de\/wp-json\/wp\/v2\/product"}],"about":[{"href":"https:\/\/www.creaearredanegozi.it\/de\/wp-json\/wp\/v2\/types\/product"}],"replies":[{"embeddable":true,"href":"https:\/\/www.creaearredanegozi.it\/de\/wp-json\/wp\/v2\/comments?post=4088"}],"wp:featuredmedia":[{"embeddable":true,"href":"https:\/\/www.creaearredanegozi.it\/de\/wp-json\/wp\/v2\/media\/12686"}],"wp:attachment":[{"href":"https:\/\/www.creaearredanegozi.it\/de\/wp-json\/wp\/v2\/media?parent=4088"}],"wp:term":[{"taxonomy":"product_brand","embeddable":true,"href":"https:\/\/www.creaearredanegozi.it\/de\/wp-json\/wp\/v2\/product_brand?post=4088"},{"taxonomy":"product_cat","embeddable":true,"href":"https:\/\/www.creaearredanegozi.it\/de\/wp-json\/wp\/v2\/product_cat?post=4088"},{"taxonomy":"product_tag","embeddable":true,"href":"https:\/\/www.creaearredanegozi.it\/de\/wp-json\/wp\/v2\/product_tag?post=4088"}],"curies":[{"name":"wp","href":"https:\/\/api.w.org\/{rel}","templated":true}]}}