{"id":4095,"date":"2015-07-21T08:50:17","date_gmt":"2015-07-21T06:50:17","guid":{"rendered":"https:\/\/www.creaearredanegozi.it\/?post_type=product&#038;p=4095"},"modified":"2024-03-11T13:22:33","modified_gmt":"2024-03-11T12:22:33","slug":"elektrobackofen-tk-d11-italforni","status":"publish","type":"product","link":"https:\/\/www.creaearredanegozi.it\/de\/elektrobackofen-tk-d11-italforni\/","title":{"rendered":"Italforni Elektroofen TK D1\/I 6 Pizzen oder 2 Backbleche 60\u00d740"},"content":{"rendered":"<p>Elektrobackofen <strong>italforni<\/strong> f\u00fcr Pizzerien und Konditoreien mit 1 oder 2 Kammern. Ausf\u00fchrung in Edelstahl oder rustikal. Backkammern aus aluminisiertem Stahlblech. Feuerfester Deckel. T\u00fcr mit Gegengewicht zum \u00d6ffnen. Dunstabzug. Gesch\u00fctzte Innenbeleuchtung. Gepanzerte Heizelemente aus rostfreiem Stahl. Unabh\u00e4ngige Kammern mit separater thermostatischer Temperaturregelung oben\/oben.<\/p>\n<p>* THERMISCHE INSOLIERUNG GARANTIERT durch die Auswahl der besten Materialien auf dem Markt und \u00fcber 30 Jahre Erfahrung in der Entwicklung und Konstruktion von Hochtemperatur\u00f6fen.<\/p>\n<p>Entdecken Sie die gesamte Palette <a href=\"https:\/\/www.creaearredanegozi.it\/de\/marke-2\/italforni\/\">Italforni<\/a><\/p>\n<ul>\n<li>Garkammer: Nr. 1<\/li>\n<li>Maximale Leistungsaufnahme: 6,5 Kw<\/li>\n<li>Durchschnittliche Leistung: 3,8 Kw<\/li>\n<li>Stromversorgung: 400V\/3F\/50-60Hz<\/li>\n<li>\u00c4u\u00dfere Abmessungen 1240x940x430<\/li>\n<li>Innere Abmessungen 990x660x150<\/li>\n<li>Gewicht 103 kg<\/li>\n<li>Temperatur 0\/450 \u00b0C<\/li>\n<\/ul>\n<p><strong>Technische Merkmale: <\/strong><\/p>\n<ul>\n<li>Kochfeld und Decke mit gepanzerten Heizelementen aus Edelstahl<\/li>\n<li>Elektromechanisches Bedienfeld<\/li>\n<li>Separate Kochfeld- und Deckenstromregelung<\/li>\n<li>W\u00e4rmed\u00e4mmung<\/li>\n<li>Maximale Backtemperatur 450 \u00b0C<\/li>\n<li>T\u00fcr mit Fenster aus geh\u00e4rtetem Glas<\/li>\n<li>Gegengewichtige Vordert\u00fcren<\/li>\n<li>Halogenlampen mit hoher Best\u00e4ndigkeit und Lichtleistung<\/li>\n<li>Integriertes Haubenmodul<\/li>\n<li>Erh\u00e4ltlich in rostfreiem Stahl oder im rustikalen Stil (I\/R)<\/li>\n<\/ul>\n<hr \/>\n<p><img decoding=\"async\" class=\"alignnone wp-image-117997 size-medium\" title=\"Abmessungen italforni tk d1\" src=\"https:\/\/www.creaearredanegozi.it\/wp-content\/uploads\/2015\/07\/dimensioni-interne-italforni-TK-500x135.jpg\" alt=\"\" width=\"500\" height=\"135\" srcset=\"https:\/\/www.creaearredanegozi.it\/wp-content\/uploads\/2015\/07\/dimensioni-interne-italforni-TK-500x135.jpg 500w, https:\/\/www.creaearredanegozi.it\/wp-content\/uploads\/2015\/07\/dimensioni-interne-italforni-TK-516x139.jpg 516w, https:\/\/www.creaearredanegozi.it\/wp-content\/uploads\/2015\/07\/dimensioni-interne-italforni-TK-64x17.jpg 64w, https:\/\/www.creaearredanegozi.it\/wp-content\/uploads\/2015\/07\/dimensioni-interne-italforni-TK-200x54.jpg 200w, https:\/\/www.creaearredanegozi.it\/wp-content\/uploads\/2015\/07\/dimensioni-interne-italforni-TK-645x174.jpg 645w, https:\/\/www.creaearredanegozi.it\/wp-content\/uploads\/2015\/07\/dimensioni-interne-italforni-TK-560x151.jpg 560w, https:\/\/www.creaearredanegozi.it\/wp-content\/uploads\/2015\/07\/dimensioni-interne-italforni-TK-400x108.jpg 400w, https:\/\/www.creaearredanegozi.it\/wp-content\/uploads\/2015\/07\/dimensioni-interne-italforni-TK.jpg 750w\" sizes=\"(max-width: 500px) 100vw, 500px\" \/><\/p>\n<hr \/>\n<table style=\"border-collapse: collapse; width: 100%;\">\n<tbody>\n<tr>\n<td style=\"width: 50%; text-align: center;\">Unterst\u00fctzung (nicht im Preis inbegriffen, der dem Warenkorb hinzugef\u00fcgt wird)<\/td>\n<td style=\"width: 50%; text-align: center;\">Hefezelle (nicht im Preis enthalten, der in den Warenkorb gelegt wird)<\/td>\n<\/tr>\n<tr>\n<td style=\"width: 50%; text-align: center;\"><img decoding=\"async\" class=\"alignnone wp-image-4097\" src=\"https:\/\/www.creaearredanegozi.it\/wp-content\/uploads\/2015\/07\/PIETEMENT_ITALFORNI_1324978793-300x298.jpg\" alt=\"PIETEMENT_ITALFORNI_1324978793\" width=\"219\" height=\"217\" title=\"\"><\/td>\n<td style=\"width: 50%; text-align: center;\"><img decoding=\"async\" class=\"alignnone wp-image-4091\" src=\"https:\/\/www.creaearredanegozi.it\/wp-content\/uploads\/2015\/07\/cella-di-lievitazione-300x266.jpg\" alt=\"S\u00e4uerungszelle\" width=\"222\" height=\"197\" title=\"\"><\/td>\n<\/tr>\n<\/tbody>\n<\/table>\n<p><a href=\"https:\/\/www.creaearredanegozi.it\/wp-content\/uploads\/2015\/07\/Misure_TKD1i.png\"><img decoding=\"async\" class=\"alignnone size-medium wp-image-126996\" src=\"https:\/\/www.creaearredanegozi.it\/wp-content\/uploads\/2015\/07\/Misure_TKD1i-520x400.png\" alt=\"\" width=\"100%\" height=\"auto\" title=\"\" srcset=\"https:\/\/www.creaearredanegozi.it\/wp-content\/uploads\/2015\/07\/Misure_TKD1i-520x400.png 520w, https:\/\/www.creaearredanegozi.it\/wp-content\/uploads\/2015\/07\/Misure_TKD1i-516x397.png 516w, https:\/\/www.creaearredanegozi.it\/wp-content\/uploads\/2015\/07\/Misure_TKD1i-64x49.png 64w, https:\/\/www.creaearredanegozi.it\/wp-content\/uploads\/2015\/07\/Misure_TKD1i-768x590.png 768w, https:\/\/www.creaearredanegozi.it\/wp-content\/uploads\/2015\/07\/Misure_TKD1i.png 822w\" sizes=\"(max-width: 520px) 100vw, 520px\" \/><\/a><\/p>","protected":false},"excerpt":{"rendered":"<p>Forno elettrico italforni per pizzeria e pasticceria a 1 o 2 camere. Versione acciaio inox o rustico. Camere di cottura in lamiera acciaio alluminate. Piano in refrattario. Sportello ad apertura controbilanciata. Scarico vapori. Illuminazione interna protetta. Resistenze corazzate in acciaio inox. Camere indipendenti con regolazione termostatica della temperatura separata cielo\/piano. * ISOLAMENTO TERMICO GARANTITO dalla [&#8230;]","protected":false},"featured_media":12633,"comment_status":"open","ping_status":"closed","template":"","meta":{"_monsterinsights_skip_tracking":false,"_monsterinsights_sitenote_active":false,"_monsterinsights_sitenote_note":"","_monsterinsights_sitenote_category":0},"product_brand":[734],"product_cat":[78,111,16],"product_tag":[],"class_list":{"0":"post-4095","1":"product","2":"type-product","3":"status-publish","4":"has-post-thumbnail","6":"product_brand-italforni","7":"product_cat-forni-elettrici","8":"product_cat-elettrici","9":"product_cat-forni","10":"pa_marca-italforni","12":"first","13":"instock","14":"taxable","15":"shipping-taxable","16":"purchasable","17":"product-type-simple"},"_links":{"self":[{"href":"https:\/\/www.creaearredanegozi.it\/de\/wp-json\/wp\/v2\/product\/4095","targetHints":{"allow":["GET"]}}],"collection":[{"href":"https:\/\/www.creaearredanegozi.it\/de\/wp-json\/wp\/v2\/product"}],"about":[{"href":"https:\/\/www.creaearredanegozi.it\/de\/wp-json\/wp\/v2\/types\/product"}],"replies":[{"embeddable":true,"href":"https:\/\/www.creaearredanegozi.it\/de\/wp-json\/wp\/v2\/comments?post=4095"}],"wp:featuredmedia":[{"embeddable":true,"href":"https:\/\/www.creaearredanegozi.it\/de\/wp-json\/wp\/v2\/media\/12633"}],"wp:attachment":[{"href":"https:\/\/www.creaearredanegozi.it\/de\/wp-json\/wp\/v2\/media?parent=4095"}],"wp:term":[{"taxonomy":"product_brand","embeddable":true,"href":"https:\/\/www.creaearredanegozi.it\/de\/wp-json\/wp\/v2\/product_brand?post=4095"},{"taxonomy":"product_cat","embeddable":true,"href":"https:\/\/www.creaearredanegozi.it\/de\/wp-json\/wp\/v2\/product_cat?post=4095"},{"taxonomy":"product_tag","embeddable":true,"href":"https:\/\/www.creaearredanegozi.it\/de\/wp-json\/wp\/v2\/product_tag?post=4095"}],"curies":[{"name":"wp","href":"https:\/\/api.w.org\/{rel}","templated":true}]}}