{"id":4100,"date":"2015-07-21T09:02:49","date_gmt":"2015-07-21T07:02:49","guid":{"rendered":"https:\/\/www.creaearredanegozi.it\/?post_type=product&#038;p=4100"},"modified":"2024-02-29T17:46:38","modified_gmt":"2024-02-29T16:46:38","slug":"egb1-italforni-gasofen","status":"publish","type":"product","link":"https:\/\/www.creaearredanegozi.it\/de\/egb1-italforni-gasofen\/","title":{"rendered":"EGB\/i Italforni 2-Kammer-Gasofen mit fahrbarem St\u00e4nder"},"content":{"rendered":"<h2>EGB\/i Italforni 2-Kammer-Gasofen mit fahrbarem St\u00e4nder<\/h2>\n<p><img decoding=\"async\" class=\"size-full wp-image-6074 aligncenter\" src=\"https:\/\/www.creaearredanegozi.it\/wp-content\/uploads\/2015\/07\/EGB-1.jpg\" alt=\"EGB-1\" width=\"100%\" height=\"auto\" title=\"\" srcset=\"https:\/\/www.creaearredanegozi.it\/wp-content\/uploads\/2015\/07\/EGB-1.jpg 579w, https:\/\/www.creaearredanegozi.it\/wp-content\/uploads\/2015\/07\/EGB-1-516x224.jpg 516w, https:\/\/www.creaearredanegozi.it\/wp-content\/uploads\/2015\/07\/EGB-1-64x28.jpg 64w, https:\/\/www.creaearredanegozi.it\/wp-content\/uploads\/2015\/07\/EGB-1-500x217.jpg 500w, https:\/\/www.creaearredanegozi.it\/wp-content\/uploads\/2015\/07\/EGB-1-510x221.jpg 510w, https:\/\/www.creaearredanegozi.it\/wp-content\/uploads\/2015\/07\/EGB-1-560x243.jpg 560w, https:\/\/www.creaearredanegozi.it\/wp-content\/uploads\/2015\/07\/EGB-1-400x173.jpg 400w\" sizes=\"(max-width: 579px) 100vw, 579px\" \/><\/p>\n<p>Modularer Gasofen f\u00fcr Pizzerien und Konditoreien. Rustikale oder Edelstahl-Frontversion. Garkammer aus aluminisiertem Stahlblech. Feuerfester Backofenboden. T\u00fcr mit Gegengewicht zum \u00d6ffnen. Dunstabzug in der Mitte der Kammer. Interne Beleuchtung. Unabh\u00e4ngige Kammern mit elektronischer Temperaturregelung. Gaszufuhr mit Sicherheitsventilen. Brenner unter dem Deckel.<\/p>\n<p>THERMISCHE INSOLIERUNG GARANTIERT durch die Auswahl der besten Materialien auf dem Markt und \u00fcber 30 Jahre Erfahrung in der Entwicklung und Konstruktion von Hochtemperatur\u00f6fen.<\/p>\n<ul>\n<li>2 Backkammern aus aluminisiertem Stahl mit feuerfester Hochleistungsdecke<\/li>\n<li>Atmosph\u00e4rische Brenner, die unter dem feuerfesten Boden angebracht sind<\/li>\n<li>Gasversorgung mit Sicherheitsventilen<\/li>\n<li>Elektromechanisches Bedienfeld (digitale Option auf Anfrage)<\/li>\n<li>W\u00e4rmed\u00e4mmung<\/li>\n<li>Maximale Backtemperatur 420 \u00b0C<\/li>\n<li>T\u00fcr mit Fenster aus geh\u00e4rtetem Glas<\/li>\n<li>Gegengewichtige Vordert\u00fcren<\/li>\n<li>Halogenlampen mit hoher Best\u00e4ndigkeit und Lichtleistung<\/li>\n<li>Integriertes Haubenmodul (ohne Motor)<\/li>\n<li>Erh\u00e4ltlich in rostfreiem Stahl oder im rustikalen Stil<\/li>\n<\/ul>\n<p><img decoding=\"async\" class=\"aligncenter size-full wp-image-6509\" src=\"https:\/\/www.creaearredanegozi.it\/wp-content\/uploads\/2015\/07\/caratteristiche_egbi.png\" alt=\"merkmale_egbi\" width=\"100%\" title=\"\" srcset=\"https:\/\/www.creaearredanegozi.it\/wp-content\/uploads\/2015\/07\/caratteristiche_egbi.png 745w, https:\/\/www.creaearredanegozi.it\/wp-content\/uploads\/2015\/07\/caratteristiche_egbi-516x97.png 516w, https:\/\/www.creaearredanegozi.it\/wp-content\/uploads\/2015\/07\/caratteristiche_egbi-64x12.png 64w, https:\/\/www.creaearredanegozi.it\/wp-content\/uploads\/2015\/07\/caratteristiche_egbi-500x94.png 500w, https:\/\/www.creaearredanegozi.it\/wp-content\/uploads\/2015\/07\/caratteristiche_egbi-510x96.png 510w, https:\/\/www.creaearredanegozi.it\/wp-content\/uploads\/2015\/07\/caratteristiche_egbi-645x121.png 645w, https:\/\/www.creaearredanegozi.it\/wp-content\/uploads\/2015\/07\/caratteristiche_egbi-560x105.png 560w, https:\/\/www.creaearredanegozi.it\/wp-content\/uploads\/2015\/07\/caratteristiche_egbi-400x75.png 400w\" sizes=\"(max-width: 745px) 100vw, 745px\" \/><\/p>\n<hr \/>\n<p>DER PREIS BEZIEHT SICH AUF DIE KOMBINATION WIE AUF DEM FOTO<\/p>\n<p>Sie umfasst:<\/p>\n<ul>\n<li>2 Zimmer<\/li>\n<li>St\u00e4nder mit R\u00e4dern<\/li>\n<li>Haube<\/li>\n<\/ul>\n<hr \/>\n<p>&nbsp;<\/p>\n<p><strong>Zubeh\u00f6r:<\/strong><\/p>\n<div class=\"woocommerce\"><div class=\"products row row-small large-columns-3 medium-columns-3 small-columns-2 has-shadow row-box-shadow-2-hover\">\n<div class=\"product-small col has-hover product type-product post-4111 status-publish first instock product_cat-celle-di-lievitazione product_cat-forni taxable shipping-taxable purchasable product-type-simple\">\n\t<div class=\"col-inner\">\n\t\n<div class=\"badge-container absolute left top z-1\">\n\n<\/div>\n\t<div class=\"product-small box\">\n\t\t<div class=\"box-image\">\n\t\t\t<div class=\"image-zoom_in\">\n\t\t\t\t<a href=\"https:\/\/www.creaearredanegozi.it\/de\/cella-di-lievitazione-bgb1-italforni\/\">\n\t\t\t\t\t<img decoding=\"async\" width=\"250\" height=\"250\" src=\"https:\/\/www.creaearredanegozi.it\/wp-content\/uploads\/woocommerce-placeholder-250x250.png\" class=\"woocommerce-placeholder wp-post-image\" alt=\"Platzhalter\" srcset=\"https:\/\/www.creaearredanegozi.it\/wp-content\/uploads\/woocommerce-placeholder-250x250.png 250w, https:\/\/www.creaearredanegozi.it\/wp-content\/uploads\/woocommerce-placeholder-100x100.png 100w, https:\/\/www.creaearredanegozi.it\/wp-content\/uploads\/woocommerce-placeholder-516x516.png 516w, https:\/\/www.creaearredanegozi.it\/wp-content\/uploads\/woocommerce-placeholder-64x64.png 64w, https:\/\/www.creaearredanegozi.it\/wp-content\/uploads\/woocommerce-placeholder-247x247.png 247w, https:\/\/www.creaearredanegozi.it\/wp-content\/uploads\/woocommerce-placeholder.png 1200w\" sizes=\"(max-width: 250px) 100vw, 250px\" title=\"\" data-no-translation-alt=\"\">\t\t\t\t<\/a>\n\t\t\t<\/div>\n\t\t\t<div class=\"image-tools is-small top right show-on-hover\">\n\t\t\t\t\t\t\t<\/div>\n\t\t\t<div class=\"image-tools is-small hide-for-small bottom left show-on-hover\">\n\t\t\t\t\t\t\t<\/div>\n\t\t\t<div class=\"image-tools grid-tools text-center hide-for-small bottom hover-slide-in show-on-hover\">\n\t\t\t\t\t\t\t<\/div>\n\t\t\t\t\t<\/div>\n\n\t\t<div class=\"box-text box-text-products text-center grid-style-2\">\n\t\t\t<div class=\"title-wrapper\"><p class=\"name product-title woocommerce-loop-product__title\"><a href=\"https:\/\/www.creaearredanegozi.it\/de\/cella-di-lievitazione-bgb1-italforni\/\" class=\"woocommerce-LoopProduct-link woocommerce-loop-product__link\">Hefezelle BGB\/i Italforni<\/a><\/p><\/div><div class=\"price-wrapper\">\n\t<span class=\"price\"><span class=\"woocommerce-Price-amount amount\"><bdi><span class=\"woocommerce-Price-currencySymbol\">\u20ac<\/span>&nbsp;1.226,00<\/bdi><\/span> <small class=\"woocommerce-price-suffix\">+ MWSt<\/small><\/span>\n<\/div><div class=\"add-to-cart-button\"><a href=\"\/de\/wp-json\/wp\/v2\/product\/4100?add-to-cart=4111\" aria-describedby=\"woocommerce_loop_add_to_cart_link_describedby_4111\" data-quantity=\"1\" class=\"primary is-small mb-0 button product_type_simple add_to_cart_button ajax_add_to_cart is-outline\" data-product_id=\"4111\" data-product_sku=\"BGB\" aria-label=\"In den Warenkorb legen: \u201eCella di lievitazione BGB\/i Italforni\u201c\" rel=\"nofollow\" data-success_message=\"\u201eCella di lievitazione BGB\/i Italforni\u201c wurde deinem Warenkorb hinzugef\u00fcgt\" role=\"button\" data-no-translation=\"\" data-trp-gettext=\"\" data-no-translation-aria-label=\"\" data-no-translation-data-success_message=\"\">In den Warenkorb<\/a><\/div>\t<span id=\"woocommerce_loop_add_to_cart_link_describedby_4111\" class=\"screen-reader-text\">\n\t\t\t<\/span>\n\t\t<\/div>\n\t<\/div>\n\t\t<\/div>\n<\/div><\/div><!-- row -->\n<\/div>","protected":false},"excerpt":{"rendered":"<p>&nbsp;<\/p>\n<p>S\u00e4uerungszelle: <p class=\"product woocommerce add_to_cart_inline\" style=\"border:4px solid #ccc; padding: 12px;\"><span class=\"woocommerce-Price-amount amount\"><bdi><span class=\"woocommerce-Price-currencySymbol\">\u20ac<\/span>&nbsp;1.226,00<\/bdi><\/span> <small class=\"woocommerce-price-suffix\">+ MWSt<\/small><a href=\"\/de\/wp-json\/wp\/v2\/product\/4100?add-to-cart=4111\" aria-describedby=\"woocommerce_loop_add_to_cart_link_describedby_4111\" data-quantity=\"1\" class=\"button product_type_simple add_to_cart_button ajax_add_to_cart\" data-product_id=\"4111\" data-product_sku=\"BGB\" aria-label=\"In den Warenkorb legen: \u201eCella di lievitazione BGB\/i Italforni\u201c\" rel=\"nofollow\" data-success_message=\"\u201eCella di lievitazione BGB\/i Italforni\u201c wurde deinem Warenkorb hinzugef\u00fcgt\" role=\"button\" data-no-translation=\"\" data-trp-gettext=\"\" data-no-translation-aria-label=\"\" data-no-translation-data-success_message=\"\">In den Warenkorb<\/a>\t<span id=\"woocommerce_loop_add_to_cart_link_describedby_4111\" class=\"screen-reader-text\">\n\t\t\t<\/span>\n<\/p>","protected":false},"featured_media":6071,"comment_status":"open","ping_status":"closed","template":"","meta":{"_monsterinsights_skip_tracking":false,"_monsterinsights_sitenote_active":false,"_monsterinsights_sitenote_note":"","_monsterinsights_sitenote_category":0},"product_brand":[734],"product_cat":[110,16],"product_tag":[],"class_list":{"0":"post-4100","1":"product","2":"type-product","3":"status-publish","4":"has-post-thumbnail","6":"product_brand-italforni","7":"product_cat-a-gas-forni","8":"product_cat-forni","9":"pa_marca-italforni","11":"first","12":"instock","13":"taxable","14":"shipping-taxable","15":"purchasable","16":"product-type-simple"},"_links":{"self":[{"href":"https:\/\/www.creaearredanegozi.it\/de\/wp-json\/wp\/v2\/product\/4100","targetHints":{"allow":["GET"]}}],"collection":[{"href":"https:\/\/www.creaearredanegozi.it\/de\/wp-json\/wp\/v2\/product"}],"about":[{"href":"https:\/\/www.creaearredanegozi.it\/de\/wp-json\/wp\/v2\/types\/product"}],"replies":[{"embeddable":true,"href":"https:\/\/www.creaearredanegozi.it\/de\/wp-json\/wp\/v2\/comments?post=4100"}],"wp:featuredmedia":[{"embeddable":true,"href":"https:\/\/www.creaearredanegozi.it\/de\/wp-json\/wp\/v2\/media\/6071"}],"wp:attachment":[{"href":"https:\/\/www.creaearredanegozi.it\/de\/wp-json\/wp\/v2\/media?parent=4100"}],"wp:term":[{"taxonomy":"product_brand","embeddable":true,"href":"https:\/\/www.creaearredanegozi.it\/de\/wp-json\/wp\/v2\/product_brand?post=4100"},{"taxonomy":"product_cat","embeddable":true,"href":"https:\/\/www.creaearredanegozi.it\/de\/wp-json\/wp\/v2\/product_cat?post=4100"},{"taxonomy":"product_tag","embeddable":true,"href":"https:\/\/www.creaearredanegozi.it\/de\/wp-json\/wp\/v2\/product_tag?post=4100"}],"curies":[{"name":"wp","href":"https:\/\/api.w.org\/{rel}","templated":true}]}}