{"id":4104,"date":"2015-07-21T09:10:20","date_gmt":"2015-07-21T07:10:20","guid":{"rendered":"https:\/\/www.creaearredanegozi.it\/?post_type=product&#038;p=4104"},"modified":"2024-02-29T18:28:43","modified_gmt":"2024-02-29T17:28:43","slug":"supporto-sek6-italforni","status":"publish","type":"product","link":"https:\/\/www.creaearredanegozi.it\/de\/supporto-sek6-italforni\/","title":{"rendered":"Italforni SEK6 St\u00e4nder f\u00fcr die \u00d6fen EK6 und EK66"},"content":{"rendered":"<p>Supporto adatto ai forni EK6 e EK66 Italforni<br \/>\nDimensioni (mm): 900,5 x 1050 x 940,5<\/p>","protected":false},"excerpt":{"rendered":"<p>Supporto adatto ai forni EK6 e EK66 Italforni Dimensioni (mm): 900,5 x 1050 x 940,5<\/p>","protected":false},"featured_media":4090,"comment_status":"closed","ping_status":"closed","template":"","meta":{"_monsterinsights_skip_tracking":false,"_monsterinsights_sitenote_active":false,"_monsterinsights_sitenote_note":"","_monsterinsights_sitenote_category":0},"product_brand":[],"product_cat":[16,76,112],"product_tag":[],"class_list":{"0":"post-4104","1":"product","2":"type-product","3":"status-publish","4":"has-post-thumbnail","6":"product_cat-forni","7":"product_cat-supporti","8":"product_cat-supporti-forni","9":"product_shipping_class-f","11":"first","12":"instock","13":"taxable","14":"shipping-taxable","15":"purchasable","16":"product-type-simple"},"_links":{"self":[{"href":"https:\/\/www.creaearredanegozi.it\/de\/wp-json\/wp\/v2\/product\/4104","targetHints":{"allow":["GET"]}}],"collection":[{"href":"https:\/\/www.creaearredanegozi.it\/de\/wp-json\/wp\/v2\/product"}],"about":[{"href":"https:\/\/www.creaearredanegozi.it\/de\/wp-json\/wp\/v2\/types\/product"}],"replies":[{"embeddable":true,"href":"https:\/\/www.creaearredanegozi.it\/de\/wp-json\/wp\/v2\/comments?post=4104"}],"wp:featuredmedia":[{"embeddable":true,"href":"https:\/\/www.creaearredanegozi.it\/de\/wp-json\/wp\/v2\/media\/4090"}],"wp:attachment":[{"href":"https:\/\/www.creaearredanegozi.it\/de\/wp-json\/wp\/v2\/media?parent=4104"}],"wp:term":[{"taxonomy":"product_brand","embeddable":true,"href":"https:\/\/www.creaearredanegozi.it\/de\/wp-json\/wp\/v2\/product_brand?post=4104"},{"taxonomy":"product_cat","embeddable":true,"href":"https:\/\/www.creaearredanegozi.it\/de\/wp-json\/wp\/v2\/product_cat?post=4104"},{"taxonomy":"product_tag","embeddable":true,"href":"https:\/\/www.creaearredanegozi.it\/de\/wp-json\/wp\/v2\/product_tag?post=4104"}],"curies":[{"name":"wp","href":"https:\/\/api.w.org\/{rel}","templated":true}]}}