{"id":4116,"date":"2015-07-21T12:10:16","date_gmt":"2015-07-21T10:10:16","guid":{"rendered":"https:\/\/www.creaearredanegozi.it\/?post_type=product&#038;p=4116"},"modified":"2025-10-02T13:26:29","modified_gmt":"2025-10-02T11:26:29","slug":"arbeitstisch-aus-edelstahl-aisi304-mit-rahmen-und-spritzschutz-150-x-70-cm","status":"publish","type":"product","link":"https:\/\/www.creaearredanegozi.it\/de\/arbeitstisch-aus-edelstahl-aisi304-mit-rahmen-und-spritzschutz-150-x-70-cm\/","title":{"rendered":"Arbeitstisch aus Edelstahl AISI304 mit Rahmen und Spritzschutz 150 x 70 cm"},"content":{"rendered":"<h1>Tisch komplett aus Edelstahl AISI 304 mit R\u00fcckwand und Untergestell<\/h1>\n<p>Edelstahl beh\u00e4lt im Laufe der Zeit hervorragende Eigenschaften, die sich in jeder Umgebung auszeichnen: Haltbarkeit, Festigkeit, Rostfreiheit, einfache Wartung und Reinigung.<br \/>\nIn der Vergangenheit war die Verwendung von rostfreiem Stahl den Profik\u00fcchen in der Gastronomie vorbehalten. Aufgrund seiner Vorz\u00fcge und seines \u00e4sthetischen Reizes, der ihn zu einem Designelement macht, wird dieses Material heute jedoch auch h\u00e4ufig f\u00fcr K\u00fcchenm\u00f6bel in Privathaushalten verwendet.<\/p>\n<p>Arbeitstisch aus rostfreiem Stahl AISI 304 mit Spritzschutz, unterer Rahmen auf 3 Seiten geschlossen, schallged\u00e4mpfte Arbeitsfl\u00e4che.<\/p>\n<p>Abmessungen (BxTxH) 1500x700x850 mm<br \/>\nGewicht 39 kg<\/p>\n<p>Wird zerlegt geliefert.<\/p>\n<p style=\"text-align: center;\"><a href=\"https:\/\/www.creaearredanegozi.it\/wp-content\/uploads\/2015\/07\/Misure_tavolo_telaio_alzatina.jpg\"><img decoding=\"async\" width=\"744\" height=\"400\" class=\"alignnone size-medium wp-image-126479\" style=\"width: 740px; max-width: 100%; height: auto;\" src=\"https:\/\/www.creaearredanegozi.it\/wp-content\/uploads\/2015\/07\/Misure_tavolo_telaio_alzatina-744x400.jpg\" alt=\"\" title=\"\" srcset=\"https:\/\/www.creaearredanegozi.it\/wp-content\/uploads\/2015\/07\/Misure_tavolo_telaio_alzatina-744x400.jpg 744w, https:\/\/www.creaearredanegozi.it\/wp-content\/uploads\/2015\/07\/Misure_tavolo_telaio_alzatina-516x277.jpg 516w, https:\/\/www.creaearredanegozi.it\/wp-content\/uploads\/2015\/07\/Misure_tavolo_telaio_alzatina-64x34.jpg 64w, https:\/\/www.creaearredanegozi.it\/wp-content\/uploads\/2015\/07\/Misure_tavolo_telaio_alzatina-768x413.jpg 768w, https:\/\/www.creaearredanegozi.it\/wp-content\/uploads\/2015\/07\/Misure_tavolo_telaio_alzatina.jpg 1042w\" sizes=\"(max-width: 744px) 100vw, 744px\" \/><\/a><\/p>\n<hr \/>\n<table style=\"border-collapse: collapse; width: 100%;\" class=\"mtr-one-row-table mtr-tr-td\">\n<tbody>\n<tr>\n<td style=\"width: 50%;\" class=\"mtr-td-tag\">\n<p style=\"text-align: center;\"><strong>Optional<\/strong><\/p>\n<p><strong>Abfluss\u00f6ffnung<\/strong> direkt in die M\u00fclltonne darunter<\/p>\n<p>Lochdurchmesser: 22 cm<\/p>\n<p>Komplett mit Gummiring<\/p>\n<p>Bitte geben Sie Ihre bevorzugte Seite in den Bestellnotizen an.<\/p><\/td>\n<td style=\"width: 50%;\" class=\"mtr-td-tag\"><img decoding=\"async\" class=\"alignnone size-full wp-image-123413\" style=\"color: #555555;\" src=\"https:\/\/www.creaearredanegozi.it\/wp-content\/uploads\/2015\/07\/Foro_sbarazzo.jpg\" alt=\"\" width=\"467\" height=\"270\" title=\"\" srcset=\"https:\/\/www.creaearredanegozi.it\/wp-content\/uploads\/2015\/07\/Foro_sbarazzo.jpg 467w, https:\/\/www.creaearredanegozi.it\/wp-content\/uploads\/2015\/07\/Foro_sbarazzo-64x37.jpg 64w\" sizes=\"(max-width: 467px) 100vw, 467px\"><\/td>\n<\/tr>\n<\/tbody>\n<\/table>","protected":false},"excerpt":{"rendered":"<p>Tavolo in acciaio inox completamente in AISI 304 con alzatina e telaio inferiore L&#8217;acciaio inox conserva nel tempo eccellenti qualit\u00e0 che risaltano in qualsiasi ambiente: durevolezza, resistenza, assenza di ruggine, facilit\u00e0 di manutenzione e pulizia. L&#8217;impiego dell&#8217;acciaio inox in passato era prerogativa delle cucine professionali utilizzate nei luoghi di ristorazione. Ma viste tutte le sue [&#8230;]","protected":false},"featured_media":125389,"comment_status":"closed","ping_status":"closed","template":"","meta":{"_monsterinsights_skip_tracking":false,"_monsterinsights_sitenote_active":false,"_monsterinsights_sitenote_note":"","_monsterinsights_sitenote_category":0},"product_brand":[772],"product_cat":[18,121],"product_tag":[],"class_list":{"0":"post-4116","1":"product","2":"type-product","3":"status-publish","4":"has-post-thumbnail","6":"product_brand-crea-e-arreda-negozi","7":"product_cat-arredo-acciaio-inox","8":"product_cat-tavoli-refrigerati-lavorazione-inox","9":"product_shipping_class-32","10":"pa_profondita-linea-70","11":"pa_tipo-acciaio-aisi-linea-hq-aisi-304","13":"first","14":"instock","15":"sale","16":"taxable","17":"shipping-taxable","18":"purchasable","19":"product-type-simple"},"_links":{"self":[{"href":"https:\/\/www.creaearredanegozi.it\/de\/wp-json\/wp\/v2\/product\/4116","targetHints":{"allow":["GET"]}}],"collection":[{"href":"https:\/\/www.creaearredanegozi.it\/de\/wp-json\/wp\/v2\/product"}],"about":[{"href":"https:\/\/www.creaearredanegozi.it\/de\/wp-json\/wp\/v2\/types\/product"}],"replies":[{"embeddable":true,"href":"https:\/\/www.creaearredanegozi.it\/de\/wp-json\/wp\/v2\/comments?post=4116"}],"wp:featuredmedia":[{"embeddable":true,"href":"https:\/\/www.creaearredanegozi.it\/de\/wp-json\/wp\/v2\/media\/125389"}],"wp:attachment":[{"href":"https:\/\/www.creaearredanegozi.it\/de\/wp-json\/wp\/v2\/media?parent=4116"}],"wp:term":[{"taxonomy":"product_brand","embeddable":true,"href":"https:\/\/www.creaearredanegozi.it\/de\/wp-json\/wp\/v2\/product_brand?post=4116"},{"taxonomy":"product_cat","embeddable":true,"href":"https:\/\/www.creaearredanegozi.it\/de\/wp-json\/wp\/v2\/product_cat?post=4116"},{"taxonomy":"product_tag","embeddable":true,"href":"https:\/\/www.creaearredanegozi.it\/de\/wp-json\/wp\/v2\/product_tag?post=4116"}],"curies":[{"name":"wp","href":"https:\/\/api.w.org\/{rel}","templated":true}]}}