{"id":4120,"date":"2015-07-21T12:19:10","date_gmt":"2015-07-21T10:19:10","guid":{"rendered":"https:\/\/www.creaearredanegozi.it\/?post_type=product&#038;p=4120"},"modified":"2023-07-03T19:49:47","modified_gmt":"2023-07-03T17:49:47","slug":"arbeitstisch-mit-regal-1500","status":"publish","type":"product","link":"https:\/\/www.creaearredanegozi.it\/de\/arbeitstisch-mit-regal-1500\/","title":{"rendered":"Neutraler Edelstahl-Arbeitstisch mit Zwischenboden Vierkantbeine Tiefe 70 L\u00e4nge nach Wahl"},"content":{"rendered":"<h2>Arbeitstisch aus Edelstahl - quadratische Beine 4x4cm - neutral - schallisolierte Platte<\/h2>\n<p>Edelstahl beh\u00e4lt im Laufe der Zeit hervorragende Eigenschaften, die sich in jeder Umgebung auszeichnen: Haltbarkeit, Festigkeit, Rostfreiheit, einfache Wartung und Reinigung.<br \/>\nIn der Vergangenheit war die Verwendung von rostfreiem Stahl den Profik\u00fcchen in der Gastronomie vorbehalten. Aufgrund seiner Vorz\u00fcge und seines \u00e4sthetischen Reizes, der ihn zu einem Designelement macht, wird dieses Material heute jedoch auch h\u00e4ufig f\u00fcr K\u00fcchenm\u00f6bel in Privathaushalten verwendet.<\/p>\n<ul>\n<li>Vollst\u00e4ndig aus rostfreiem Stahl AISI 304 gefertigt<\/li>\n<li>Demontiert geliefert<\/li>\n<\/ul>\n<table class=\"table table-striped\">\n<tbody>\n<tr>\n<td class=\"col-sm-6\">Arbeitstisch aus rostfreiem Stahl AISI 304<\/td>\n<td class=\"col-sm-6\">wabenf\u00f6rmig und schallisoliert<\/td>\n<\/tr>\n<tr>\n<td class=\"col-sm-6\">quadratische Beine 4x4cm<\/td>\n<td class=\"col-sm-6\">Bodenplatte mit Verst\u00e4rkungs-Omega<\/td>\n<\/tr>\n<tr>\n<td class=\"col-sm-6\">Dicke der Oberseite 4 cm<\/td>\n<td class=\"col-sm-6\">Abmessungen (BxH) 700 x 850\/900 mm<\/td>\n<\/tr>\n<\/tbody>\n<\/table>\n<p>&nbsp;<\/p>","protected":false},"excerpt":{"rendered":"<p>Tavolo da lavoro inox &#8211; gambe quadre 4x4cm &#8211; neutro &#8211; top insonorizzato L&#8217;acciaio inox conserva nel tempo eccellenti qualit\u00e0 che risaltano in qualsiasi ambiente: durevolezza, resistenza, assenza di ruggine, facilit\u00e0 di manutenzione e pulizia. L&#8217;impiego dell&#8217;acciaio inox in passato era prerogativa delle cucine professionali utilizzate nei luoghi di ristorazione. Ma viste tutte le sue [&#8230;]","protected":false},"featured_media":124509,"comment_status":"closed","ping_status":"closed","template":"","meta":{"_monsterinsights_skip_tracking":false,"_monsterinsights_sitenote_active":false,"_monsterinsights_sitenote_note":"","_monsterinsights_sitenote_category":0},"product_brand":[],"product_cat":[121],"product_tag":[],"class_list":{"0":"post-4120","1":"product","2":"type-product","3":"status-publish","4":"has-post-thumbnail","6":"product_cat-tavoli-refrigerati-lavorazione-inox","7":"product_shipping_class-38","9":"first","10":"instock","11":"taxable","12":"shipping-taxable","13":"purchasable","14":"product-type-simple"},"_links":{"self":[{"href":"https:\/\/www.creaearredanegozi.it\/de\/wp-json\/wp\/v2\/product\/4120","targetHints":{"allow":["GET"]}}],"collection":[{"href":"https:\/\/www.creaearredanegozi.it\/de\/wp-json\/wp\/v2\/product"}],"about":[{"href":"https:\/\/www.creaearredanegozi.it\/de\/wp-json\/wp\/v2\/types\/product"}],"replies":[{"embeddable":true,"href":"https:\/\/www.creaearredanegozi.it\/de\/wp-json\/wp\/v2\/comments?post=4120"}],"wp:featuredmedia":[{"embeddable":true,"href":"https:\/\/www.creaearredanegozi.it\/de\/wp-json\/wp\/v2\/media\/124509"}],"wp:attachment":[{"href":"https:\/\/www.creaearredanegozi.it\/de\/wp-json\/wp\/v2\/media?parent=4120"}],"wp:term":[{"taxonomy":"product_brand","embeddable":true,"href":"https:\/\/www.creaearredanegozi.it\/de\/wp-json\/wp\/v2\/product_brand?post=4120"},{"taxonomy":"product_cat","embeddable":true,"href":"https:\/\/www.creaearredanegozi.it\/de\/wp-json\/wp\/v2\/product_cat?post=4120"},{"taxonomy":"product_tag","embeddable":true,"href":"https:\/\/www.creaearredanegozi.it\/de\/wp-json\/wp\/v2\/product_tag?post=4120"}],"curies":[{"name":"wp","href":"https:\/\/api.w.org\/{rel}","templated":true}]}}