{"id":4123,"date":"2015-07-21T12:21:38","date_gmt":"2015-07-21T10:21:38","guid":{"rendered":"https:\/\/www.creaearredanegozi.it\/?post_type=product&#038;p=4123"},"modified":"2024-04-11T18:57:23","modified_gmt":"2024-04-11T16:57:23","slug":"arbeitstisch-mit-regal-und-spritzschutz-1500","status":"publish","type":"product","link":"https:\/\/www.creaearredanegozi.it\/de\/arbeitstisch-mit-regal-und-spritzschutz-1500\/","title":{"rendered":"Arbeitstisch mit Regal und Spritzschutz 1500"},"content":{"rendered":"<p>Edelstahl beh\u00e4lt im Laufe der Zeit hervorragende Eigenschaften, die sich in jeder Umgebung auszeichnen: Haltbarkeit, Festigkeit, Rostfreiheit, einfache Wartung und Reinigung.<br \/>\nIn der Vergangenheit war die Verwendung von rostfreiem Stahl den Profik\u00fcchen in der Gastronomie vorbehalten. Aufgrund seiner Vorz\u00fcge und seines \u00e4sthetischen Reizes, der ihn zu einem Designelement macht, wird dieses Material heute jedoch auch h\u00e4ufig f\u00fcr K\u00fcchenm\u00f6bel in Privathaushalten verwendet.<\/p>\n<p><strong>Eigenschaften<\/strong><\/p>\n<ul>\n<li>Offener Tisch aus Edelstahl AISI 430 mit Spritzschutz und unterer Ablage<\/li>\n<li>Abmessungen (BxTxH) 1500x700x850 mm<\/li>\n<li>Gewicht 47 kg<\/li>\n<\/ul>","protected":false},"excerpt":{"rendered":"<p>L&#8217;acciaio inox conserva nel tempo eccellenti qualit\u00e0 che risaltano in qualsiasi ambiente: durevolezza, resistenza, assenza di ruggine, facilit\u00e0 di manutenzione e pulizia. L&#8217;impiego dell&#8217;acciaio inox in passato era prerogativa delle cucine professionali utilizzate nei luoghi di ristorazione. Ma viste tutte le sue virt\u00f9 e la sua piacevolezza estetica che lo rende elemento di design, questo [&#8230;]","protected":false},"featured_media":125234,"comment_status":"open","ping_status":"closed","template":"","meta":{"_monsterinsights_skip_tracking":false,"_monsterinsights_sitenote_active":false,"_monsterinsights_sitenote_note":"","_monsterinsights_sitenote_category":0},"product_brand":[772],"product_cat":[121,18],"product_tag":[],"class_list":{"0":"post-4123","1":"product","2":"type-product","3":"status-publish","4":"has-post-thumbnail","6":"product_brand-crea-e-arreda-negozi","7":"product_cat-tavoli-refrigerati-lavorazione-inox","8":"product_cat-arredo-acciaio-inox","9":"product_shipping_class-681","10":"pa_dotazione-con-alzatina","11":"pa_dotazione-con-ripiano-inferiore","12":"pa_profondita-linea-70","13":"pa_tipo-acciaio-aisi-linea-eco-aisi-430","14":"pa_versione-a-giorno","16":"first","17":"instock","18":"taxable","19":"shipping-taxable","20":"purchasable","21":"product-type-simple"},"_links":{"self":[{"href":"https:\/\/www.creaearredanegozi.it\/de\/wp-json\/wp\/v2\/product\/4123","targetHints":{"allow":["GET"]}}],"collection":[{"href":"https:\/\/www.creaearredanegozi.it\/de\/wp-json\/wp\/v2\/product"}],"about":[{"href":"https:\/\/www.creaearredanegozi.it\/de\/wp-json\/wp\/v2\/types\/product"}],"replies":[{"embeddable":true,"href":"https:\/\/www.creaearredanegozi.it\/de\/wp-json\/wp\/v2\/comments?post=4123"}],"wp:featuredmedia":[{"embeddable":true,"href":"https:\/\/www.creaearredanegozi.it\/de\/wp-json\/wp\/v2\/media\/125234"}],"wp:attachment":[{"href":"https:\/\/www.creaearredanegozi.it\/de\/wp-json\/wp\/v2\/media?parent=4123"}],"wp:term":[{"taxonomy":"product_brand","embeddable":true,"href":"https:\/\/www.creaearredanegozi.it\/de\/wp-json\/wp\/v2\/product_brand?post=4123"},{"taxonomy":"product_cat","embeddable":true,"href":"https:\/\/www.creaearredanegozi.it\/de\/wp-json\/wp\/v2\/product_cat?post=4123"},{"taxonomy":"product_tag","embeddable":true,"href":"https:\/\/www.creaearredanegozi.it\/de\/wp-json\/wp\/v2\/product_tag?post=4123"}],"curies":[{"name":"wp","href":"https:\/\/api.w.org\/{rel}","templated":true}]}}