{"id":4125,"date":"2015-07-21T12:23:12","date_gmt":"2015-07-21T10:23:12","guid":{"rendered":"https:\/\/www.creaearredanegozi.it\/?post_type=product&#038;p=4125"},"modified":"2023-07-03T19:49:51","modified_gmt":"2023-07-03T17:49:51","slug":"arbeitstisch-mit-regal-und-aufkantung-2000","status":"publish","type":"product","link":"https:\/\/www.creaearredanegozi.it\/de\/arbeitstisch-mit-regal-und-aufkantung-2000\/","title":{"rendered":"Arbeitstisch mit Ablage und Aufkantung L\u00e4nge 200 cm AISI 430"},"content":{"rendered":"<p>Edelstahl beh\u00e4lt im Laufe der Zeit hervorragende Eigenschaften, die sich in jeder Umgebung auszeichnen: Haltbarkeit, Festigkeit, Rostfreiheit, einfache Wartung und Reinigung.<br \/>\nIn der Vergangenheit war die Verwendung von rostfreiem Stahl den Profik\u00fcchen in der Gastronomie vorbehalten. Aufgrund seiner Vorz\u00fcge und seines \u00e4sthetischen Reizes, der ihn zu einem Designelement macht, wird dieses Material heute jedoch auch h\u00e4ufig f\u00fcr K\u00fcchenm\u00f6bel in Privathaushalten verwendet.<\/p>\n<h2>Arbeitstisch aus rostfreiem Stahl, komplett aus AISI 430<\/h2>\n<p>Abmessungen (BxTxH) 2000x700x850 mm<br \/>\nGewicht 61 kg<\/p>\n<p>&nbsp;<\/p>","protected":false},"excerpt":{"rendered":"<p>L&#8217;acciaio inox conserva nel tempo eccellenti qualit\u00e0 che risaltano in qualsiasi ambiente: durevolezza, resistenza, assenza di ruggine, facilit\u00e0 di manutenzione e pulizia. L&#8217;impiego dell&#8217;acciaio inox in passato era prerogativa delle cucine professionali utilizzate nei luoghi di ristorazione. Ma viste tutte le sue virt\u00f9 e la sua piacevolezza estetica che lo rende elemento di design, questo [&#8230;]","protected":false},"featured_media":4124,"comment_status":"closed","ping_status":"closed","template":"","meta":{"_monsterinsights_skip_tracking":false,"_monsterinsights_sitenote_active":false,"_monsterinsights_sitenote_note":"","_monsterinsights_sitenote_category":0},"product_brand":[],"product_cat":[121,18],"product_tag":[],"class_list":{"0":"post-4125","1":"product","2":"type-product","3":"status-publish","4":"has-post-thumbnail","6":"product_cat-tavoli-refrigerati-lavorazione-inox","7":"product_cat-arredo-acciaio-inox","8":"product_shipping_class-33","9":"pa_tipo-acciaio-aisi-linea-eco-aisi-430","11":"first","12":"instock","13":"taxable","14":"shipping-taxable","15":"purchasable","16":"product-type-simple"},"_links":{"self":[{"href":"https:\/\/www.creaearredanegozi.it\/de\/wp-json\/wp\/v2\/product\/4125","targetHints":{"allow":["GET"]}}],"collection":[{"href":"https:\/\/www.creaearredanegozi.it\/de\/wp-json\/wp\/v2\/product"}],"about":[{"href":"https:\/\/www.creaearredanegozi.it\/de\/wp-json\/wp\/v2\/types\/product"}],"replies":[{"embeddable":true,"href":"https:\/\/www.creaearredanegozi.it\/de\/wp-json\/wp\/v2\/comments?post=4125"}],"wp:featuredmedia":[{"embeddable":true,"href":"https:\/\/www.creaearredanegozi.it\/de\/wp-json\/wp\/v2\/media\/4124"}],"wp:attachment":[{"href":"https:\/\/www.creaearredanegozi.it\/de\/wp-json\/wp\/v2\/media?parent=4125"}],"wp:term":[{"taxonomy":"product_brand","embeddable":true,"href":"https:\/\/www.creaearredanegozi.it\/de\/wp-json\/wp\/v2\/product_brand?post=4125"},{"taxonomy":"product_cat","embeddable":true,"href":"https:\/\/www.creaearredanegozi.it\/de\/wp-json\/wp\/v2\/product_cat?post=4125"},{"taxonomy":"product_tag","embeddable":true,"href":"https:\/\/www.creaearredanegozi.it\/de\/wp-json\/wp\/v2\/product_tag?post=4125"}],"curies":[{"name":"wp","href":"https:\/\/api.w.org\/{rel}","templated":true}]}}