{"id":4126,"date":"2015-07-21T12:30:42","date_gmt":"2015-07-21T10:30:42","guid":{"rendered":"https:\/\/www.creaearredanegozi.it\/?post_type=product&#038;p=4126"},"modified":"2024-04-11T19:19:42","modified_gmt":"2024-04-11T17:19:42","slug":"tavolo-lavoro-con-vasca-sinistradestraalzatina-e-ripiano","status":"publish","type":"product","link":"https:\/\/www.creaearredanegozi.it\/de\/tavolo-lavoro-con-vasca-sinistradestraalzatina-e-ripiano\/","title":{"rendered":"Arbeitstisch mit linker\/rechter Spritzwand und Ablage aus Edelstahl AISI 304"},"content":{"rendered":"<p>Edelstahl beh\u00e4lt im Laufe der Zeit hervorragende Eigenschaften, die sich in jeder Umgebung auszeichnen: Haltbarkeit, Festigkeit, Rostfreiheit, einfache Wartung und Reinigung.<br \/>\nIn der Vergangenheit war die Verwendung von rostfreiem Stahl den Profik\u00fcchen in der Gastronomie vorbehalten. Aufgrund seiner Vorz\u00fcge und seines \u00e4sthetischen Reizes, der ihn zu einem Designelement macht, wird dieses Material heute jedoch auch h\u00e4ufig f\u00fcr K\u00fcchenm\u00f6bel in Privathaushalten verwendet.<\/p>\n<p><strong>Eigenschaften<\/strong><\/p>\n<ul>\n<li>Tavolo lavoro con vasca alzatina e ripiano inferiore<\/li>\n<li>Zusammensetzung: rostfreier Stahl AISI 304<\/li>\n<li>Alzatina posteriore: 100 mm<\/li>\n<li>Dimensioni (LxPxH) 1400x700x850 mm<\/li>\n<li>Dimensioni vasca (LxPxH) 400x400x200 mm<\/li>\n<li>Peso 46 kg<\/li>\n<\/ul>\n<p>Idoneo all&#8217;uso con miscelatore a muro<\/p>","protected":false},"excerpt":{"rendered":"<p>L&#8217;acciaio inox conserva nel tempo eccellenti qualit\u00e0 che risaltano in qualsiasi ambiente: durevolezza, resistenza, assenza di ruggine, facilit\u00e0 di manutenzione e pulizia. L&#8217;impiego dell&#8217;acciaio inox in passato era prerogativa delle cucine professionali utilizzate nei luoghi di ristorazione. Ma viste tutte le sue virt\u00f9 e la sua piacevolezza estetica che lo rende elemento di design, questo [&#8230;]","protected":false},"featured_media":127683,"comment_status":"closed","ping_status":"closed","template":"","meta":{"_monsterinsights_skip_tracking":false,"_monsterinsights_sitenote_active":false,"_monsterinsights_sitenote_note":"","_monsterinsights_sitenote_category":0},"product_brand":[772],"product_cat":[119,18,121],"product_tag":[],"class_list":{"0":"post-4126","1":"product","2":"type-product","3":"status-publish","4":"has-post-thumbnail","6":"product_brand-crea-e-arreda-negozi","7":"product_cat-lavatoi","8":"product_cat-arredo-acciaio-inox","9":"product_cat-tavoli-refrigerati-lavorazione-inox","10":"product_shipping_class-i","11":"pa_dotazione-1-vasca","12":"pa_dotazione-con-alzatina","13":"pa_dotazione-con-ripiano-inferiore","14":"pa_tipo-acciaio-aisi-linea-hq-aisi-304","15":"pa_versione-a-giorno","17":"first","18":"instock","19":"taxable","20":"shipping-taxable","21":"purchasable","22":"product-type-variable"},"_links":{"self":[{"href":"https:\/\/www.creaearredanegozi.it\/de\/wp-json\/wp\/v2\/product\/4126","targetHints":{"allow":["GET"]}}],"collection":[{"href":"https:\/\/www.creaearredanegozi.it\/de\/wp-json\/wp\/v2\/product"}],"about":[{"href":"https:\/\/www.creaearredanegozi.it\/de\/wp-json\/wp\/v2\/types\/product"}],"replies":[{"embeddable":true,"href":"https:\/\/www.creaearredanegozi.it\/de\/wp-json\/wp\/v2\/comments?post=4126"}],"wp:featuredmedia":[{"embeddable":true,"href":"https:\/\/www.creaearredanegozi.it\/de\/wp-json\/wp\/v2\/media\/127683"}],"wp:attachment":[{"href":"https:\/\/www.creaearredanegozi.it\/de\/wp-json\/wp\/v2\/media?parent=4126"}],"wp:term":[{"taxonomy":"product_brand","embeddable":true,"href":"https:\/\/www.creaearredanegozi.it\/de\/wp-json\/wp\/v2\/product_brand?post=4126"},{"taxonomy":"product_cat","embeddable":true,"href":"https:\/\/www.creaearredanegozi.it\/de\/wp-json\/wp\/v2\/product_cat?post=4126"},{"taxonomy":"product_tag","embeddable":true,"href":"https:\/\/www.creaearredanegozi.it\/de\/wp-json\/wp\/v2\/product_tag?post=4126"}],"curies":[{"name":"wp","href":"https:\/\/api.w.org\/{rel}","templated":true}]}}