{"id":4168,"date":"2015-07-22T09:12:03","date_gmt":"2015-07-22T07:12:03","guid":{"rendered":"https:\/\/www.creaearredanegozi.it\/?post_type=product&#038;p=4168"},"modified":"2023-11-09T12:03:28","modified_gmt":"2023-11-09T11:03:28","slug":"gelochtes-regal-mit-4-boden","status":"publish","type":"product","link":"https:\/\/www.creaearredanegozi.it\/de\/gelochtes-regal-mit-4-boden\/","title":{"rendered":"Profi-Edelstahlregal mit 4 gelochten B\u00f6den 150x50x180 cm"},"content":{"rendered":"<p>Professionelles Regal aus rostfreiem Stahl mit 4 verstellbaren Regalb\u00f6den. Runde Beine f\u00fcr eine einfache Installation und Konfiguration der Regale.<\/p>\n<ul>\n<li>Struktur und Einlegeb\u00f6den aus rostfreiem Stahl AISI 304<\/li>\n<li>4 gelochte Einlegeb\u00f6den inklusive<\/li>\n<li>Demontiert geliefert<\/li>\n<\/ul>\n<p>Stahlregale f\u00fcr Restaurants sind aus rostfreiem Stahl AISI 304 hergestellt, der die Eignung f\u00fcr den Kontakt mit Lebensmitteln garantiert.<\/p>\n<p>Abmessungen (BxTxH) 150x50x180 cm<\/p>\n<h2>Lebensmittelablagen aus Edelstahl<\/h2>\n<p>Lebensmittelregale aus Edelstahl, die in Profik\u00fcchen verwendet werden, sind robust und leicht abwaschbar. Modelle mit einer geschlitzten Oberseite k\u00f6nnen als Regale f\u00fcr K\u00fchlr\u00e4ume verwendet werden. Nur Regale aus rostfreiem Stahl AISI 304 sind auch f\u00fcr K\u00fchlr\u00e4ume geeignet. Eine <strong>Regal aus rostfreiem Stahl<\/strong> ist die praktische und hygienisch robuste L\u00f6sung f\u00fcr Lebensmittel, Industrie und Pharmazie. K\u00fcchenregale aus Stahl l\u00f6sen Platzprobleme bei der Lagerung von Produkten. Sie lassen sich leicht reinigen und sind eine langlebige Investition. Ma\u00dfgeschneiderte Angebote werden f\u00fcr gro\u00dfe Lieferungen von <strong>Regale aus Edelstahl<\/strong>.<\/p>","protected":false},"excerpt":{"rendered":"<p>Scaffalatura in acciaio inox professionale con 4 ripiani riposizionabili. Gambe tonde per una facile installazione e configurazione dei ripiani. Struttura e ripiani in acciaio inox AISI 304 4 ripiani forati inclusi Fornito Smontato Gli scaffali in acciaio per ristoranti sono quelli costruiti in acciaio inox AISI 304, che garantisce l&#8217;idoneit\u00e0 al contatto alimentare Dimensioni (LxPxH) [&#8230;]","protected":false},"featured_media":126196,"comment_status":"closed","ping_status":"closed","template":"","meta":{"_monsterinsights_skip_tracking":false,"_monsterinsights_sitenote_active":false,"_monsterinsights_sitenote_note":"","_monsterinsights_sitenote_category":0},"product_brand":[772],"product_cat":[120,18],"product_tag":[],"class_list":{"0":"post-4168","1":"product","2":"type-product","3":"status-publish","4":"has-post-thumbnail","6":"product_brand-crea-e-arreda-negozi","7":"product_cat-scaffali","8":"product_cat-arredo-acciaio-inox","9":"product_shipping_class-32","11":"first","12":"instock","13":"taxable","14":"shipping-taxable","15":"purchasable","16":"product-type-simple"},"_links":{"self":[{"href":"https:\/\/www.creaearredanegozi.it\/de\/wp-json\/wp\/v2\/product\/4168","targetHints":{"allow":["GET"]}}],"collection":[{"href":"https:\/\/www.creaearredanegozi.it\/de\/wp-json\/wp\/v2\/product"}],"about":[{"href":"https:\/\/www.creaearredanegozi.it\/de\/wp-json\/wp\/v2\/types\/product"}],"replies":[{"embeddable":true,"href":"https:\/\/www.creaearredanegozi.it\/de\/wp-json\/wp\/v2\/comments?post=4168"}],"wp:featuredmedia":[{"embeddable":true,"href":"https:\/\/www.creaearredanegozi.it\/de\/wp-json\/wp\/v2\/media\/126196"}],"wp:attachment":[{"href":"https:\/\/www.creaearredanegozi.it\/de\/wp-json\/wp\/v2\/media?parent=4168"}],"wp:term":[{"taxonomy":"product_brand","embeddable":true,"href":"https:\/\/www.creaearredanegozi.it\/de\/wp-json\/wp\/v2\/product_brand?post=4168"},{"taxonomy":"product_cat","embeddable":true,"href":"https:\/\/www.creaearredanegozi.it\/de\/wp-json\/wp\/v2\/product_cat?post=4168"},{"taxonomy":"product_tag","embeddable":true,"href":"https:\/\/www.creaearredanegozi.it\/de\/wp-json\/wp\/v2\/product_tag?post=4168"}],"curies":[{"name":"wp","href":"https:\/\/api.w.org\/{rel}","templated":true}]}}