{"id":4198,"date":"2015-07-22T09:59:47","date_gmt":"2015-07-22T07:59:47","guid":{"rendered":"https:\/\/www.creaearredanegozi.it\/?post_type=product&#038;p=4198"},"modified":"2024-05-10T18:44:47","modified_gmt":"2024-05-10T16:44:47","slug":"lavello-inox-1-vasca-con-gocciolatoio-a-sbalzo-vano-lavastoviglie-e-ripiano","status":"publish","type":"product","link":"https:\/\/www.creaearredanegozi.it\/de\/lavello-inox-1-vasca-con-gocciolatoio-a-sbalzo-vano-lavastoviglie-e-ripiano\/","title":{"rendered":"1-Kammer-Edelstahlsp\u00fcle mit \u00fcberstehender Abtropffl\u00e4che, Geschirrsp\u00fclerfach und Ablage"},"content":{"rendered":"<h2>Lavello inox professionale con gocciolatoio a sbalzo<\/h2>\n<p>Edelstahl beh\u00e4lt im Laufe der Zeit hervorragende Eigenschaften, die sich in jeder Umgebung auszeichnen: Haltbarkeit, Festigkeit, Rostfreiheit, einfache Wartung und Reinigung.<br \/>\nIn der Vergangenheit war die Verwendung von rostfreiem Stahl den Profik\u00fcchen in der Gastronomie vorbehalten. Aufgrund seiner Vorz\u00fcge und seines \u00e4sthetischen Reizes, der ihn zu einem Designelement macht, wird dieses Material heute jedoch auch h\u00e4ufig f\u00fcr K\u00fcchenm\u00f6bel in Privathaushalten verwendet.<\/p>\n<ul>\n<li>Materiale: Acciaio Inox AISI 304<\/li>\n<li>Struttura: Acciaio Inox AISI 304<\/li>\n<li>1 Ripiano inferiore<\/li>\n<li>Dimensioni (LxPxH) 1400x700x850 mm<\/li>\n<li>Abmessungen des Tanks 600x500x300<\/li>\n<li>Peso 35 kg<\/li>\n<li>Gocciolatoio a sinistra<\/li>\n<li>Demontiert geliefert<\/li>\n<\/ul>","protected":false},"excerpt":{"rendered":"<p>Lavello inox professionale con gocciolatoio a sbalzo L&#8217;acciaio inox conserva nel tempo eccellenti qualit\u00e0 che risaltano in qualsiasi ambiente: durevolezza, resistenza, assenza di ruggine, facilit\u00e0 di manutenzione e pulizia. L&#8217;impiego dell&#8217;acciaio inox in passato era prerogativa delle cucine professionali utilizzate nei luoghi di ristorazione. Ma viste tutte le sue virt\u00f9 e la sua piacevolezza estetica [&#8230;]","protected":false},"featured_media":4199,"comment_status":"closed","ping_status":"closed","template":"","meta":{"_monsterinsights_skip_tracking":false,"_monsterinsights_sitenote_active":false,"_monsterinsights_sitenote_note":"","_monsterinsights_sitenote_category":0},"product_brand":[772],"product_cat":[119,18],"product_tag":[220,221],"class_list":{"0":"post-4198","1":"product","2":"type-product","3":"status-publish","4":"has-post-thumbnail","6":"product_brand-crea-e-arreda-negozi","7":"product_cat-lavatoi","8":"product_cat-arredo-acciaio-inox","9":"product_tag-lavandino","10":"product_tag-lavello","11":"product_shipping_class-32","12":"pa_dotazione-con-gocciolatoio","13":"pa_dotazione-vano-lavastoviglie","15":"first","16":"instock","17":"taxable","18":"shipping-taxable","19":"purchasable","20":"product-type-variable"},"_links":{"self":[{"href":"https:\/\/www.creaearredanegozi.it\/de\/wp-json\/wp\/v2\/product\/4198","targetHints":{"allow":["GET"]}}],"collection":[{"href":"https:\/\/www.creaearredanegozi.it\/de\/wp-json\/wp\/v2\/product"}],"about":[{"href":"https:\/\/www.creaearredanegozi.it\/de\/wp-json\/wp\/v2\/types\/product"}],"replies":[{"embeddable":true,"href":"https:\/\/www.creaearredanegozi.it\/de\/wp-json\/wp\/v2\/comments?post=4198"}],"wp:featuredmedia":[{"embeddable":true,"href":"https:\/\/www.creaearredanegozi.it\/de\/wp-json\/wp\/v2\/media\/4199"}],"wp:attachment":[{"href":"https:\/\/www.creaearredanegozi.it\/de\/wp-json\/wp\/v2\/media?parent=4198"}],"wp:term":[{"taxonomy":"product_brand","embeddable":true,"href":"https:\/\/www.creaearredanegozi.it\/de\/wp-json\/wp\/v2\/product_brand?post=4198"},{"taxonomy":"product_cat","embeddable":true,"href":"https:\/\/www.creaearredanegozi.it\/de\/wp-json\/wp\/v2\/product_cat?post=4198"},{"taxonomy":"product_tag","embeddable":true,"href":"https:\/\/www.creaearredanegozi.it\/de\/wp-json\/wp\/v2\/product_tag?post=4198"}],"curies":[{"name":"wp","href":"https:\/\/api.w.org\/{rel}","templated":true}]}}