{"id":4200,"date":"2015-07-22T10:02:28","date_gmt":"2015-07-22T08:02:28","guid":{"rendered":"https:\/\/www.creaearredanegozi.it\/?post_type=product&#038;p=4200"},"modified":"2024-02-14T19:28:11","modified_gmt":"2024-02-14T18:28:11","slug":"lavatoio-2-vasche-con-sgocciolstoio-destrosinistrovano-lavastoviglie-e-ripiano","status":"publish","type":"product","link":"https:\/\/www.creaearredanegozi.it\/de\/lavatoio-2-vasche-con-sgocciolstoio-destrosinistrovano-lavastoviglie-e-ripiano\/","title":{"rendered":"2-Becken-Waschbecken mit Abtropffl\u00e4che links\/rechts, Geschirrsp\u00fclerfach und Ablage"},"content":{"rendered":"<p><strong>2-Becken-Waschbecken mit Abtropffl\u00e4che links\/rechts, Geschirrsp\u00fclerfach und Ablage<\/strong><\/p>\n<p>Edelstahl beh\u00e4lt im Laufe der Zeit hervorragende Eigenschaften, die sich in jeder Umgebung auszeichnen: Haltbarkeit, Festigkeit, Rostfreiheit, einfache Wartung und Reinigung.<br \/>\nIn der Vergangenheit war die Verwendung von rostfreiem Stahl den Profik\u00fcchen in der Gastronomie vorbehalten. Aufgrund seiner Vorz\u00fcge und seines \u00e4sthetischen Reizes, der ihn zu einem Designelement macht, wird dieses Material heute jedoch auch h\u00e4ufig f\u00fcr K\u00fcchenm\u00f6bel in Privathaushalten verwendet.<\/p>\n<p>Dimensioni (LxPxH) 1800x700x900 mm<br \/>\nAbmessungen des Tanks 500x500x300<br \/>\nGewicht 42 kg<\/p>\n<p>KUNDENSPEZIFISCHE ABMESSUNGEN SIND MIT UNTERSCHIEDLICHEN PREISEN UND VERSANDKOSTEN ERH\u00c4LTLICH<\/p>","protected":false},"excerpt":{"rendered":"<p>Lavatoio 2 vasche con sgocciolatoio destro\/sinistro vano lavastoviglie e ripiano L&#8217;acciaio inox conserva nel tempo eccellenti qualit\u00e0 che risaltano in qualsiasi ambiente: durevolezza, resistenza, assenza di ruggine, facilit\u00e0 di manutenzione e pulizia. L&#8217;impiego dell&#8217;acciaio inox in passato era prerogativa delle cucine professionali utilizzate nei luoghi di ristorazione. Ma viste tutte le sue virt\u00f9 e la [&#8230;]","protected":false},"featured_media":4201,"comment_status":"open","ping_status":"closed","template":"","meta":{"_monsterinsights_skip_tracking":false,"_monsterinsights_sitenote_active":false,"_monsterinsights_sitenote_note":"","_monsterinsights_sitenote_category":0},"product_brand":[],"product_cat":[18,119],"product_tag":[220,221],"class_list":{"0":"post-4200","1":"product","2":"type-product","3":"status-publish","4":"has-post-thumbnail","6":"product_cat-arredo-acciaio-inox","7":"product_cat-lavatoi","8":"product_tag-lavandino","9":"product_tag-lavello","10":"product_shipping_class-i","11":"pa_dotazione-con-gocciolatoio","12":"pa_dotazione-vano-lavastoviglie","14":"first","15":"instock","16":"sold-individually","17":"taxable","18":"shipping-taxable","19":"purchasable","20":"product-type-simple"},"_links":{"self":[{"href":"https:\/\/www.creaearredanegozi.it\/de\/wp-json\/wp\/v2\/product\/4200","targetHints":{"allow":["GET"]}}],"collection":[{"href":"https:\/\/www.creaearredanegozi.it\/de\/wp-json\/wp\/v2\/product"}],"about":[{"href":"https:\/\/www.creaearredanegozi.it\/de\/wp-json\/wp\/v2\/types\/product"}],"replies":[{"embeddable":true,"href":"https:\/\/www.creaearredanegozi.it\/de\/wp-json\/wp\/v2\/comments?post=4200"}],"wp:featuredmedia":[{"embeddable":true,"href":"https:\/\/www.creaearredanegozi.it\/de\/wp-json\/wp\/v2\/media\/4201"}],"wp:attachment":[{"href":"https:\/\/www.creaearredanegozi.it\/de\/wp-json\/wp\/v2\/media?parent=4200"}],"wp:term":[{"taxonomy":"product_brand","embeddable":true,"href":"https:\/\/www.creaearredanegozi.it\/de\/wp-json\/wp\/v2\/product_brand?post=4200"},{"taxonomy":"product_cat","embeddable":true,"href":"https:\/\/www.creaearredanegozi.it\/de\/wp-json\/wp\/v2\/product_cat?post=4200"},{"taxonomy":"product_tag","embeddable":true,"href":"https:\/\/www.creaearredanegozi.it\/de\/wp-json\/wp\/v2\/product_tag?post=4200"}],"curies":[{"name":"wp","href":"https:\/\/api.w.org\/{rel}","templated":true}]}}