{"id":4241,"date":"2015-07-23T12:15:47","date_gmt":"2015-07-23T10:15:47","guid":{"rendered":"https:\/\/www.creaearredanegozi.it\/?post_type=product&#038;p=4241"},"modified":"2023-07-03T19:49:55","modified_gmt":"2023-07-03T17:49:55","slug":"etb150-thekenvitrine","status":"publish","type":"product","link":"https:\/\/www.creaearredanegozi.it\/de\/etb150-thekenvitrine\/","title":{"rendered":"Thekenvitrine 150x53x55h gerade Gl\u00e4ser 0+90\u00b0 TB150"},"content":{"rendered":"<h2><strong>Warme, technologische, sch\u00f6ne und funktionelle Vitrine mit Steigrohr aus geh\u00e4rtetem Glas und Luftbefeuchter.<\/strong><\/h2>\n<p>Unser gesamtes Sortiment an Vitrinen besteht aus geh\u00e4rtetem Glas, das unseren Produkten die 6-7-fache Bruchfestigkeit einer Glasplatte verleiht. Unsere Vitrinen k\u00f6nnen warm oder neutral sein. Dar\u00fcber hinaus k\u00f6nnen Sie die \u00c4sthetik anpassen, indem Sie die M\u00f6glichkeit haben, die Vitrine oder das Thermofenster so zu gestalten, wie es Ihren Bed\u00fcrfnissen am besten entspricht.<\/p>\n<ul>\n<li>Hochwertiger, hochfester AISI 304-Edelstahlsockel, Scotch Brite-Finish<\/li>\n<li>Thermostatische Steuerung zur Vermeidung von \u00dcberhitzung und f\u00fcr erhebliche Energieeinsparungen<\/li>\n<li>Temperaturleser auf der \u00f6ffentlichen Seite<\/li>\n<li>Gerades Glas<\/li>\n<li>Inklusive Glaszwischenboden<\/li>\n<\/ul>\n<hr \/>\n<p><strong>Technische Daten<\/strong><\/p>\n<table class=\"table table-striped\" style=\"height: 116px;\" width=\"400\">\n<tbody>\n<tr>\n<td width=\"207\">Abmessungen (BxTxH)<\/td>\n<td width=\"141\">150 x 53 x 55 cm<\/td>\n<\/tr>\n<tr>\n<td width=\"207\">Kapazit\u00e4t<\/td>\n<td width=\"141\">4 Tabletts 35 x 45 cm<\/td>\n<\/tr>\n<tr>\n<td width=\"207\">Max. Leistung<\/td>\n<td width=\"141\">1600 Watt<\/td>\n<\/tr>\n<tr>\n<td width=\"207\">Temperatur Max.<\/td>\n<td width=\"141\">90 \u00b0C<\/td>\n<\/tr>\n<tr>\n<td width=\"207\">Volt<\/td>\n<td width=\"141\">240 Einphasig<\/td>\n<\/tr>\n<\/tbody>\n<\/table>","protected":false},"excerpt":{"rendered":"<p>Vetrina Calda, tecnologica, bella e funzionale, con alzata in vetri temperati ed umidificatore. Tutta la linea delle nostre vetrine \u00e8 realizzata in vetro temprato che fornisce ai nostri prodotti una resistenza alla rottura di 6-7 volte superiore a quella di una lastra di vetro qualsiasi. Le nostre vetrine possono essere calde o neutre. Inoltre \u00e8 [&#8230;]","protected":false},"featured_media":119866,"comment_status":"closed","ping_status":"closed","template":"","meta":{"_monsterinsights_skip_tracking":false,"_monsterinsights_sitenote_active":false,"_monsterinsights_sitenote_note":"","_monsterinsights_sitenote_category":0},"product_brand":[],"product_cat":[255,28],"product_tag":[],"class_list":{"0":"post-4241","1":"product","2":"type-product","3":"status-publish","4":"has-post-thumbnail","6":"product_cat-calde","7":"product_cat-vetrine","8":"product_shipping_class-33","10":"first","11":"instock","12":"taxable","13":"shipping-taxable","14":"purchasable","15":"product-type-simple"},"_links":{"self":[{"href":"https:\/\/www.creaearredanegozi.it\/de\/wp-json\/wp\/v2\/product\/4241","targetHints":{"allow":["GET"]}}],"collection":[{"href":"https:\/\/www.creaearredanegozi.it\/de\/wp-json\/wp\/v2\/product"}],"about":[{"href":"https:\/\/www.creaearredanegozi.it\/de\/wp-json\/wp\/v2\/types\/product"}],"replies":[{"embeddable":true,"href":"https:\/\/www.creaearredanegozi.it\/de\/wp-json\/wp\/v2\/comments?post=4241"}],"wp:featuredmedia":[{"embeddable":true,"href":"https:\/\/www.creaearredanegozi.it\/de\/wp-json\/wp\/v2\/media\/119866"}],"wp:attachment":[{"href":"https:\/\/www.creaearredanegozi.it\/de\/wp-json\/wp\/v2\/media?parent=4241"}],"wp:term":[{"taxonomy":"product_brand","embeddable":true,"href":"https:\/\/www.creaearredanegozi.it\/de\/wp-json\/wp\/v2\/product_brand?post=4241"},{"taxonomy":"product_cat","embeddable":true,"href":"https:\/\/www.creaearredanegozi.it\/de\/wp-json\/wp\/v2\/product_cat?post=4241"},{"taxonomy":"product_tag","embeddable":true,"href":"https:\/\/www.creaearredanegozi.it\/de\/wp-json\/wp\/v2\/product_tag?post=4241"}],"curies":[{"name":"wp","href":"https:\/\/api.w.org\/{rel}","templated":true}]}}