{"id":4244,"date":"2015-07-23T12:20:03","date_gmt":"2015-07-23T10:20:03","guid":{"rendered":"https:\/\/www.creaearredanegozi.it\/?post_type=product&#038;p=4244"},"modified":"2023-07-03T19:49:55","modified_gmt":"2023-07-03T17:49:55","slug":"termovetrina-carrellata-etc100","status":"publish","type":"product","link":"https:\/\/www.creaearredanegozi.it\/de\/termovetrina-carrellata-etc100\/","title":{"rendered":"Thermo-Fenster mit Wagen 0+90\u00b0 100\u00d753 TC100"},"content":{"rendered":"<p>Hochwertige, hochfeste Konstruktion aus rostfreiem Stahl AISI 304. Scotch Brite Oberfl\u00e4che. Warme, technologisch sch\u00f6ne und funktionelle Vitrine, mit Steigrohr aus geh\u00e4rtetem Glas und Befeuchter.<\/p>\n<p>Die gesamte Linie unserer hei\u00dfen Theken besteht aus geh\u00e4rtetem Glas, das unseren Produkten die 6-7-fache Bruchfestigkeit einer Glasplatte verleiht. Unsere Produkte k\u00f6nnen hei\u00df oder neutral sein.<\/p>\n<ul>\n<li>Thermostatische Steuerung zur Vermeidung von \u00dcberhitzung und f\u00fcr erhebliche Energieeinsparungen;<\/li>\n<li>Temperaturleser auf der \u00f6ffentlichen Seite;<\/li>\n<li>Inklusive Innenbeleuchtung;<\/li>\n<li>Inklusive 4-Rad-Kit;<\/li>\n<li>Stromversorgung 240V 1N<\/li>\n<li>Max. Temperatur 90 \u00b0C<\/li>\n<\/ul>\n<p>Dimensioni (LxPxH) 100x53x135 cm<br \/>\nCapacit\u00e0 3 vassoi 30&#215;45<br \/>\nPotenza Max. 1000 Watt<br \/>\nTemperatura Max: 90\u00b0C<br \/>\nVolt: 240 monofase<\/p>","protected":false},"excerpt":{"rendered":"<p>Costruzione Inox AISI 304 di altissima qualit\u00e0 ed elevata resistenza. Finitura Scotch Brite. Vetrina Calda, tecnologica bella e funzionale, con alzata in vetri temperati ed umidificatore. Tutta la linea delle nostre vetrine che va a costituire i banchetti caldi \u00e8 realizzata in vetro temprato che fornisce ai nostri prodotti una resistenza alla rottura di 6-7 [&#8230;]","protected":false},"featured_media":119865,"comment_status":"closed","ping_status":"closed","template":"","meta":{"_monsterinsights_skip_tracking":false,"_monsterinsights_sitenote_active":false,"_monsterinsights_sitenote_note":"","_monsterinsights_sitenote_category":0},"product_brand":[],"product_cat":[255,28],"product_tag":[],"class_list":{"0":"post-4244","1":"product","2":"type-product","3":"status-publish","4":"has-post-thumbnail","6":"product_cat-calde","7":"product_cat-vetrine","8":"product_shipping_class-c","10":"first","11":"instock","12":"taxable","13":"shipping-taxable","14":"purchasable","15":"product-type-simple"},"_links":{"self":[{"href":"https:\/\/www.creaearredanegozi.it\/de\/wp-json\/wp\/v2\/product\/4244","targetHints":{"allow":["GET"]}}],"collection":[{"href":"https:\/\/www.creaearredanegozi.it\/de\/wp-json\/wp\/v2\/product"}],"about":[{"href":"https:\/\/www.creaearredanegozi.it\/de\/wp-json\/wp\/v2\/types\/product"}],"replies":[{"embeddable":true,"href":"https:\/\/www.creaearredanegozi.it\/de\/wp-json\/wp\/v2\/comments?post=4244"}],"wp:featuredmedia":[{"embeddable":true,"href":"https:\/\/www.creaearredanegozi.it\/de\/wp-json\/wp\/v2\/media\/119865"}],"wp:attachment":[{"href":"https:\/\/www.creaearredanegozi.it\/de\/wp-json\/wp\/v2\/media?parent=4244"}],"wp:term":[{"taxonomy":"product_brand","embeddable":true,"href":"https:\/\/www.creaearredanegozi.it\/de\/wp-json\/wp\/v2\/product_brand?post=4244"},{"taxonomy":"product_cat","embeddable":true,"href":"https:\/\/www.creaearredanegozi.it\/de\/wp-json\/wp\/v2\/product_cat?post=4244"},{"taxonomy":"product_tag","embeddable":true,"href":"https:\/\/www.creaearredanegozi.it\/de\/wp-json\/wp\/v2\/product_tag?post=4244"}],"curies":[{"name":"wp","href":"https:\/\/api.w.org\/{rel}","templated":true}]}}