{"id":4245,"date":"2015-07-23T12:21:17","date_gmt":"2015-07-23T10:21:17","guid":{"rendered":"https:\/\/www.creaearredanegozi.it\/?post_type=product&#038;p=4245"},"modified":"2023-07-03T19:49:55","modified_gmt":"2023-07-03T17:49:55","slug":"rollbare-thermofenster-etc150","status":"publish","type":"product","link":"https:\/\/www.creaearredanegozi.it\/de\/rollbare-thermofenster-etc150\/","title":{"rendered":"Wagenmontiertes Thermofenster 0+90\u00b0 150\u00d753 TC150"},"content":{"rendered":"<p>Hochwertige, hochfeste Konstruktion aus rostfreiem Stahl AISI 304. Scotch Brite Oberfl\u00e4che. Warme, technologisch sch\u00f6ne und funktionelle Vitrine, mit Steigrohr aus geh\u00e4rtetem Glas und Befeuchter.<\/p>\n<p>Die gesamte Linie unserer hei\u00dfen Theken besteht aus geh\u00e4rtetem Glas, das unseren Produkten die 6-7-fache Bruchfestigkeit einer Glasplatte verleiht. Unsere Produkte k\u00f6nnen hei\u00df oder neutral sein.<\/p>\n<ul>\n<li>Thermostatische Steuerung zur Vermeidung von \u00dcberhitzung und f\u00fcr erhebliche Energieeinsparungen;<\/li>\n<li>Temperaturleser auf der \u00f6ffentlichen Seite;<\/li>\n<li>Inklusive Innenbeleuchtung;<\/li>\n<li>Inklusive 4-Rad-Kit;<\/li>\n<li>Stromversorgung 240V 1N<\/li>\n<li>Max. Temperatur 90 \u00b0C<\/li>\n<\/ul>\n<p>Abmessungen (BxTxH) 150x53x135 cm<br \/>\nKapazit\u00e4t 4 Tabletts 35\u00d745<br \/>\nMax. Leistung 1600 Watt<\/p>","protected":false},"excerpt":{"rendered":"<p>Costruzione Inox AISI 304 di altissima qualit\u00e0 ed elevata resistenza. Finitura Scotch Brite. Vetrina Calda, tecnologica bella e funzionale, con alzata in vetri temperati ed umidificatore. Tutta la linea delle nostre vetrine che va a costituire i banchetti caldi \u00e8 realizzata in vetro temprato che fornisce ai nostri prodotti una resistenza alla rottura di 6-7 [&#8230;]","protected":false},"featured_media":119865,"comment_status":"closed","ping_status":"closed","template":"","meta":{"_monsterinsights_skip_tracking":false,"_monsterinsights_sitenote_active":false,"_monsterinsights_sitenote_note":"","_monsterinsights_sitenote_category":0},"product_brand":[],"product_cat":[255,28],"product_tag":[],"class_list":{"0":"post-4245","1":"product","2":"type-product","3":"status-publish","4":"has-post-thumbnail","6":"product_cat-calde","7":"product_cat-vetrine","8":"product_shipping_class-l","10":"first","11":"instock","12":"taxable","13":"shipping-taxable","14":"purchasable","15":"product-type-simple"},"_links":{"self":[{"href":"https:\/\/www.creaearredanegozi.it\/de\/wp-json\/wp\/v2\/product\/4245","targetHints":{"allow":["GET"]}}],"collection":[{"href":"https:\/\/www.creaearredanegozi.it\/de\/wp-json\/wp\/v2\/product"}],"about":[{"href":"https:\/\/www.creaearredanegozi.it\/de\/wp-json\/wp\/v2\/types\/product"}],"replies":[{"embeddable":true,"href":"https:\/\/www.creaearredanegozi.it\/de\/wp-json\/wp\/v2\/comments?post=4245"}],"wp:featuredmedia":[{"embeddable":true,"href":"https:\/\/www.creaearredanegozi.it\/de\/wp-json\/wp\/v2\/media\/119865"}],"wp:attachment":[{"href":"https:\/\/www.creaearredanegozi.it\/de\/wp-json\/wp\/v2\/media?parent=4245"}],"wp:term":[{"taxonomy":"product_brand","embeddable":true,"href":"https:\/\/www.creaearredanegozi.it\/de\/wp-json\/wp\/v2\/product_brand?post=4245"},{"taxonomy":"product_cat","embeddable":true,"href":"https:\/\/www.creaearredanegozi.it\/de\/wp-json\/wp\/v2\/product_cat?post=4245"},{"taxonomy":"product_tag","embeddable":true,"href":"https:\/\/www.creaearredanegozi.it\/de\/wp-json\/wp\/v2\/product_tag?post=4245"}],"curies":[{"name":"wp","href":"https:\/\/api.w.org\/{rel}","templated":true}]}}