{"id":44461,"date":"2020-05-13T10:34:11","date_gmt":"2020-05-13T08:34:11","guid":{"rendered":"https:\/\/www.creaearredanegozi.it\/?post_type=product&#038;p=44461"},"modified":"2026-03-23T17:22:02","modified_gmt":"2026-03-23T16:22:02","slug":"gekuhlte-getrankevitrine-stehend-2-8c-fassungsvermogen-390-lt-schwarz","status":"publish","type":"product","link":"https:\/\/www.creaearredanegozi.it\/de\/gekuhlte-getrankevitrine-stehend-2-8c-fassungsvermogen-390-lt-schwarz\/","title":{"rendered":"K\u00fchlvitrine, stehend, Getr\u00e4nke Inhalt 370 Liter Schwarz"},"content":{"rendered":"<h2 style=\"text-align: center;\">Gek\u00fchlte aufrechte Getr\u00e4nkevitrine<\/h2>\n<table style=\"width: 100%;\" class=\"mtr-one-row-table mtr-tr-td\">\n<tbody>\n<tr>\n<td style=\"text-align: center;\" class=\"mtr-td-tag\"><img decoding=\"async\" src=\"https:\/\/ucinque.it\/wp-content\/themes\/ne-5\/assets\/vectors\/33.svg\" width=\"100px\" alt=\"\" title=\"\"><label>400 x 33cl<\/label><\/td>\n<td style=\"text-align: center;\" class=\"mtr-td-tag\"><img decoding=\"async\" src=\"https:\/\/ucinque.it\/wp-content\/themes\/ne-5\/assets\/vectors\/66.svg\" width=\"100px\" alt=\"\" title=\"\"><label>245 x 66cl<\/label><\/td>\n<td style=\"text-align: center;\" class=\"mtr-td-tag\"><img decoding=\"async\" src=\"https:\/\/ucinque.it\/wp-content\/themes\/ne-5\/assets\/vectors\/150.svg\" width=\"100px\" alt=\"\" title=\"\"><label>150 x 1,5l<\/label><\/td>\n<\/tr>\n<\/tbody>\n<\/table>\n<p>Klassischer Getr\u00e4nkeschrank 390 Liter, ohne Aufsatz. Farbe schwarz. EUREKA 400.2 BLACK verwendet Gase, die als umweltfreundlich gelten.<\/p>\n<table class=\"table table-striped\" style=\"width: 100%;\">\n<tbody>\n<tr>\n<td style=\"width: 50%;\">Temperatur Min<\/td>\n<td style=\"width: 50%;\">+2\u00b0C<\/td>\n<\/tr>\n<tr>\n<td>Max. Temperatur<\/td>\n<td>+8\u00b0C<\/td>\n<\/tr>\n<tr>\n<td>Breite<\/td>\n<td>595 mm<\/td>\n<\/tr>\n<tr>\n<td>Tiefe<\/td>\n<td>600 mm<\/td>\n<\/tr>\n<tr>\n<td>H\u00f6he<\/td>\n<td>1850 mm<\/td>\n<\/tr>\n<tr>\n<td>Sichtbarer Bereich<\/td>\n<td>0.7 m2<\/td>\n<\/tr>\n<tr>\n<td>Klima-Klasse<\/td>\n<td>4<\/td>\n<\/tr>\n<tr>\n<td>Energieverbrauch<\/td>\n<td>2,2 kWh\/24h<\/td>\n<\/tr>\n<tr>\n<td>Absorption<\/td>\n<td>220W<\/td>\n<\/tr>\n<tr>\n<td>K\u00e4ltetechnik<\/td>\n<td>Statisch mit R\u00fchrwerk<\/td>\n<\/tr>\n<tr>\n<td>Bruttokapazit\u00e4t<\/td>\n<td>373 Liter<\/td>\n<\/tr>\n<tr>\n<td>Netto-Kapazit\u00e4t<\/td>\n<td>358 l<\/td>\n<\/tr>\n<tr>\n<td>Entfrosten<\/td>\n<td>Handbuch<\/td>\n<\/tr>\n<tr>\n<td>Thermometer<\/td>\n<td>Mechaniker<\/td>\n<\/tr>\n<tr>\n<td>Gas<\/td>\n<td>R600a<\/td>\n<\/tr>\n<tr>\n<td>Beleuchtung<\/td>\n<td>LED-Licht mit Schalter<\/td>\n<\/tr>\n<tr>\n<td>Sicherheit<\/td>\n<td>Schloss mit Schl\u00fcssel<\/td>\n<\/tr>\n<tr>\n<td>Mobilit\u00e4t<\/td>\n<td>2 verstellbare F\u00fc\u00dfe + 2 R\u00e4der<\/td>\n<\/tr>\n<tr>\n<td>\u00c4u\u00dfere Farbe<\/td>\n<td>Schwarz<\/td>\n<\/tr>\n<tr>\n<td>Mitgeliefert<\/td>\n<td>5 Raster (505 x 350 mm)<\/td>\n<\/tr>\n<\/tbody>\n<\/table>","protected":false},"excerpt":{"rendered":"<p>Espositore Refrigerato bibite vetrina verticale 400 x 33cl 245 x 66cl 150 x 1.5l Classica frigo vetrina per bevande da 390 litri, senza top superiore. Colore nero. EUREKA 400.2 BLACK utilizza gas ritenuti non dannosi per l\u2019ambiente. Temperatura Min +2\u00b0C Temperatura Max +8\u00b0C Larghezza 595 mm Profondit\u00e0 600 mm Altezza 1850 mm Area visibile 0,7 [&#8230;]","protected":false},"featured_media":128824,"comment_status":"closed","ping_status":"closed","template":"","meta":{"_monsterinsights_skip_tracking":false,"_monsterinsights_sitenote_active":false,"_monsterinsights_sitenote_note":"","_monsterinsights_sitenote_category":0},"product_brand":[726],"product_cat":[256,28],"product_tag":[],"class_list":{"0":"post-44461","1":"product","2":"type-product","3":"status-publish","4":"has-post-thumbnail","6":"product_brand-u5","7":"product_cat-fredde","8":"product_cat-vetrine","9":"product_shipping_class-d","10":"pa_marca-u5","12":"first","13":"instock","14":"taxable","15":"shipping-taxable","16":"purchasable","17":"product-type-simple"},"_links":{"self":[{"href":"https:\/\/www.creaearredanegozi.it\/de\/wp-json\/wp\/v2\/product\/44461","targetHints":{"allow":["GET"]}}],"collection":[{"href":"https:\/\/www.creaearredanegozi.it\/de\/wp-json\/wp\/v2\/product"}],"about":[{"href":"https:\/\/www.creaearredanegozi.it\/de\/wp-json\/wp\/v2\/types\/product"}],"replies":[{"embeddable":true,"href":"https:\/\/www.creaearredanegozi.it\/de\/wp-json\/wp\/v2\/comments?post=44461"}],"wp:featuredmedia":[{"embeddable":true,"href":"https:\/\/www.creaearredanegozi.it\/de\/wp-json\/wp\/v2\/media\/128824"}],"wp:attachment":[{"href":"https:\/\/www.creaearredanegozi.it\/de\/wp-json\/wp\/v2\/media?parent=44461"}],"wp:term":[{"taxonomy":"product_brand","embeddable":true,"href":"https:\/\/www.creaearredanegozi.it\/de\/wp-json\/wp\/v2\/product_brand?post=44461"},{"taxonomy":"product_cat","embeddable":true,"href":"https:\/\/www.creaearredanegozi.it\/de\/wp-json\/wp\/v2\/product_cat?post=44461"},{"taxonomy":"product_tag","embeddable":true,"href":"https:\/\/www.creaearredanegozi.it\/de\/wp-json\/wp\/v2\/product_tag?post=44461"}],"curies":[{"name":"wp","href":"https:\/\/api.w.org\/{rel}","templated":true}]}}