{"id":4754,"date":"2015-09-02T18:14:21","date_gmt":"2015-09-02T16:14:21","guid":{"rendered":"https:\/\/www.creaearredanegozi.it\/shop\/attrezzature-per-pizzeria\/forno-elettrico-per-pizzeria-e-rosticceria-bicamera-per-2-pizze\/"},"modified":"2025-04-08T18:25:36","modified_gmt":"2025-04-08T16:25:36","slug":"elektrischer-pizza-und-grillofen-fur-2-pizzen","status":"publish","type":"product","link":"https:\/\/www.creaearredanegozi.it\/de\/elektrischer-pizza-und-grillofen-fur-2-pizzen\/","title":{"rendered":"Elektroofen f\u00fcr Pizzeria und Rotisserie mit zwei Kammern f\u00fcr 2 Pizzen"},"content":{"rendered":"<p><strong>Der SMALL line Elektroofen ideal f\u00fcr Pizzerien und Rotisseries<\/strong> ist aus rostfreiem Stahl gefertigt und hat einen Garraum aus aluminisiertem Blech.<\/p>\n<ul>\n<li>Die Backfl\u00e4che besteht aus feuerfestem Stein.<\/li>\n<li>Isolierung aus verdampfter Steinwolle.<\/li>\n<li>Gepanzerter Widerstand.<\/li>\n<li>Innenbeleuchtung .<\/li>\n<li>Spannungsversorgung: Volt 230 (Sonderspannungen auf Anfrage).<\/li>\n<\/ul>\n<hr \/>\n<p><strong>Technische Daten<\/strong><\/p>\n<table class=\"table table-striped\" width=\"100%\">\n<tbody>\n<tr>\n<td style=\"text-align: left;\" width=\"50%\">Modell<\/td>\n<td style=\"text-align: left;\" width=\"5%\">UM<\/td>\n<td style=\"text-align: left;\" width=\"45%\"><strong>Klein \/ G2<\/strong><\/td>\n<\/tr>\n<tr>\n<td style=\"text-align: left;\" width=\"149\">Innere Abmessungen<\/td>\n<td style=\"text-align: left;\" width=\"66\">[cm]<\/td>\n<td style=\"text-align: left;\" width=\"166\"><strong>41 x 36 x 11 (x 2)<\/strong><\/td>\n<\/tr>\n<tr>\n<td style=\"text-align: left;\" width=\"149\">\u00c4u\u00dfere Abmessungen<\/td>\n<td style=\"text-align: left;\" width=\"66\">[cm]<\/td>\n<td style=\"text-align: left;\" width=\"166\"><strong>55 X 43 X 43,5<\/strong><\/td>\n<\/tr>\n<tr>\n<td style=\"text-align: left;\" width=\"149\">Abmessungen der Verpackung<\/td>\n<td style=\"text-align: left;\" width=\"66\">[cm]<\/td>\n<td style=\"text-align: left;\" width=\"166\"><strong>60 X 50 X 46<\/strong><\/td>\n<\/tr>\n<tr>\n<td style=\"text-align: left;\" width=\"149\">Garkammern<\/td>\n<td style=\"text-align: left;\" width=\"66\">[n\u00b0]<\/td>\n<td style=\"text-align: left;\" width=\"166\"><strong>2<\/strong><\/td>\n<\/tr>\n<tr>\n<td style=\"text-align: left;\" width=\"149\">Strom<\/td>\n<td style=\"text-align: left;\" width=\"66\">[kW]<\/td>\n<td style=\"text-align: left;\" width=\"166\"><strong>3,2<\/strong><\/td>\n<\/tr>\n<tr>\n<td style=\"text-align: left;\" width=\"149\">Volt<\/td>\n<td width=\"66\"><\/td>\n<td style=\"text-align: left;\" width=\"166\"><strong>230<\/strong><\/td>\n<\/tr>\n<tr>\n<td style=\"text-align: left;\" width=\"149\">Temperatur<\/td>\n<td style=\"text-align: left;\" width=\"66\">[C\u00b0]<\/td>\n<td style=\"text-align: left;\" width=\"166\"><strong>0 \/ 350<\/strong><\/td>\n<\/tr>\n<tr>\n<td style=\"text-align: left;\" width=\"149\">Gewicht<\/td>\n<td style=\"text-align: left;\" width=\"66\">[KG]<\/td>\n<td style=\"text-align: left;\" width=\"166\"><strong>32<\/strong><\/td>\n<\/tr>\n<tr>\n<td style=\"text-align: left;\" colspan=\"2\" width=\"215\">Pizzen gesamt (\u00d8 33 cm)<\/td>\n<td style=\"text-align: left;\" width=\"166\"><strong>2<\/strong><\/td>\n<\/tr>\n<tr>\n<td style=\"text-align: left;\" colspan=\"2\">Pfannen insgesamt (30\u00d740 cm)<\/td>\n<td style=\"text-align: left;\"><strong>2<\/strong><\/td>\n<\/tr>\n<tr>\n<td style=\"text-align: left;\" width=\"149\">Code<\/td>\n<td width=\"66\"><\/td>\n<td style=\"text-align: left;\" width=\"166\"><strong>7020121002G<\/strong><\/td>\n<\/tr>\n<\/tbody>\n<\/table>","protected":false},"excerpt":{"rendered":"<p>Il forno elettrico linea SMALL ideale per pizzeria e rosticceria \u00e8 costruito in acciaio inox, con camera di cottura in lamiera alluminata. Piano di cottura in pietra refrattaria. Isolamento in lana di roccia evaporata. Resistenze corazzate. Illuminazione interna . Alimentazione: Volt 230 (a richiesta voltaggi speciali). Dati Tecnici Modello UM Small \/ G2 Dimensioni interne [&#8230;]","protected":false},"featured_media":4755,"comment_status":"open","ping_status":"closed","template":"","meta":{"_monsterinsights_skip_tracking":false,"_monsterinsights_sitenote_active":false,"_monsterinsights_sitenote_note":"","_monsterinsights_sitenote_category":0},"product_brand":[728],"product_cat":[46,111,78],"product_tag":[],"class_list":{"0":"post-4754","1":"product","2":"type-product","3":"status-publish","4":"has-post-thumbnail","6":"product_brand-resto-italia","7":"product_cat-attrezzature-per-pizzeria-attrezzi-pizzaiolo","8":"product_cat-elettrici","9":"product_cat-forni-elettrici","10":"product_shipping_class-32","11":"pa_marca-resto-italia","13":"first","14":"instock","15":"taxable","16":"shipping-taxable","17":"purchasable","18":"product-type-simple"},"_links":{"self":[{"href":"https:\/\/www.creaearredanegozi.it\/de\/wp-json\/wp\/v2\/product\/4754","targetHints":{"allow":["GET"]}}],"collection":[{"href":"https:\/\/www.creaearredanegozi.it\/de\/wp-json\/wp\/v2\/product"}],"about":[{"href":"https:\/\/www.creaearredanegozi.it\/de\/wp-json\/wp\/v2\/types\/product"}],"replies":[{"embeddable":true,"href":"https:\/\/www.creaearredanegozi.it\/de\/wp-json\/wp\/v2\/comments?post=4754"}],"wp:featuredmedia":[{"embeddable":true,"href":"https:\/\/www.creaearredanegozi.it\/de\/wp-json\/wp\/v2\/media\/4755"}],"wp:attachment":[{"href":"https:\/\/www.creaearredanegozi.it\/de\/wp-json\/wp\/v2\/media?parent=4754"}],"wp:term":[{"taxonomy":"product_brand","embeddable":true,"href":"https:\/\/www.creaearredanegozi.it\/de\/wp-json\/wp\/v2\/product_brand?post=4754"},{"taxonomy":"product_cat","embeddable":true,"href":"https:\/\/www.creaearredanegozi.it\/de\/wp-json\/wp\/v2\/product_cat?post=4754"},{"taxonomy":"product_tag","embeddable":true,"href":"https:\/\/www.creaearredanegozi.it\/de\/wp-json\/wp\/v2\/product_tag?post=4754"}],"curies":[{"name":"wp","href":"https:\/\/api.w.org\/{rel}","templated":true}]}}