{"id":4756,"date":"2015-09-02T18:24:41","date_gmt":"2015-09-02T16:24:41","guid":{"rendered":"https:\/\/www.creaearredanegozi.it\/shop\/attrezzature-per-pizzeria\/forno-elettrico-per-pizzeria-e-rosticceria-monocamera-per-4-pizze\/"},"modified":"2025-06-10T19:00:00","modified_gmt":"2025-06-10T17:00:00","slug":"forno-elettrico-ideale-per-bar-e-take-away-monocamera-per-2-pizze-o-1-teglia-60x40","status":"publish","type":"product","link":"https:\/\/www.creaearredanegozi.it\/de\/forno-elettrico-ideale-per-bar-e-take-away-monocamera-per-2-pizze-o-1-teglia-60x40\/","title":{"rendered":"Elektrobackofen ideal f\u00fcr Bars und Imbissbuden Einzelkammer f\u00fcr 2 Pizzen oder 1 Backblech 60\u00d740"},"content":{"rendered":"<div class=\"elementor-element elementor-element-c9a1cc9 elementor-widget elementor-widget-text-editor\" data-id=\"c9a1cc9\" data-element_type=\"widget\" data-widget_type=\"text-editor.default\">\n<div class=\"elementor-widget-container\">Der ideale Elektrobackofen f\u00fcr Bars und Imbissbuden<\/div>\n<\/div>\n<div class=\"elementor-element elementor-element-1b64655 elementor-widget elementor-widget-text-editor\" data-id=\"1b64655\" data-element_type=\"widget\" data-widget_type=\"text-editor.default\">\n<div class=\"elementor-widget-container\">Aus rostfreiem, vorlackiertem Blech mit einem aluminierten Garraum. Backfl\u00e4che aus feuerfestem Stein. Isolierung aus verdampfter Steinwolle. Gepanzerte Heizelemente. Innenbeleuchtung.<\/div>\n<\/div>\n<p>Das Highlight ist die Idee, die Bedienelemente unter der T\u00fcr zu platzieren, was zu einem kompakteren Backofen f\u00fchrt.<\/p>\n<ul>\n<li>La dimensione esterna 74x60x41 \u00e8 ideale per bar con spazi ridotti che vogliano servire una pizza professionale<\/li>\n<li>Max 2 pizze da 32cm \u00f8 o 1 teglia per camera<\/li>\n<li>Max. Arbeitstemperatur 400\u00b0.<\/li>\n<li>Stahlkonstruktion<\/li>\n<li>2 Termostati<\/li>\n<li>Alimentazione monofase<\/li>\n<\/ul>\n<hr \/>\n<p>&nbsp;<\/p>\n<table class=\"table table-striped\" width=\"100%\">\n<tbody>\n<tr>\n<td colspan=\"2\" width=\"66%\"><strong>Technische Daten<\/strong><\/td>\n<td width=\"34%\"><strong>Kube<\/strong><\/td>\n<\/tr>\n<tr>\n<td width=\"50%\">Innere Abmessungen<\/td>\n<td style=\"text-align: center;\" width=\"5%\">[cm]<\/td>\n<td width=\"45%\">61 x 52 x 11<\/td>\n<\/tr>\n<tr>\n<td width=\"176\">\u00c4u\u00dfere Abmessungen<\/td>\n<td style=\"text-align: center;\" width=\"85\">[cm]<\/td>\n<td width=\"101\">74 x 60\/71,5 x 41<\/td>\n<\/tr>\n<tr>\n<td width=\"176\">Abmessungen der Verpackung<\/td>\n<td style=\"text-align: center;\" width=\"85\">[cm]<\/td>\n<td width=\"101\">80 x 80 x 55<\/td>\n<\/tr>\n<tr>\n<td width=\"176\">Garkammern<\/td>\n<td style=\"text-align: center;\" width=\"85\">[n\u00b0]<\/td>\n<td width=\"101\">1<\/td>\n<\/tr>\n<tr>\n<td width=\"176\">Strom<\/td>\n<td style=\"text-align: center;\" width=\"85\">[kW]<\/td>\n<td width=\"101\">3,2<\/td>\n<\/tr>\n<tr>\n<td width=\"176\">Volt<\/td>\n<td style=\"text-align: center;\" width=\"85\">V<\/td>\n<td width=\"101\">230<\/td>\n<\/tr>\n<tr>\n<td width=\"176\">Temperatur<\/td>\n<td style=\"text-align: center;\" width=\"85\">[C\u00b0]<\/td>\n<td width=\"101\">50 \/ 500<\/td>\n<\/tr>\n<tr>\n<td width=\"176\">Gewicht<\/td>\n<td style=\"text-align: center;\" width=\"85\">[KG]<\/td>\n<td width=\"101\">46.5<\/td>\n<\/tr>\n<tr>\n<td width=\"176\">Pizzen gesamt (\u00d8 33 cm)<\/td>\n<td style=\"text-align: center;\" width=\"85\"><a href=\"https:\/\/www.creaearredanegozi.it\/wp-content\/uploads\/2015\/09\/2-pizze.jpg\"><img decoding=\"async\" class=\"alignnone size-full wp-image-127023\" src=\"https:\/\/www.creaearredanegozi.it\/wp-content\/uploads\/2015\/09\/2-pizze.jpg\" alt=\"\" width=\"31\" height=\"35\" title=\"\"><\/a><\/td>\n<td width=\"101\">2<\/td>\n<\/tr>\n<tr>\n<td width=\"176\">Anzahl der einsetzbaren Tabletts<\/td>\n<td style=\"text-align: center;\" width=\"85\">[60X40cm].<\/td>\n<td width=\"101\">1<\/td>\n<\/tr>\n<tr>\n<td width=\"176\">Code<\/td>\n<td width=\"85\"><\/td>\n<td width=\"101\">7020121001<\/td>\n<\/tr>\n<\/tbody>\n<\/table>\n<p><a href=\"https:\/\/www.creaearredanegozi.it\/wp-content\/uploads\/2015\/09\/Manifest_Kube.jpg\"><img decoding=\"async\" class=\"size-medium wp-image-127025 aligncenter\" style=\"max-width: 636px;\" src=\"https:\/\/www.creaearredanegozi.it\/wp-content\/uploads\/2015\/09\/Manifest_Kube-636x400.jpg\" alt=\"\" width=\"100%\" height=\"auto\" title=\"\" srcset=\"https:\/\/www.creaearredanegozi.it\/wp-content\/uploads\/2015\/09\/Manifest_Kube-636x400.jpg 636w, https:\/\/www.creaearredanegozi.it\/wp-content\/uploads\/2015\/09\/Manifest_Kube-516x324.jpg 516w, https:\/\/www.creaearredanegozi.it\/wp-content\/uploads\/2015\/09\/Manifest_Kube-64x40.jpg 64w, https:\/\/www.creaearredanegozi.it\/wp-content\/uploads\/2015\/09\/Manifest_Kube-768x483.jpg 768w, https:\/\/www.creaearredanegozi.it\/wp-content\/uploads\/2015\/09\/Manifest_Kube.jpg 1042w\" sizes=\"(max-width: 636px) 100vw, 636px\" \/><\/a><\/p>","protected":false},"excerpt":{"rendered":"<p>Il forno elettrico ideale per bar e take away Costruito in acciaio inox, lamiera preverniciata con camera di cottura in lamiera alluminata. Piano di cottura in pietra refrattaria. Isolamento in lana di roccia evaporata. Resistenze corazzate. Illuminazione interna. Il punto forte \u00e8 l\u2019idea di porre i comandi sotto lo sportello, ottenendo un forno pi\u00f9 compatto. [&#8230;]","protected":false},"featured_media":127024,"comment_status":"open","ping_status":"closed","template":"","meta":{"_monsterinsights_skip_tracking":false,"_monsterinsights_sitenote_active":false,"_monsterinsights_sitenote_note":"","_monsterinsights_sitenote_category":0},"product_brand":[728],"product_cat":[46,111,78],"product_tag":[],"class_list":{"0":"post-4756","1":"product","2":"type-product","3":"status-publish","4":"has-post-thumbnail","6":"product_brand-resto-italia","7":"product_cat-attrezzature-per-pizzeria-attrezzi-pizzaiolo","8":"product_cat-elettrici","9":"product_cat-forni-elettrici","10":"pa_marca-resto-italia","12":"first","13":"instock","14":"taxable","15":"shipping-taxable","16":"purchasable","17":"product-type-simple"},"_links":{"self":[{"href":"https:\/\/www.creaearredanegozi.it\/de\/wp-json\/wp\/v2\/product\/4756","targetHints":{"allow":["GET"]}}],"collection":[{"href":"https:\/\/www.creaearredanegozi.it\/de\/wp-json\/wp\/v2\/product"}],"about":[{"href":"https:\/\/www.creaearredanegozi.it\/de\/wp-json\/wp\/v2\/types\/product"}],"replies":[{"embeddable":true,"href":"https:\/\/www.creaearredanegozi.it\/de\/wp-json\/wp\/v2\/comments?post=4756"}],"wp:featuredmedia":[{"embeddable":true,"href":"https:\/\/www.creaearredanegozi.it\/de\/wp-json\/wp\/v2\/media\/127024"}],"wp:attachment":[{"href":"https:\/\/www.creaearredanegozi.it\/de\/wp-json\/wp\/v2\/media?parent=4756"}],"wp:term":[{"taxonomy":"product_brand","embeddable":true,"href":"https:\/\/www.creaearredanegozi.it\/de\/wp-json\/wp\/v2\/product_brand?post=4756"},{"taxonomy":"product_cat","embeddable":true,"href":"https:\/\/www.creaearredanegozi.it\/de\/wp-json\/wp\/v2\/product_cat?post=4756"},{"taxonomy":"product_tag","embeddable":true,"href":"https:\/\/www.creaearredanegozi.it\/de\/wp-json\/wp\/v2\/product_tag?post=4756"}],"curies":[{"name":"wp","href":"https:\/\/api.w.org\/{rel}","templated":true}]}}