{"id":4760,"date":"2015-09-02T19:01:23","date_gmt":"2015-09-02T17:01:23","guid":{"rendered":"https:\/\/www.creaearredanegozi.it\/shop\/attrezzature-per-pizzeria\/forno-elettrico-per-pizzeria-e-rosticceria-monocamera-per-6-pizze\/"},"modified":"2024-03-01T14:22:25","modified_gmt":"2024-03-01T13:22:25","slug":"elektrischer-pizza-und-grillofen-fur-4-pizzen-oder-2-backbleche-60x40-kube-2","status":"publish","type":"product","link":"https:\/\/www.creaearredanegozi.it\/de\/elektrischer-pizza-und-grillofen-fur-4-pizzen-oder-2-backbleche-60x40-kube-2\/","title":{"rendered":"Elektrischer Pizza- und Br\u00e4terofen f\u00fcr 4 Pizzen oder 2 Backbleche 60\u00d740 Kube 2"},"content":{"rendered":"<div class=\"elementor-element elementor-element-c9a1cc9 elementor-widget elementor-widget-text-editor\" data-id=\"c9a1cc9\" data-element_type=\"widget\" data-widget_type=\"text-editor.default\">\n<div class=\"elementor-widget-container\">Der ideale Elektrobackofen f\u00fcr Bars und Imbissbuden<\/div>\n<\/div>\n<div class=\"elementor-element elementor-element-1b64655 elementor-widget elementor-widget-text-editor\" data-id=\"1b64655\" data-element_type=\"widget\" data-widget_type=\"text-editor.default\">\n<div class=\"elementor-widget-container\">Aus rostfreiem, vorlackiertem Blech mit einem aluminierten Garraum. Backfl\u00e4che aus feuerfestem Stein. Isolierung aus verdampfter Steinwolle. Gepanzerte Heizelemente. Innenbeleuchtung.<\/div>\n<\/div>\n<p>Das Highlight ist die Idee, die Bedienelemente unter der T\u00fcr zu platzieren, was zu einem kompakteren Backofen f\u00fchrt.<\/p>\n<ul>\n<li>Das Au\u00dfenma\u00df 74x60x60 ist ideal f\u00fcr Bars mit begrenztem Platzangebot, die eine professionelle Pizza servieren m\u00f6chten.<\/li>\n<li>Max. 2 Pizzen 36cm \u00f8 oder 1 Backblech pro Raum<\/li>\n<li>Max. Arbeitstemperatur 400\u00b0.<\/li>\n<li>Stahlkonstruktion<\/li>\n<li>3 Thermostate<\/li>\n<li>Dreiphasen-Stromversorgung<\/li>\n<li>3 Heizelemente (die Steuereinheit funktioniert f\u00fcr beide Kammern und ist so konzipiert, dass in einer Kammer gekocht und in der anderen geheizt wird)<\/li>\n<\/ul>\n<hr \/>\n<p>&nbsp;<\/p>\n<table class=\"table table-striped\" width=\"100%\">\n<tbody>\n<tr>\n<td colspan=\"2\" width=\"66%\"><strong>Technische Daten<\/strong><\/td>\n<td width=\"34%\"><strong>Kube 2<\/strong><\/td>\n<\/tr>\n<tr>\n<td width=\"50%\">Innere Abmessungen<\/td>\n<td style=\"text-align: center;\" width=\"5%\">[cm]<\/td>\n<td width=\"45%\">61 x 52 x 11 (x2)<\/td>\n<\/tr>\n<tr>\n<td width=\"176\">\u00c4u\u00dfere Abmessungen<\/td>\n<td style=\"text-align: center;\" width=\"85\">[cm]<\/td>\n<td width=\"101\">74 x 60\/71,5 x 60<\/td>\n<\/tr>\n<tr>\n<td width=\"176\">Abmessungen der Verpackung<\/td>\n<td style=\"text-align: center;\" width=\"85\">[cm]<\/td>\n<td width=\"101\">80 x 80 x 74<\/td>\n<\/tr>\n<tr>\n<td width=\"176\">Garkammern<\/td>\n<td style=\"text-align: center;\" width=\"85\">[n\u00b0]<\/td>\n<td width=\"101\">2<\/td>\n<\/tr>\n<tr>\n<td>Resistenzen<\/td>\n<td style=\"text-align: center;\">[N\u00b0]<\/td>\n<td>3<\/td>\n<\/tr>\n<tr>\n<td width=\"176\">Strom<\/td>\n<td style=\"text-align: center;\" width=\"85\">[kW]<\/td>\n<td width=\"101\">4.8<\/td>\n<\/tr>\n<tr>\n<td width=\"176\">Volt<\/td>\n<td style=\"text-align: center;\" width=\"85\">V<\/td>\n<td width=\"101\">400<\/td>\n<\/tr>\n<tr>\n<td width=\"176\">Temperatur<\/td>\n<td style=\"text-align: center;\" width=\"85\">[C\u00b0]<\/td>\n<td width=\"101\">50 \/ 500<\/td>\n<\/tr>\n<tr>\n<td width=\"176\">Gewicht<\/td>\n<td style=\"text-align: center;\" width=\"85\">[KG]<\/td>\n<td width=\"101\">66.5<\/td>\n<\/tr>\n<tr>\n<td width=\"176\">Pizzen gesamt (\u00d8 36 cm)<\/td>\n<td style=\"text-align: center;\" width=\"85\"><a href=\"https:\/\/www.creaearredanegozi.it\/wp-content\/uploads\/2015\/09\/2-pizze.jpg\"><img decoding=\"async\" class=\"alignnone size-full wp-image-127023\" src=\"https:\/\/www.creaearredanegozi.it\/wp-content\/uploads\/2015\/09\/2-pizze.jpg\" alt=\"\" width=\"31\" height=\"35\" title=\"\"><\/a><a href=\"https:\/\/www.creaearredanegozi.it\/wp-content\/uploads\/2015\/09\/2-pizze.jpg\"><img decoding=\"async\" class=\"alignnone size-full wp-image-127023\" src=\"https:\/\/www.creaearredanegozi.it\/wp-content\/uploads\/2015\/09\/2-pizze.jpg\" alt=\"\" width=\"31\" height=\"35\" title=\"\"><\/a><\/td>\n<td width=\"101\">2+2<\/td>\n<\/tr>\n<tr>\n<td width=\"176\">Anzahl der einsetzbaren Tabletts<\/td>\n<td style=\"text-align: center;\" width=\"85\">[60X40cm].<\/td>\n<td width=\"101\">1+1<\/td>\n<\/tr>\n<tr>\n<td width=\"176\">Code<\/td>\n<td width=\"85\"><\/td>\n<td width=\"101\">7020121002<\/td>\n<\/tr>\n<\/tbody>\n<\/table>\n<p><a href=\"https:\/\/www.creaearredanegozi.it\/wp-content\/uploads\/2015\/09\/Manifest_Kube.jpg\"><img decoding=\"async\" class=\"size-medium wp-image-127025 aligncenter\" style=\"max-width: 636px;\" src=\"https:\/\/www.creaearredanegozi.it\/wp-content\/uploads\/2015\/09\/Manifest_Kube-636x400.jpg\" alt=\"\" width=\"100%\" height=\"auto\" title=\"\" srcset=\"https:\/\/www.creaearredanegozi.it\/wp-content\/uploads\/2015\/09\/Manifest_Kube-636x400.jpg 636w, https:\/\/www.creaearredanegozi.it\/wp-content\/uploads\/2015\/09\/Manifest_Kube-516x324.jpg 516w, https:\/\/www.creaearredanegozi.it\/wp-content\/uploads\/2015\/09\/Manifest_Kube-64x40.jpg 64w, https:\/\/www.creaearredanegozi.it\/wp-content\/uploads\/2015\/09\/Manifest_Kube-768x483.jpg 768w, https:\/\/www.creaearredanegozi.it\/wp-content\/uploads\/2015\/09\/Manifest_Kube.jpg 1042w\" sizes=\"(max-width: 636px) 100vw, 636px\" \/><\/a><\/p>","protected":false},"excerpt":{"rendered":"<p>Il forno elettrico ideale per bar e take away Costruito in acciaio inox, lamiera preverniciata con camera di cottura in lamiera alluminata. Piano di cottura in pietra refrattaria. Isolamento in lana di roccia evaporata. Resistenze corazzate. Illuminazione interna. Il punto forte \u00e8 l\u2019idea di porre i comandi sotto lo sportello, ottenendo un forno pi\u00f9 compatto. [&#8230;]","protected":false},"featured_media":127051,"comment_status":"open","ping_status":"closed","template":"","meta":{"_monsterinsights_skip_tracking":false,"_monsterinsights_sitenote_active":false,"_monsterinsights_sitenote_note":"","_monsterinsights_sitenote_category":0},"product_brand":[728],"product_cat":[78,46,111,16,64,662,10,760],"product_tag":[],"class_list":{"0":"post-4760","1":"product","2":"type-product","3":"status-publish","4":"has-post-thumbnail","6":"product_brand-resto-italia","7":"product_cat-forni-elettrici","8":"product_cat-attrezzature-per-pizzeria-attrezzi-pizzaiolo","9":"product_cat-elettrici","10":"product_cat-forni","11":"product_cat-forni-attrezzature-bar","12":"product_cat-forni-cottura","13":"product_cat-attrezzature-bar","14":"product_cat-pizzeria","15":"product_shipping_class-i","16":"pa_marca-resto-italia","18":"first","19":"instock","20":"taxable","21":"shipping-taxable","22":"purchasable","23":"product-type-simple"},"_links":{"self":[{"href":"https:\/\/www.creaearredanegozi.it\/de\/wp-json\/wp\/v2\/product\/4760","targetHints":{"allow":["GET"]}}],"collection":[{"href":"https:\/\/www.creaearredanegozi.it\/de\/wp-json\/wp\/v2\/product"}],"about":[{"href":"https:\/\/www.creaearredanegozi.it\/de\/wp-json\/wp\/v2\/types\/product"}],"replies":[{"embeddable":true,"href":"https:\/\/www.creaearredanegozi.it\/de\/wp-json\/wp\/v2\/comments?post=4760"}],"wp:featuredmedia":[{"embeddable":true,"href":"https:\/\/www.creaearredanegozi.it\/de\/wp-json\/wp\/v2\/media\/127051"}],"wp:attachment":[{"href":"https:\/\/www.creaearredanegozi.it\/de\/wp-json\/wp\/v2\/media?parent=4760"}],"wp:term":[{"taxonomy":"product_brand","embeddable":true,"href":"https:\/\/www.creaearredanegozi.it\/de\/wp-json\/wp\/v2\/product_brand?post=4760"},{"taxonomy":"product_cat","embeddable":true,"href":"https:\/\/www.creaearredanegozi.it\/de\/wp-json\/wp\/v2\/product_cat?post=4760"},{"taxonomy":"product_tag","embeddable":true,"href":"https:\/\/www.creaearredanegozi.it\/de\/wp-json\/wp\/v2\/product_tag?post=4760"}],"curies":[{"name":"wp","href":"https:\/\/api.w.org\/{rel}","templated":true}]}}