{"id":5009,"date":"2023-03-20T19:52:30","date_gmt":"2023-03-20T18:52:30","guid":{"rendered":"https:\/\/www.creaearredanegozi.it\/?post_type=product&#038;p=5009"},"modified":"2025-01-27T17:57:57","modified_gmt":"2025-01-27T16:57:57","slug":"einkaufswagen-45-l-hohe-schulter","status":"publish","type":"product","link":"https:\/\/www.creaearredanegozi.it\/de\/einkaufswagen-45-l-hohe-schulter\/","title":{"rendered":"Einkaufswagen 45 Lt hohe Schulter"},"content":{"rendered":"<p><strong>Hochschulter-Einkaufswagen<\/strong><\/p>\n<ul>\n<li>Stapelbar: bis zu 10 St\u00fcck, Gesamth\u00f6he 1600 mm<\/li>\n<li>Einteilige Konstruktion mit integriertem, schlagfestem Polypropylen-Griff: Bietet h\u00f6here Festigkeit und Haltbarkeit.<\/li>\n<li>Vermeidet Probleme mit eingeklemmten Griffen.<\/li>\n<li>100% ist recycelbar - sein Design macht das Recycling so einfach wie m\u00f6glich<\/li>\n<li>Fassungsverm\u00f6gen: 45 Liter, d.h. 20% mehr als herk\u00f6mmliche Wagen<\/li>\n<li>Mobilit\u00e4t: Abschleppen und Schieben, 3-Rad-LKW.\n<ul>\n<li>Doppel-Vorderrad und 2 feste Hinterr\u00e4der \u00d8 63 mm auf verzinkter Stahlachse \u00d8 8 mm<\/li>\n<\/ul>\n<\/li>\n<\/ul>\n<p>Erh\u00e4ltlich in verschiedenen Farben<\/p>\n<p>Mindestabnahme 10 Wagen<\/p>\n<p>&nbsp;<\/p>\n<p><img decoding=\"async\" class=\"alignnone size-full wp-image-5613 aligncenter\" src=\"https:\/\/www.creaearredanegozi.it\/wp-content\/uploads\/2015\/10\/cestelli-per-spesa-trolley-accatastati.jpg\" alt=\"\" width=\"209\" height=\"580\" title=\"\" srcset=\"https:\/\/www.creaearredanegozi.it\/wp-content\/uploads\/2015\/10\/cestelli-per-spesa-trolley-accatastati.jpg 209w, https:\/\/www.creaearredanegozi.it\/wp-content\/uploads\/2015\/10\/cestelli-per-spesa-trolley-accatastati-64x178.jpg 64w, https:\/\/www.creaearredanegozi.it\/wp-content\/uploads\/2015\/10\/cestelli-per-spesa-trolley-accatastati-180x500.jpg 180w\" sizes=\"(max-width: 209px) 100vw, 209px\" \/><\/p>","protected":false},"excerpt":{"rendered":"<p>Carrello Trolley spesa a spalla alta Impilabile: Fino a 10 pezzi, altezza totale 1600 mm Struttura monoscocca con manico integrato in polipropilene antiurto: Garantisce maggior robustezza e durata. Evita problemi di manici incastrati. 100% riciclabile &#8211; il suo progetto agevola al massimo le operazioni di riciclaggio Capienza: 45 litri, vale a dire il 20% di [&#8230;]","protected":false},"featured_media":118607,"comment_status":"closed","ping_status":"closed","template":"","meta":{"_monsterinsights_skip_tracking":false,"_monsterinsights_sitenote_active":false,"_monsterinsights_sitenote_note":"","_monsterinsights_sitenote_category":0},"product_brand":[772],"product_cat":[29,103],"product_tag":[],"class_list":{"0":"post-5009","1":"product","2":"type-product","3":"status-publish","4":"has-post-thumbnail","6":"product_brand-crea-e-arreda-negozi","7":"product_cat-cesteria-e-carrelli","8":"product_cat-carrellicestelli","9":"product_shipping_class-614","11":"first","12":"instock","13":"taxable","14":"shipping-taxable","15":"purchasable","16":"product-type-variable"},"_links":{"self":[{"href":"https:\/\/www.creaearredanegozi.it\/de\/wp-json\/wp\/v2\/product\/5009","targetHints":{"allow":["GET"]}}],"collection":[{"href":"https:\/\/www.creaearredanegozi.it\/de\/wp-json\/wp\/v2\/product"}],"about":[{"href":"https:\/\/www.creaearredanegozi.it\/de\/wp-json\/wp\/v2\/types\/product"}],"replies":[{"embeddable":true,"href":"https:\/\/www.creaearredanegozi.it\/de\/wp-json\/wp\/v2\/comments?post=5009"}],"wp:featuredmedia":[{"embeddable":true,"href":"https:\/\/www.creaearredanegozi.it\/de\/wp-json\/wp\/v2\/media\/118607"}],"wp:attachment":[{"href":"https:\/\/www.creaearredanegozi.it\/de\/wp-json\/wp\/v2\/media?parent=5009"}],"wp:term":[{"taxonomy":"product_brand","embeddable":true,"href":"https:\/\/www.creaearredanegozi.it\/de\/wp-json\/wp\/v2\/product_brand?post=5009"},{"taxonomy":"product_cat","embeddable":true,"href":"https:\/\/www.creaearredanegozi.it\/de\/wp-json\/wp\/v2\/product_cat?post=5009"},{"taxonomy":"product_tag","embeddable":true,"href":"https:\/\/www.creaearredanegozi.it\/de\/wp-json\/wp\/v2\/product_tag?post=5009"}],"curies":[{"name":"wp","href":"https:\/\/api.w.org\/{rel}","templated":true}]}}